{"id":2237,"date":"2020-05-21T18:47:44","date_gmt":"2020-05-21T21:47:44","guid":{"rendered":"http:\/\/institutos.ufrrj.br\/iv\/?page_id=2237"},"modified":"2021-09-21T13:20:14","modified_gmt":"2021-09-21T16:20:14","slug":"quadro-tecnico","status":"publish","type":"page","link":"https:\/\/institutos.ufrrj.br\/iv\/departamentos\/dpa\/quadro-tecnico\/","title":{"rendered":"Quadro t\u00e9cnico"},"content":{"rendered":"<p>&nbsp;<\/p>\n<table style=\"height: 1244px\" width=\"642\">\n<tbody>\n<tr>\n<td colspan=\"3\" width=\"1042\"><strong>SERVIDORES T\u00c9CNICOS ADMINISTRATIVOS DO DPA<\/strong><\/td>\n<\/tr>\n<tr>\n<td width=\"206\"><strong>SERVIDOR<\/strong><\/td>\n<td width=\"268\"><strong>CARGO<\/strong><\/td>\n<td width=\"567\"><strong>LOCAL DE TRABALHO<\/strong><\/td>\n<\/tr>\n<tr>\n<td width=\"206\">Adonis Rodrigues de Lima<\/td>\n<td width=\"268\">T\u00e9cnico de Laborat\u00f3rio<\/td>\n<td width=\"567\">Laborat\u00f3rio de Controle Microbiano de Artr\u00f3podes \u2013<\/p>\n<p>Esta\u00e7\u00e3o Experimental para Pesquisas Parasitol\u00f3gicas W. O. Neitz<\/td>\n<\/tr>\n<tr>\n<td width=\"206\">Arthur Santiago Junior<\/td>\n<td width=\"268\">Assistente em Administra\u00e7\u00e3o<\/td>\n<td width=\"567\">Secretaria do Programa de P\u00f3s Gradua\u00e7\u00e3o em Medicina Veterin\u00e1ria<\/td>\n<\/tr>\n<tr>\n<td width=\"206\">Fabr\u00edcio Carlos do Amaral<\/td>\n<td width=\"268\">T\u00e9cnico em Agropecu\u00e1ria<\/td>\n<td width=\"567\">Esta\u00e7\u00e3o Experimental para Pesquisas Parasitol\u00f3gicas W. O. Neitz<\/td>\n<\/tr>\n<tr>\n<td width=\"206\">Gilmar Monteiro<\/td>\n<td width=\"268\">Auxiliar de Laborat\u00f3rio<\/td>\n<td width=\"567\">Esta\u00e7\u00e3o Experimental para Pesquisas Parasitol\u00f3gicas W. O. Neitz<\/td>\n<\/tr>\n<tr>\n<td width=\"206\">Ivan Serafim da Silva<\/td>\n<td width=\"268\">T\u00e9cnico de Laborat\u00f3rio<\/td>\n<td width=\"567\">Laborat\u00f3rio De Parasitologia \u2013<\/p>\n<p>Anexo I do Instituto de Veterin\u00e1ria<\/td>\n<\/tr>\n<tr>\n<td width=\"206\">Jorge da Silva Fernandes<\/td>\n<td width=\"268\">Auxiliar de Agropecu\u00e1ria<\/td>\n<td width=\"567\">Esta\u00e7\u00e3o Experimental para Pesquisas Parasitol\u00f3gicas W. O. Neitz<\/td>\n<\/tr>\n<tr>\n<td width=\"206\">Jose Claudio Satler de Andrade<\/td>\n<td width=\"268\">T\u00e9cnico em Agropecu\u00e1ria<\/td>\n<td width=\"567\">Laborat\u00f3rio de Quimioterapia Experimental em Parasitologia Veterin\u00e1ria (LQEPV) \u2013 Curral De Apreens\u00e3o<\/td>\n<\/tr>\n<tr>\n<td width=\"206\">Jose Mauricio Mattos de Souza<\/td>\n<td width=\"268\">Auxiliar de Laborat\u00f3rio<\/td>\n<td width=\"567\">Laborat\u00f3rio de Parasitologia \u2013<\/p>\n<p>Anexo I do Instituto De Veterin\u00e1ria<\/td>\n<\/tr>\n<tr>\n<td width=\"206\">Samuel da Silva Teixeira<\/td>\n<td width=\"268\">Operador de Maq Agricolas<\/td>\n<td width=\"567\">Esta\u00e7\u00e3o Experimental para Pesquisas Parasitol\u00f3gicas W. O. Neitz<\/td>\n<\/tr>\n<tr>\n<td width=\"206\">Tassia Torres Furtado<\/td>\n<td width=\"268\">T\u00e9cnico de Laborat\u00f3rio<\/td>\n<td width=\"567\">Laborat\u00f3rio Multiusu\u00e1rio de Biologia Molecular (Biomol)\u2013<\/p>\n<p>Anexo I do Instituto De Veterin\u00e1ria<\/td>\n<\/tr>\n<tr>\n<td width=\"206\">Thais Paes Ferreira<\/td>\n<td width=\"268\">T\u00e9cnico de Laborat\u00f3rio<\/td>\n<td width=\"567\">Laborat\u00f3rio de Quimioterapia Experimental em Parasitologia Veterin\u00e1ria (LQEPV) \u2013 Anexo I do Instituto De Veterin\u00e1ria<\/td>\n<\/tr>\n<tr>\n<td width=\"206\">Vanessa Andre Amaral<\/td>\n<td width=\"268\">Assistente em Administra\u00e7\u00e3o<\/td>\n<td width=\"567\">Secretaria do Departamento De Parasitologia Animal<\/td>\n<\/tr>\n<tr>\n<td width=\"206\">Viviane de Souza Magalhaes<\/td>\n<td width=\"268\">Farmac\u00eautico<\/td>\n<td width=\"567\">Laborat\u00f3rio de Quimioterapia Experimental em Parasitologia Veterin\u00e1ria (LQEPV) \u2013 Anexo I do Instituto De Veterin\u00e1ria<\/td>\n<\/tr>\n<tr>\n<td width=\"206\">Walter Leira Teixeira Filho<\/td>\n<td width=\"268\">T\u00e9cnico de Laborat\u00f3rio<\/td>\n<td width=\"567\">Laborat\u00f3rio de Coccidios e Coccidioses (LCC) \u2013<\/p>\n<p>Anexo I do Instituto De Veterin\u00e1ria<\/td>\n<\/tr>\n<tr>\n<td width=\"206\">Walter Flausino<\/td>\n<td width=\"268\">T\u00e9cnico de Laborat\u00f3rio<\/td>\n<td width=\"567\">Esta\u00e7\u00e3o Experimental para Pesquisas Parasitol\u00f3gicas W. O. Neitz<\/td>\n<\/tr>\n<\/tbody>\n<\/table>\n<p>&nbsp;<\/p>\n","protected":false},"excerpt":{"rendered":"<p>&nbsp; SERVIDORES T\u00c9CNICOS ADMINISTRATIVOS DO DPA SERVIDOR CARGO LOCAL DE TRABALHO Adonis Rodrigues de Lima T\u00e9cnico de Laborat\u00f3rio Laborat\u00f3rio de <a class=\"read-more\" href=\"https:\/\/institutos.ufrrj.br\/iv\/departamentos\/dpa\/quadro-tecnico\/ \" >&#8230; <span class=\"font-italic\">leia mais <i class=\"fas fa-angle-right\"><\/i><\/span><\/a><\/p>\n","protected":false},"author":52,"featured_media":0,"parent":17,"menu_order":5,"comment_status":"closed","ping_status":"closed","template":"","meta":{"_themeisle_gutenberg_block_has_review":false,"footnotes":""},"class_list":["post-2237","page","type-page","status-publish","hentry"],"_links":{"self":[{"href":"https:\/\/institutos.ufrrj.br\/iv\/wp-json\/wp\/v2\/pages\/2237","targetHints":{"allow":["GET"]}}],"collection":[{"href":"https:\/\/institutos.ufrrj.br\/iv\/wp-json\/wp\/v2\/pages"}],"about":[{"href":"https:\/\/institutos.ufrrj.br\/iv\/wp-json\/wp\/v2\/types\/page"}],"author":[{"embeddable":true,"href":"https:\/\/institutos.ufrrj.br\/iv\/wp-json\/wp\/v2\/users\/52"}],"replies":[{"embeddable":true,"href":"https:\/\/institutos.ufrrj.br\/iv\/wp-json\/wp\/v2\/comments?post=2237"}],"version-history":[{"count":4,"href":"https:\/\/institutos.ufrrj.br\/iv\/wp-json\/wp\/v2\/pages\/2237\/revisions"}],"predecessor-version":[{"id":2490,"href":"https:\/\/institutos.ufrrj.br\/iv\/wp-json\/wp\/v2\/pages\/2237\/revisions\/2490"}],"up":[{"embeddable":true,"href":"https:\/\/institutos.ufrrj.br\/iv\/wp-json\/wp\/v2\/pages\/17"}],"wp:attachment":[{"href":"https:\/\/institutos.ufrrj.br\/iv\/wp-json\/wp\/v2\/media?parent=2237"}],"curies":[{"name":"wp","href":"https:\/\/api.w.org\/{rel}","templated":true}]}}