{"id":2444,"date":"2021-05-06T11:44:45","date_gmt":"2021-05-06T14:44:45","guid":{"rendered":"http:\/\/institutos.ufrrj.br\/iv\/?page_id=2444"},"modified":"2025-03-25T15:04:41","modified_gmt":"2025-03-25T18:04:41","slug":"museu-tokarnia","status":"publish","type":"page","link":"https:\/\/institutos.ufrrj.br\/iv\/museu-tokarnia\/","title":{"rendered":"Cole\u00e7\u00f5es\/museu"},"content":{"rendered":"<p><strong>1) MUSEU TOKARNIA DESP\/IV<\/strong><\/p>\n<p>Acesse as informa\u00e7\u00f5es do Museu de Anatomia Patol\u00f3gica Carlos Tokarnia atrav\u00e9s de<\/p>\n<p><a href=\"https:\/\/institucional.ufrrj.br\/sap\/\">https:\/\/institucional.ufrrj.br\/sap<\/a><\/p>\n<div id=\"metaslider-id-2333\" style=\"max-width: 1200px;\" class=\"ml-slider-3-105-0 metaslider metaslider-flex metaslider-2333 ml-slider has-dots-nav ms-theme-default\" role=\"region\" aria-label=\"New Slideshow\" data-height=\"1000\" data-width=\"1200\">\n    <div id=\"metaslider_container_2333\">\n        <div id=\"metaslider_2333\">\n            <ul class='slides'>\n                <li style=\"display: block; width: 100%;\" class=\"slide-2623 ms-image \" aria-roledescription=\"slide\" data-date=\"2022-03-07 20:35:57\" data-filename=\"WhatsApp-Image-2022-03-07-at-19.52.55-1200x1000.jpeg\" data-slide-type=\"image\"><img loading=\"lazy\" decoding=\"async\" src=\"https:\/\/institutos.ufrrj.br\/iv\/wp-content\/uploads\/sites\/107\/2022\/03\/WhatsApp-Image-2022-03-07-at-19.52.55-1200x1000.jpeg\" height=\"1000\" width=\"1200\" alt=\"\" class=\"slider-2333 slide-2623 msDefaultImage\" title=\"WhatsApp Image 2022-03-07 at 19.52.55\" \/><\/li>\n                <li style=\"display: none; width: 100%;\" class=\"slide-2624 ms-image \" aria-roledescription=\"slide\" data-date=\"2022-03-07 20:35:57\" data-filename=\"WhatsApp-Image-2022-03-07-at-19.52.54-1200x1000.jpeg\" data-slide-type=\"image\"><img loading=\"lazy\" decoding=\"async\" src=\"https:\/\/institutos.ufrrj.br\/iv\/wp-content\/uploads\/sites\/107\/2022\/03\/WhatsApp-Image-2022-03-07-at-19.52.54-1200x1000.jpeg\" height=\"1000\" width=\"1200\" alt=\"\" class=\"slider-2333 slide-2624 msDefaultImage\" title=\"WhatsApp Image 2022-03-07 at 19.52.54\" \/><\/li>\n                <li style=\"display: none; width: 100%;\" class=\"slide-2625 ms-image \" aria-roledescription=\"slide\" data-date=\"2022-03-07 20:35:57\" data-filename=\"WhatsApp-Image-2022-03-07-at-19.52.51-1200x1000.jpeg\" data-slide-type=\"image\"><img loading=\"lazy\" decoding=\"async\" src=\"https:\/\/institutos.ufrrj.br\/iv\/wp-content\/uploads\/sites\/107\/2022\/03\/WhatsApp-Image-2022-03-07-at-19.52.51-1200x1000.jpeg\" height=\"1000\" width=\"1200\" alt=\"\" class=\"slider-2333 slide-2625 msDefaultImage\" title=\"WhatsApp Image 2022-03-07 at 19.52.51\" \/><\/li>\n                <li style=\"display: none; width: 100%;\" class=\"slide-2626 ms-image \" aria-roledescription=\"slide\" data-date=\"2022-03-07 20:35:57\" data-filename=\"WhatsApp-Image-2022-03-07-at-19.52.53-1200x1000.jpeg\" data-slide-type=\"image\"><img loading=\"lazy\" decoding=\"async\" src=\"https:\/\/institutos.ufrrj.br\/iv\/wp-content\/uploads\/sites\/107\/2022\/03\/WhatsApp-Image-2022-03-07-at-19.52.53-1200x1000.jpeg\" height=\"1000\" width=\"1200\" alt=\"\" class=\"slider-2333 slide-2626 msDefaultImage\" title=\"WhatsApp Image 2022-03-07 at 19.52.53\" \/><\/li>\n                <li style=\"display: none; width: 100%;\" class=\"slide-2627 ms-image \" aria-roledescription=\"slide\" data-date=\"2022-03-07 20:35:57\" data-filename=\"WhatsApp-Image-2022-03-07-at-19.52.50-1200x1000.jpeg\" data-slide-type=\"image\"><img loading=\"lazy\" decoding=\"async\" src=\"https:\/\/institutos.ufrrj.br\/iv\/wp-content\/uploads\/sites\/107\/2022\/03\/WhatsApp-Image-2022-03-07-at-19.52.50-1200x1000.jpeg\" height=\"1000\" width=\"1200\" alt=\"\" class=\"slider-2333 slide-2627 msDefaultImage\" title=\"WhatsApp Image 2022-03-07 at 19.52.50\" \/><\/li>\n                <li style=\"display: none; width: 100%;\" class=\"slide-2628 ms-image \" aria-roledescription=\"slide\" data-date=\"2022-03-07 20:35:58\" data-filename=\"WhatsApp-Image-2022-03-07-at-19.52.52-1200x1000.jpeg\" data-slide-type=\"image\"><img loading=\"lazy\" decoding=\"async\" src=\"https:\/\/institutos.ufrrj.br\/iv\/wp-content\/uploads\/sites\/107\/2022\/03\/WhatsApp-Image-2022-03-07-at-19.52.52-1200x1000.jpeg\" height=\"1000\" width=\"1200\" alt=\"\" class=\"slider-2333 slide-2628 msDefaultImage\" title=\"WhatsApp Image 2022-03-07 at 19.52.52\" \/><\/li>\n                <li style=\"display: none; width: 100%;\" class=\"slide-2629 ms-image \" aria-roledescription=\"slide\" data-date=\"2022-03-07 20:35:58\" data-filename=\"WhatsApp-Image-2022-03-07-at-19.54.35-1200x1000.jpeg\" data-slide-type=\"image\"><img loading=\"lazy\" decoding=\"async\" src=\"https:\/\/institutos.ufrrj.br\/iv\/wp-content\/uploads\/sites\/107\/2022\/03\/WhatsApp-Image-2022-03-07-at-19.54.35-1200x1000.jpeg\" height=\"1000\" width=\"1200\" alt=\"\" class=\"slider-2333 slide-2629 msDefaultImage\" title=\"WhatsApp Image 2022-03-07 at 19.54.35\" \/><\/li>\n                <li style=\"display: none; width: 100%;\" class=\"slide-2631 ms-image \" aria-roledescription=\"slide\" data-date=\"2022-03-07 20:35:58\" data-filename=\"WhatsApp-Image-2022-03-07-at-19.54.38-1200x1000.jpeg\" data-slide-type=\"image\"><img loading=\"lazy\" decoding=\"async\" src=\"https:\/\/institutos.ufrrj.br\/iv\/wp-content\/uploads\/sites\/107\/2022\/03\/WhatsApp-Image-2022-03-07-at-19.54.38-1200x1000.jpeg\" height=\"1000\" width=\"1200\" alt=\"\" class=\"slider-2333 slide-2631 msDefaultImage\" title=\"WhatsApp Image 2022-03-07 at 19.54.38\" \/><\/li>\n                <li style=\"display: none; width: 100%;\" class=\"slide-2632 ms-image \" aria-roledescription=\"slide\" data-date=\"2022-03-07 20:35:58\" data-filename=\"WhatsApp-Image-2022-03-07-at-19.54.31-1200x1000.jpeg\" data-slide-type=\"image\"><img loading=\"lazy\" decoding=\"async\" src=\"https:\/\/institutos.ufrrj.br\/iv\/wp-content\/uploads\/sites\/107\/2022\/03\/WhatsApp-Image-2022-03-07-at-19.54.31-1200x1000.jpeg\" height=\"1000\" width=\"1200\" alt=\"\" class=\"slider-2333 slide-2632 msDefaultImage\" title=\"WhatsApp Image 2022-03-07 at 19.54.31\" \/><\/li>\n                <li style=\"display: none; width: 100%;\" class=\"slide-2633 ms-image \" aria-roledescription=\"slide\" data-date=\"2022-03-07 20:35:58\" data-filename=\"WhatsApp-Image-2022-03-07-at-19.54.32-1200x1000.jpeg\" data-slide-type=\"image\"><img loading=\"lazy\" decoding=\"async\" src=\"https:\/\/institutos.ufrrj.br\/iv\/wp-content\/uploads\/sites\/107\/2022\/03\/WhatsApp-Image-2022-03-07-at-19.54.32-1200x1000.jpeg\" height=\"1000\" width=\"1200\" alt=\"\" class=\"slider-2333 slide-2633 msDefaultImage\" title=\"WhatsApp Image 2022-03-07 at 19.54.32\" \/><\/li>\n                <li style=\"display: none; width: 100%;\" class=\"slide-2634 ms-image \" aria-roledescription=\"slide\" data-date=\"2022-03-07 20:35:58\" data-filename=\"WhatsApp-Image-2022-03-07-at-19.54.30-1200x1000.jpeg\" data-slide-type=\"image\"><img loading=\"lazy\" decoding=\"async\" src=\"https:\/\/institutos.ufrrj.br\/iv\/wp-content\/uploads\/sites\/107\/2022\/03\/WhatsApp-Image-2022-03-07-at-19.54.30-1200x1000.jpeg\" height=\"1000\" width=\"1200\" alt=\"\" class=\"slider-2333 slide-2634 msDefaultImage\" title=\"WhatsApp Image 2022-03-07 at 19.54.30\" \/><\/li>\n                <li style=\"display: none; width: 100%;\" class=\"slide-2635 ms-image \" aria-roledescription=\"slide\" data-date=\"2022-03-07 20:35:58\" data-filename=\"WhatsApp-Image-2022-03-07-at-19.54.41-1200x1000.jpeg\" data-slide-type=\"image\"><img loading=\"lazy\" decoding=\"async\" src=\"https:\/\/institutos.ufrrj.br\/iv\/wp-content\/uploads\/sites\/107\/2022\/03\/WhatsApp-Image-2022-03-07-at-19.54.41-1200x1000.jpeg\" height=\"1000\" width=\"1200\" alt=\"\" class=\"slider-2333 slide-2635 msDefaultImage\" title=\"WhatsApp Image 2022-03-07 at 19.54.41\" \/><\/li>\n                <li style=\"display: none; width: 100%;\" class=\"slide-2636 ms-image \" aria-roledescription=\"slide\" data-date=\"2022-03-07 20:35:58\" data-filename=\"WhatsApp-Image-2022-03-07-at-19.54.36-1200x1000.jpeg\" data-slide-type=\"image\"><img loading=\"lazy\" decoding=\"async\" src=\"https:\/\/institutos.ufrrj.br\/iv\/wp-content\/uploads\/sites\/107\/2022\/03\/WhatsApp-Image-2022-03-07-at-19.54.36-1200x1000.jpeg\" height=\"1000\" width=\"1200\" alt=\"\" class=\"slider-2333 slide-2636 msDefaultImage\" title=\"WhatsApp Image 2022-03-07 at 19.54.36\" \/><\/li>\n            <\/ul>\n        <\/div>\n        \n    <\/div>\n<\/div>\n<p><strong>2) COLE\u00c7\u00c3O DID\u00c1TICA DE PROTOZO\u00c1RIOS E RICKETTSIAS DO DPA\/IV<\/strong><\/p>\n<p>Em breve.<\/p>\n<p><strong>3) COLE\u00c7\u00c3O DID\u00c1TICA DE HELMINTOS DO DPA\/IV<\/strong><\/p>\n<p>Em breve.<\/p>\n<p><strong>4) COLE\u00c7\u00c3O DID\u00c1TICA DE ARTR\u00d3PODES DO DPA\/IV<\/strong><\/p>\n<p>Em breve.<\/p>\n<p><strong>5) COLE\u00c7\u00c3O DE CULTURAS DE FUNGOS ENTOMOPATOG\u00caNICOS DO LCM\/DPA\/IV<\/strong><\/p>\n<p>Link para acesso ao site do Laborat\u00f3rio de Controle Microbiano (LCM): <a href=\"https:\/\/lcm.ufrrj.br\/\">AQUI<\/a><\/p>\n<p>&nbsp;<\/p>\n<p>&nbsp;<\/p>\n<p><a href=\"https:\/\/institucional.ufrrj.br\/sap\/\">\u00a0\u00a0<\/a><\/p>\n<p style=\"text-align: center\">\n","protected":false},"excerpt":{"rendered":"<p>1) MUSEU TOKARNIA DESP\/IV Acesse as informa\u00e7\u00f5es do Museu de Anatomia Patol\u00f3gica Carlos Tokarnia atrav\u00e9s de https:\/\/institucional.ufrrj.br\/sap 2) COLE\u00c7\u00c3O DID\u00c1TICA <a class=\"read-more\" href=\"https:\/\/institutos.ufrrj.br\/iv\/museu-tokarnia\/ \" >&#8230; <span class=\"font-italic\">leia mais <i class=\"fas fa-angle-right\"><\/i><\/span><\/a><\/p>\n","protected":false},"author":52,"featured_media":0,"parent":0,"menu_order":0,"comment_status":"closed","ping_status":"closed","template":"","meta":{"_themeisle_gutenberg_block_has_review":false,"footnotes":""},"class_list":["post-2444","page","type-page","status-publish","hentry"],"_links":{"self":[{"href":"https:\/\/institutos.ufrrj.br\/iv\/wp-json\/wp\/v2\/pages\/2444","targetHints":{"allow":["GET"]}}],"collection":[{"href":"https:\/\/institutos.ufrrj.br\/iv\/wp-json\/wp\/v2\/pages"}],"about":[{"href":"https:\/\/institutos.ufrrj.br\/iv\/wp-json\/wp\/v2\/types\/page"}],"author":[{"embeddable":true,"href":"https:\/\/institutos.ufrrj.br\/iv\/wp-json\/wp\/v2\/users\/52"}],"replies":[{"embeddable":true,"href":"https:\/\/institutos.ufrrj.br\/iv\/wp-json\/wp\/v2\/comments?post=2444"}],"version-history":[{"count":9,"href":"https:\/\/institutos.ufrrj.br\/iv\/wp-json\/wp\/v2\/pages\/2444\/revisions"}],"predecessor-version":[{"id":2913,"href":"https:\/\/institutos.ufrrj.br\/iv\/wp-json\/wp\/v2\/pages\/2444\/revisions\/2913"}],"wp:attachment":[{"href":"https:\/\/institutos.ufrrj.br\/iv\/wp-json\/wp\/v2\/media?parent=2444"}],"curies":[{"name":"wp","href":"https:\/\/api.w.org\/{rel}","templated":true}]}}