{"id":31,"date":"2020-04-20T20:30:16","date_gmt":"2020-04-20T23:30:16","guid":{"rendered":"http:\/\/r1.ufrrj.br\/wp\/iv\/"},"modified":"2020-04-20T20:50:56","modified_gmt":"2020-04-20T23:50:56","slug":"pos-graduacao","status":"publish","type":"page","link":"https:\/\/institutos.ufrrj.br\/iv\/pos-graduacao\/","title":{"rendered":"P\u00f3s-Gradua\u00e7\u00e3o"},"content":{"rendered":"<p>O Instituto de Veterin\u00e1ria possui os seguintes Programas de P\u00f3s-Gradua\u00e7\u00e3o:<\/p>\n<ul>\n<li><strong>Ci\u00eancias Veterin\u00e1rias (PPGCV) &#8211; Mestrado e Doutorado<\/strong><\/li>\n<li><strong>Medicina Veterin\u00e1ria (PPGMV) &#8211; Mestrado e Doutorado<\/strong><\/li>\n<\/ul>\n","protected":false},"excerpt":{"rendered":"<p>O Instituto de Veterin\u00e1ria possui os seguintes Programas de P\u00f3s-Gradua\u00e7\u00e3o: Ci\u00eancias Veterin\u00e1rias (PPGCV) &#8211; Mestrado e Doutorado Medicina Veterin\u00e1ria (PPGMV) <a class=\"read-more\" href=\"https:\/\/institutos.ufrrj.br\/iv\/pos-graduacao\/ \" >&#8230; <span class=\"font-italic\">leia mais <i class=\"fas fa-angle-right\"><\/i><\/span><\/a><\/p>\n","protected":false},"author":20,"featured_media":0,"parent":0,"menu_order":4,"comment_status":"closed","ping_status":"closed","template":"","meta":{"_themeisle_gutenberg_block_has_review":false,"footnotes":""},"class_list":["post-31","page","type-page","status-publish","hentry"],"_links":{"self":[{"href":"https:\/\/institutos.ufrrj.br\/iv\/wp-json\/wp\/v2\/pages\/31","targetHints":{"allow":["GET"]}}],"collection":[{"href":"https:\/\/institutos.ufrrj.br\/iv\/wp-json\/wp\/v2\/pages"}],"about":[{"href":"https:\/\/institutos.ufrrj.br\/iv\/wp-json\/wp\/v2\/types\/page"}],"author":[{"embeddable":true,"href":"https:\/\/institutos.ufrrj.br\/iv\/wp-json\/wp\/v2\/users\/20"}],"replies":[{"embeddable":true,"href":"https:\/\/institutos.ufrrj.br\/iv\/wp-json\/wp\/v2\/comments?post=31"}],"version-history":[{"count":2,"href":"https:\/\/institutos.ufrrj.br\/iv\/wp-json\/wp\/v2\/pages\/31\/revisions"}],"predecessor-version":[{"id":1946,"href":"https:\/\/institutos.ufrrj.br\/iv\/wp-json\/wp\/v2\/pages\/31\/revisions\/1946"}],"wp:attachment":[{"href":"https:\/\/institutos.ufrrj.br\/iv\/wp-json\/wp\/v2\/media?parent=31"}],"curies":[{"name":"wp","href":"https:\/\/api.w.org\/{rel}","templated":true}]}}