{"id":33,"date":"2010-06-22T17:11:14","date_gmt":"2010-06-22T20:11:14","guid":{"rendered":"http:\/\/r1.ufrrj.br\/wp\/iv\/"},"modified":"2024-01-31T11:53:06","modified_gmt":"2024-01-31T14:53:06","slug":"ciencias-veterinarias","status":"publish","type":"page","link":"https:\/\/institutos.ufrrj.br\/iv\/pos-graduacao\/ciencias-veterinarias\/","title":{"rendered":"Ci\u00eancias Veterin\u00e1rias"},"content":{"rendered":"<p><strong>Programa de P\u00f3s-gradua\u00e7\u00e3o em Ci\u00eancias Veterin\u00e1rias<\/strong><br \/>\nInstituto de Veterin\u00e1ria &#8211; UFRRJ<br \/>\nBR 465 &#8211; Km 7<br \/>\nCEP: 23.890-000 &#8211; Serop\u00e9dica &#8211; RJ<br \/>\nPr\u00e9dio Anexo II do IV (pr\u00e9dio do Departamento de Parasitologia Animal), sala 17.<br \/>\nFax\/Fone: +55 21 2682-1617<br \/>\nE-mail: cpgcv@ufrrj.br<br \/>\nSite: https:\/\/cursos.ufrrj.br\/posgraduacao\/ppgcv\/<\/p>\n<p><strong>Coordenador:<\/strong>\u00a0Fabio Barbour Scott<br \/>\n<strong>Vice-Coordenador:<\/strong> Tha\u00eds Ribeiro Correia Azevedo<br \/>\n<strong>Secret\u00e1rio Administrativo:<\/strong> Jenifer Marques Pinto<\/p>\n","protected":false},"excerpt":{"rendered":"<p>Programa de P\u00f3s-gradua\u00e7\u00e3o em Ci\u00eancias Veterin\u00e1rias Instituto de Veterin\u00e1ria &#8211; UFRRJ BR 465 &#8211; Km 7 CEP: 23.890-000 &#8211; Serop\u00e9dica <a class=\"read-more\" href=\"https:\/\/institutos.ufrrj.br\/iv\/pos-graduacao\/ciencias-veterinarias\/ \" >&#8230; <span class=\"font-italic\">leia mais <i class=\"fas fa-angle-right\"><\/i><\/span><\/a><\/p>\n","protected":false},"author":20,"featured_media":0,"parent":31,"menu_order":1,"comment_status":"closed","ping_status":"closed","template":"","meta":{"_themeisle_gutenberg_block_has_review":false,"footnotes":""},"class_list":["post-33","page","type-page","status-publish","hentry"],"_links":{"self":[{"href":"https:\/\/institutos.ufrrj.br\/iv\/wp-json\/wp\/v2\/pages\/33","targetHints":{"allow":["GET"]}}],"collection":[{"href":"https:\/\/institutos.ufrrj.br\/iv\/wp-json\/wp\/v2\/pages"}],"about":[{"href":"https:\/\/institutos.ufrrj.br\/iv\/wp-json\/wp\/v2\/types\/page"}],"author":[{"embeddable":true,"href":"https:\/\/institutos.ufrrj.br\/iv\/wp-json\/wp\/v2\/users\/20"}],"replies":[{"embeddable":true,"href":"https:\/\/institutos.ufrrj.br\/iv\/wp-json\/wp\/v2\/comments?post=33"}],"version-history":[{"count":4,"href":"https:\/\/institutos.ufrrj.br\/iv\/wp-json\/wp\/v2\/pages\/33\/revisions"}],"predecessor-version":[{"id":2844,"href":"https:\/\/institutos.ufrrj.br\/iv\/wp-json\/wp\/v2\/pages\/33\/revisions\/2844"}],"up":[{"embeddable":true,"href":"https:\/\/institutos.ufrrj.br\/iv\/wp-json\/wp\/v2\/pages\/31"}],"wp:attachment":[{"href":"https:\/\/institutos.ufrrj.br\/iv\/wp-json\/wp\/v2\/media?parent=33"}],"curies":[{"name":"wp","href":"https:\/\/api.w.org\/{rel}","templated":true}]}}