{"id":35,"date":"2010-06-22T17:12:07","date_gmt":"2010-06-22T20:12:07","guid":{"rendered":"http:\/\/r1.ufrrj.br\/wp\/iv\/"},"modified":"2024-01-31T11:56:05","modified_gmt":"2024-01-31T14:56:05","slug":"medicina-veterinaria","status":"publish","type":"page","link":"https:\/\/institutos.ufrrj.br\/iv\/pos-graduacao\/medicina-veterinaria\/","title":{"rendered":"Medicina Veterin\u00e1ria"},"content":{"rendered":"<div><strong>Curso de P\u00f3s-gradua\u00e7\u00e3o em Medicina Veterin\u00e1ria &#8211; Patologia e Ci\u00eancias Cl\u00ednicas Instituto de Veterin\u00e1ria &#8211;<\/strong><\/div>\n<div>CPGMV &#8211; UFRRJ BR 465 &#8211; Km 7 CEP: 23.890-970 &#8211; Serop\u00e9dica &#8211;\u00a0RJ Fone:\u00a0 +55 21 2681-4869\u00a0\u00a0 Ramal: 4869 Fax: +55 21 2682-1711<\/div>\n<div>E-mail: cpgmv@ufrrj.br<\/div>\n<div>Sitio: <a href=\"http:\/\/www.ufrrj.br\/posgrad\/cpmv\/\" target=\"_blank\" rel=\"noopener\">http:\/\/www.ufrrj.br\/posgrad\/cpmv\/<\/a><\/div>\n<div><\/div>\n<div><\/div>\n<div>Coordenador: Fernando Queiroz de Almeida<\/div>\n<div>Vice-coordenador: Andressa Ferreira da Silva Spyrides<\/div>\n<div>Secret\u00e1rio: Isabelle Eccard<\/p>\n<h3 class=\"LC20lb MBeuO DKV0Md\"><\/h3>\n<\/div>\n<div style=\"width: 1px;height: 1px;overflow: hidden\">http:\/\/www.ufrrj.br\/posgrad\/cpmv\/<\/div>\n","protected":false},"excerpt":{"rendered":"<p>Curso de P\u00f3s-gradua\u00e7\u00e3o em Medicina Veterin\u00e1ria &#8211; Patologia e Ci\u00eancias Cl\u00ednicas Instituto de Veterin\u00e1ria &#8211; CPGMV &#8211; UFRRJ BR 465 <a class=\"read-more\" href=\"https:\/\/institutos.ufrrj.br\/iv\/pos-graduacao\/medicina-veterinaria\/ \" >&#8230; <span class=\"font-italic\">leia mais <i class=\"fas fa-angle-right\"><\/i><\/span><\/a><\/p>\n","protected":false},"author":20,"featured_media":0,"parent":31,"menu_order":2,"comment_status":"closed","ping_status":"closed","template":"","meta":{"_themeisle_gutenberg_block_has_review":false,"footnotes":""},"class_list":["post-35","page","type-page","status-publish","hentry"],"_links":{"self":[{"href":"https:\/\/institutos.ufrrj.br\/iv\/wp-json\/wp\/v2\/pages\/35","targetHints":{"allow":["GET"]}}],"collection":[{"href":"https:\/\/institutos.ufrrj.br\/iv\/wp-json\/wp\/v2\/pages"}],"about":[{"href":"https:\/\/institutos.ufrrj.br\/iv\/wp-json\/wp\/v2\/types\/page"}],"author":[{"embeddable":true,"href":"https:\/\/institutos.ufrrj.br\/iv\/wp-json\/wp\/v2\/users\/20"}],"replies":[{"embeddable":true,"href":"https:\/\/institutos.ufrrj.br\/iv\/wp-json\/wp\/v2\/comments?post=35"}],"version-history":[{"count":3,"href":"https:\/\/institutos.ufrrj.br\/iv\/wp-json\/wp\/v2\/pages\/35\/revisions"}],"predecessor-version":[{"id":2846,"href":"https:\/\/institutos.ufrrj.br\/iv\/wp-json\/wp\/v2\/pages\/35\/revisions\/2846"}],"up":[{"embeddable":true,"href":"https:\/\/institutos.ufrrj.br\/iv\/wp-json\/wp\/v2\/pages\/31"}],"wp:attachment":[{"href":"https:\/\/institutos.ufrrj.br\/iv\/wp-json\/wp\/v2\/media?parent=35"}],"curies":[{"name":"wp","href":"https:\/\/api.w.org\/{rel}","templated":true}]}}