{"id":379,"date":"2010-10-18T12:31:06","date_gmt":"2010-10-18T15:31:06","guid":{"rendered":"http:\/\/r1.ufrrj.br\/wp\/iv\/"},"modified":"2022-09-25T15:16:43","modified_gmt":"2022-09-25T18:16:43","slug":"linhas-de-pesquisa","status":"publish","type":"page","link":"https:\/\/institutos.ufrrj.br\/iv\/departamentos\/desp\/linhas-de-pesquisa\/","title":{"rendered":"Linhas de Pesquisa"},"content":{"rendered":"<p style=\"margin: 15px auto;padding: 0px;font-size: 1.1em\"><span class=\"Apple-style-span\"><span class=\"Apple-style-span\" style=\"font-family: Verdana,Arial,Helvetica,sans-serif;font-size: 12px;text-align: left\">Nosso Departamento tem seus estudos e pesquisas voltados para as seguintes linhas:<\/span><\/span><\/p>\n<ol>\n<li><strong><span class=\"Apple-style-span\"><span class=\"Apple-style-span\" style=\"font-family: Verdana,Arial,Helvetica,sans-serif;font-size: 12px;text-align: left\">Alimenta\u00e7\u00e3o artificial e mecanismos de transmiss\u00e3o bioagentes por carrapatos <\/span><\/span><\/strong>\n<ul style=\"margin: 0px;padding: 0px\">\n<li style=\"text-align: justify\"><span class=\"Apple-style-span\"><span class=\"Apple-style-span\" style=\"font-family: Verdana,Arial,Helvetica,sans-serif;font-size: 12px;text-align: left\">Objetivos: A proposta tem por objetivos aperfei\u00e7oar o sistema de alimenta\u00e7\u00e3o artificial com sangue heparinizado, utilizando membranas de silicone em unidades de alimenta\u00e7\u00e3o e bomba perist\u00e1ltica ou de infus\u00e3o para torna-lo mais eficiente, permitindo a substitui\u00e7\u00e3o de animais de laborat\u00f3rio na pesquisa cient\u00edfica. <\/span><\/span><\/li>\n<li style=\"text-align: justify\"><span class=\"Apple-style-span\"><span class=\"Apple-style-span\" style=\"font-family: Verdana,Arial,Helvetica,sans-serif;font-size: 12px;text-align: left\">Grande \u00e1rea: Ci\u00eancias Agr\u00e1rias \/ \u00c1rea: Medicina Veterin\u00e1ria \/ Sub\u00e1rea: Medicina Veterin\u00e1ria Preventiva \/ Especialidade: Doen\u00e7as Parasit\u00e1rias de Animais. <\/span><\/span><\/li>\n<li style=\"text-align: justify\"><span class=\"Apple-style-span\"><span class=\"Apple-style-span\" style=\"font-family: Verdana,Arial,Helvetica,sans-serif;font-size: 12px;text-align: left\">Grande \u00e1rea: Ci\u00eancias Agr\u00e1rias \/ \u00c1rea: Medicina Veterin\u00e1ria \/ Sub\u00e1rea: Medicina Veterin\u00e1ria Preventiva.\u00a0\u00a0 Grande \u00e1rea: Ci\u00eancias Agr\u00e1rias \/ \u00c1rea: Medicina Veterin\u00e1ria. Setores de atividade: Desenvolvimento rural; Produ\u00e7\u00e3o animal, inclusive servi\u00e7os veterin\u00e1rios. <\/span><\/span><\/li>\n<li style=\"text-align: justify\"><span class=\"Apple-style-span\"><span class=\"Apple-style-span\" style=\"font-family: Verdana,Arial,Helvetica,sans-serif;font-size: 12px;text-align: left\">Prof. Adivaldo Henrique da Fonseca<\/span><\/span><\/li>\n<li style=\"text-align: justify\"><\/li>\n<\/ul>\n<\/li>\n<li style=\"text-align: justify\"><strong><span class=\"Apple-style-span\"><span class=\"Apple-style-span\" style=\"font-family: Verdana,Arial,Helvetica,sans-serif;font-size: 12px;text-align: left\">Aspectos fisiopatol\u00f3gicos e funcionais das anastomoses e suturas do sistema digest\u00f3rio<\/span><\/span><\/strong>\n<ul style=\"margin: 0px;padding: 0px\">\n<li><span class=\"Apple-style-span\"><span class=\"Apple-style-span\" style=\"font-family: Verdana,Arial,Helvetica,sans-serif;font-size: 12px;text-align: left\">Estudar modelos experimentais vinculados aos processos inflamat\u00f3rios e cicatriciais do sistema digest\u00f3rio, com animais. Produzir conhecimento capaz de contribuir para proposi\u00e7\u00e3o de novas terap\u00eauticas no tratamento de doen\u00e7as inflamat\u00f3rias do sistema digest\u00f3rio. Avaliar a interfer\u00eancia de procedimentos cir\u00fargicos na din\u00e2mica intestinal e na homeostase org\u00e2nica. Desenvolver habilidades e destrezas manuais em procedimentos cir\u00fargicos experimentais com uso de anastomoses e material microcir\u00fargico.<\/span><\/span><\/li>\n<li><span class=\"Apple-style-span\"><span class=\"Apple-style-span\" style=\"font-family: Verdana,Arial,Helvetica,sans-serif;font-size: 12px;text-align: left\">Grande \u00c1rea: Ci\u00eancias da Sa\u00fade \/ \u00c1rea: Medicina \/ Sub\u00e1rea: Cirurgia \/ Especialidade: Cirurgia Experimental<\/span><\/span><span class=\"Apple-style-span\"><span class=\"Apple-style-span\" style=\"font-family: Verdana,Arial,Helvetica,sans-serif;font-size: 12px;text-align: left\">.<\/span><\/span><\/li>\n<li><span class=\"Apple-style-span\"><span class=\"Apple-style-span\" style=\"font-family: Verdana,Arial,Helvetica,sans-serif;font-size: 12px;text-align: left\">Setores de atividade: Sa\u00fade Humana.<\/span><\/span><\/li>\n<li><span class=\"Apple-style-span\"><span class=\"Apple-style-span\" style=\"font-family: Verdana,Arial,Helvetica,sans-serif;font-size: 12px;text-align: left\">Prof.\u00aa Ticiana do Nascimento Fran\u00e7a<\/span><\/span><\/li>\n<li><\/li>\n<\/ul>\n<\/li>\n<li><strong><span class=\"Apple-style-span\"><span class=\"Apple-style-span\" style=\"font-family: Verdana,Arial,Helvetica,sans-serif;font-size: 12px;text-align: left\">Avalia\u00e7\u00e3o epidemiol\u00f3gica de parasitos em bovinos<\/span><\/span><\/strong>\n<ul style=\"margin: 0px;padding: 0px\">\n<li style=\"text-align: justify\"><span class=\"Apple-style-span\"><span class=\"Apple-style-span\" style=\"font-family: Verdana,Arial,Helvetica,sans-serif;font-size: 12px;text-align: left\">Prof. Edson Jesus de Souza<\/span><\/span><\/li>\n<li style=\"text-align: justify\"><\/li>\n<\/ul>\n<\/li>\n<li style=\"text-align: justify\"><strong><span class=\"Apple-style-span\"><span class=\"Apple-style-span\" style=\"font-family: Verdana,Arial,Helvetica,sans-serif;font-size: 12px;text-align: left\">Bioclimatologia X Sanidade Animal<\/span><\/span><\/strong>\n<ul style=\"margin: 0px;padding: 0px\">\n<li><span class=\"Apple-style-span\"><span class=\"Apple-style-span\" style=\"font-family: Verdana,Arial,Helvetica,sans-serif;font-size: 12px;text-align: left\">Prof. Edson Jesus de Souza<\/span><\/span><\/li>\n<li><\/li>\n<\/ul>\n<\/li>\n<li style=\"text-align: justify\"><strong><span class=\"Apple-style-span\"><span class=\"Apple-style-span\" style=\"font-family: Verdana,Arial,Helvetica,sans-serif;font-size: 12px;text-align: left\">Bioecologia e controle de insetos de import\u00e2ncia m\u00e9dico veterin\u00e1ria na sa\u00fade p\u00fablica<\/span><\/span><\/strong>\n<ul style=\"margin: 0px;padding: 0px\">\n<li><span class=\"Apple-style-span\"><span class=\"Apple-style-span\" style=\"font-family: Verdana,Arial,Helvetica,sans-serif;font-size: 12px;text-align: left\">Participante &#8211; Prof. Argemiro Sanavria<\/span><\/span><\/li>\n<li><\/li>\n<\/ul>\n<\/li>\n<li style=\"text-align: justify\"><strong><span class=\"Apple-style-span\"><span class=\"Apple-style-span\" style=\"font-family: Verdana,Arial,Helvetica,sans-serif;font-size: 12px;text-align: left\">Controle microbiol\u00f3gico, F\u00edsico-Qu\u00edmico de Alimentos<\/span><\/span><\/strong>\n<ul style=\"margin: 0px;padding: 0px\">\n<li><span class=\"Apple-style-span\"><span class=\"Apple-style-span\" style=\"font-family: Verdana,Arial,Helvetica,sans-serif;font-size: 12px;text-align: left\">Avaliar por an\u00e1lises microbiol\u00f3gicas, f\u00edsico-qu\u00edmicas e moleculares a qualidade dos alimentos. <\/span><\/span><\/li>\n<li><span class=\"Apple-style-span\"><span class=\"Apple-style-span\" style=\"font-family: Verdana,Arial,Helvetica,sans-serif;font-size: 12px;text-align: left\">Prof. M\u00e1rcio Reis Pereira de Sousa<\/span><\/span><\/li>\n<li><\/li>\n<\/ul>\n<\/li>\n<li style=\"text-align: justify\"><strong><span class=\"Apple-style-span\"><span class=\"Apple-style-span\" style=\"font-family: Verdana,Arial,Helvetica,sans-serif;font-size: 12px;text-align: left\">Desenvolvimento de formula\u00e7\u00f5es de fungos entomopatog\u00eanicos para o controle de carrapatos<\/span><\/span><\/strong>\n<ul style=\"margin: 0px;padding: 0px\">\n<li><span class=\"Apple-style-span\"><span class=\"Apple-style-span\" style=\"font-family: Verdana,Arial,Helvetica,sans-serif;font-size: 12px;text-align: left\">Prof\u00ba. Edson Jesus de Souza<\/span><\/span><\/li>\n<li><\/li>\n<\/ul>\n<\/li>\n<li style=\"text-align: justify\"><strong><span class=\"Apple-style-span\"><span class=\"Apple-style-span\" style=\"font-family: Verdana,Arial,Helvetica,sans-serif;font-size: 12px;text-align: left\">Doen\u00e7as causadas por defici\u00eancias minerais em ruminantes<\/span><\/span><\/strong>\n<ul style=\"margin: 0px;padding: 0px\">\n<li><span class=\"Apple-style-span\"><span class=\"Apple-style-span\" style=\"font-family: Verdana,Arial,Helvetica,sans-serif;font-size: 12px;text-align: left\">Diagnosticar defici\u00eancias minerais em ruminantes, principalmente bovinos <\/span><\/span><\/li>\n<li><span class=\"Apple-style-span\"><span class=\"Apple-style-span\" style=\"font-family: Verdana,Arial,Helvetica,sans-serif;font-size: 12px;text-align: left\">Investigar as causas de outras mortandades, para reduzir a reduzir os cad\u00e1veres nos pastos e a osteofagia de bovinos e o botulismo em \u00e1reas com defici\u00eancia de f\u00f3sforo. <\/span><\/span><\/li>\n<li><span class=\"Apple-style-span\"><span class=\"Apple-style-span\" style=\"font-family: Verdana,Arial,Helvetica,sans-serif;font-size: 12px;text-align: left\">Recomendar medidas de controle das defici\u00eancias minerais.<\/span><\/span><\/li>\n<li><span class=\"Apple-style-span\"><span class=\"Apple-style-span\" style=\"font-family: Verdana,Arial,Helvetica,sans-serif;font-size: 12px;text-align: left\">Participantes: Marilene de Farias Brito, Paulo Fernando de Vargas Peixoto, Pedro Ant\u00f4nio Muniz Malafaia<\/span><\/span><\/li>\n<li><\/li>\n<\/ul>\n<\/li>\n<li style=\"text-align: justify\"><strong><span class=\"Apple-style-span\"><span class=\"Apple-style-span\" style=\"font-family: Verdana,Arial,Helvetica,sans-serif;font-size: 12px;text-align: left\">Epidemiologia da Borrelia sp. e de outros bioagentes transmitidos por carrapatos<\/span><\/span><\/strong>\n<ul style=\"margin: 0px;padding: 0px\">\n<li><span class=\"Apple-style-span\"><span class=\"Apple-style-span\" style=\"font-family: Verdana,Arial,Helvetica,sans-serif;font-size: 12px;text-align: left\">Objetivos: Determinar os \u00edndices de preval\u00eancia de animais soropositivos e correlacionar com manifesta\u00e7\u00f5es cl\u00ednicas e a distribui\u00e7\u00e3o sazonal; Identificar e mapear os focos de ocorr\u00eancia de hemoparasitoses em bovinos na, correlacionando os resultados sorol\u00f3gicos com a aspectos ecol\u00f3gicos, cl\u00ednicos e patol\u00f3gicos; Identificar e obter dados sobre a rela\u00e7\u00e3o parasito-hospedeiro com as esp\u00e9cies de carrapatos vetoras, com potencial de transmiss\u00e3o de bioagentes; Isolar amostras de Borrelia sp de mam\u00edferos, aves e carrapatos naturalmente ou experimentalmente infectados, atrav\u00e9s de cultivo em meios espec\u00edficos e cultivo de c\u00e9lulas embrion\u00e1rias de carrapatos; <\/span><\/span><\/li>\n<li><span class=\"Apple-style-span\"><span class=\"Apple-style-span\" style=\"font-family: Verdana,Arial,Helvetica,sans-serif;font-size: 12px;text-align: left\">Prof\u00ba. Adivaldo Henrique da Fonseca<\/span><\/span><\/li>\n<li><\/li>\n<\/ul>\n<\/li>\n<li style=\"text-align: justify\"><strong><span class=\"Apple-style-span\"><span class=\"Apple-style-span\" style=\"font-family: Verdana,Arial,Helvetica,sans-serif;font-size: 12px;text-align: left\">Epidemiologia das doen\u00e7as infecciosas em animais dom\u00e9sticos<\/span><\/span><\/strong>\n<ul style=\"margin: 0px;padding: 0px\">\n<li><span class=\"Apple-style-span\"><span class=\"Apple-style-span\" style=\"font-family: Verdana,Arial,Helvetica,sans-serif;font-size: 12px;text-align: left\">Objetivo:Estudar as vari\u00e1veis que influenciam a ocorr\u00eancia dessas doen\u00e7as no Estado do Rio de Janeiro, utilizando os conhecimentos da Epidemiologia (Descritiva ou Anal\u00edtica) e diagn\u00f3stico afim de contribuir para seu entendimento e controle.<\/span><\/span><\/li>\n<li><\/li>\n<\/ul>\n<\/li>\n<li style=\"text-align: justify\"><strong><span class=\"Apple-style-span\"><span class=\"Apple-style-span\" style=\"font-family: Verdana,Arial,Helvetica,sans-serif;font-size: 12px;text-align: left\">Epidemiologia e diagn\u00f3stico das Doen\u00e7as Neurol\u00f3gicas dos animais<\/span><\/span><\/strong><\/li>\n<li style=\"text-align: justify\"><strong><span class=\"Apple-style-span\"><span class=\"Apple-style-span\" style=\"font-family: Verdana,Arial,Helvetica,sans-serif;font-size: 12px;text-align: left\">Estudo do perfil epidemiol\u00f3gico de amostras de popula\u00e7\u00f5es canina e felina do Estado do Rio de Janeiro<\/span><\/span><\/strong>\n<ul style=\"margin: 0px;padding: 0px\">\n<li><span class=\"Apple-style-span\"><span class=\"Apple-style-span\" style=\"font-family: Verdana,Arial,Helvetica,sans-serif;font-size: 12px;text-align: left\">Conhecer as caracter\u00edsticas de tamanho, propor\u00e7\u00e3o entre sexos, faixas et\u00e1rias, situa\u00e7\u00e3o sanit\u00e1ria e potencial reprodutivo e de transmiss\u00e3o de zoonoses para as popula\u00e7\u00f5es humanas e de contamina\u00e7\u00e3o ambiental, das popula\u00e7\u00f5es animais urbanas, com a finalidade de prover os gestores p\u00fablicos municipais de instrumentos para um planejamento estrat\u00e9gico para o controle dessas popula\u00e7\u00f5es animais.<\/span><\/span><\/li>\n<li><\/li>\n<\/ul>\n<\/li>\n<li style=\"text-align: justify\"><strong><span class=\"Apple-style-span\"><span class=\"Apple-style-span\" style=\"font-family: Verdana,Arial,Helvetica,sans-serif;font-size: 12px;text-align: left\">Experi\u00eancias e a\u00e7\u00f5es para controle das doen\u00e7as parasit\u00e1rias<\/span><\/span><\/strong>\n<ul style=\"margin: 0px;padding: 0px\">\n<li><span class=\"Apple-style-span\"><span class=\"Apple-style-span\" style=\"font-family: Verdana,Arial,Helvetica,sans-serif;font-size: 12px;text-align: left\">Objetivos: Utiliza\u00e7\u00e3o dos paramentros epidemiol\u00f3gicos, diagn\u00f3stico laboratorial e climatol\u00f3gicos visando controle estrat\u00e9gico\/ t\u00e1tico das doen\u00e7as transmitidas por carrapatos e helmintoses de ruminantes. Determina\u00e7\u00e3o, atrav\u00e9s de modelos de din\u00e2mica de popula\u00e7\u00e3o, o per\u00edodo adequado para o controle das parasitoses, com base no princ\u00edpio do custo\/benef\u00edcio. Aperfei\u00e7oamento de t\u00e9cnicas para diagn\u00f3stico quantitativo em n\u00edvel de campo. <\/span><\/span><\/li>\n<li><span class=\"Apple-style-span\"><span class=\"Apple-style-span\" style=\"font-family: Verdana,Arial,Helvetica,sans-serif;font-size: 12px;text-align: left\">Prof\u00ba. Adivaldo Henrique da Fonseca<\/span><\/span><\/li>\n<li><\/li>\n<\/ul>\n<\/li>\n<li style=\"text-align: justify\"><strong><span class=\"Apple-style-span\"><span class=\"Apple-style-span\" style=\"font-family: Verdana,Arial,Helvetica,sans-serif;font-size: 12px;text-align: left\">Medicina Veterin\u00e1ria Preventiva e Sa\u00fade P\u00fablica<\/span><\/span><\/strong>\n<ul style=\"margin: 0px;padding: 0px\">\n<li><span class=\"Apple-style-span\"><span class=\"Apple-style-span\" style=\"font-family: Verdana,Arial,Helvetica,sans-serif;font-size: 12px;text-align: left\">Objetivos:Conhecer as caracter\u00edsticas de tamanho, propor\u00e7\u00e3o entre sexos, faixas et\u00e1rias, situa\u00e7\u00e3o sanit\u00e1ria e potencial reprodutivo e de transmiss\u00e3o de zoonoses para as popula\u00e7\u00f5es humanas e de contamina\u00e7\u00e3o ambiental, das popula\u00e7\u00f5es animais urbanas, com a finalidade de prover os gestores p\u00fablicos municipais de instrumentos para um planejamento estrat\u00e9gico para o controle dessas popula\u00e7\u00f5es animais. <\/span><\/span><\/li>\n<li><span class=\"Apple-style-span\"><span class=\"Apple-style-span\" style=\"font-family: Verdana,Arial,Helvetica,sans-serif;font-size: 12px;text-align: left\">Palavras-chave: sa\u00fade ambiental, sa\u00fade p\u00fablica, meio ambiente urbano, epidemiologia, canina, felina <\/span><\/span><\/li>\n<li><span class=\"Apple-style-span\"><span class=\"Apple-style-span\" style=\"font-family: Verdana,Arial,Helvetica,sans-serif;font-size: 12px;text-align: left\">\u00c1reas do conhecimento : Sa\u00fade Coletiva,Medicina Veterin\u00e1ria,Ecologia <\/span><\/span><\/li>\n<li><span class=\"Apple-style-span\"><span class=\"Apple-style-span\" style=\"font-family: Verdana,Arial,Helvetica,sans-serif;font-size: 12px;text-align: left\">Setores de atividade : Produtos e servi\u00e7os voltados para a defesa e prote\u00e7\u00e3o do meio ambiente, incluindo o desenvolvimento sustentado, Cuidado \u00e0 sa\u00fade das popula\u00e7\u00f5es humanas\u00a0<\/span><\/span><\/li>\n<li><span class=\"Apple-style-span\"><span class=\"Apple-style-span\" style=\"font-family: Verdana,Arial,Helvetica,sans-serif;font-size: 12px;text-align: left\">Medicina Veterin\u00e1ria Preventiva e Sa\u00fade P\u00fablica.<\/span><\/span><\/li>\n<li><\/li>\n<\/ul>\n<\/li>\n<li style=\"text-align: justify\"><strong><span class=\"Apple-style-span\"><span class=\"Apple-style-span\" style=\"font-family: Verdana,Arial,Helvetica,sans-serif;font-size: 12px;text-align: left\">Mi\u00edases dos animais domesticos<\/span><\/span><\/strong>\n<ul style=\"margin: 0px;padding: 0px\">\n<li><span class=\"Apple-style-span\"><span class=\"Apple-style-span\" style=\"font-family: Verdana,Arial,Helvetica,sans-serif;font-size: 12px;text-align: left\">Prof. Argemiro Sanavria<\/span><\/span><\/li>\n<li><\/li>\n<\/ul>\n<\/li>\n<li style=\"text-align: justify\"><strong><span class=\"Apple-style-span\"><span class=\"Apple-style-span\" style=\"font-family: Verdana,Arial,Helvetica,sans-serif;font-size: 12px;text-align: left\">Parasitos de aves; Hemoparasitos de aves; Mal\u00e1ria avi\u00e1ria<\/span><\/span><\/strong><\/li>\n<li style=\"text-align: justify\"><strong><span class=\"Apple-style-span\"><span class=\"Apple-style-span\" style=\"font-family: Verdana,Arial,Helvetica,sans-serif;font-size: 12px;text-align: left\">Patologia de Intoxica\u00e7\u00f5es e Plantas T\u00f3xicas<\/span><\/span><\/strong>\n<ul style=\"margin: 0px;padding: 0px\">\n<li><span class=\"Apple-style-span\"><span class=\"Apple-style-span\" style=\"font-family: Verdana,Arial,Helvetica,sans-serif;font-size: 12px;text-align: left\">Prof\u00aa. Marilene de Farias Brito Queiroz<\/span><\/span><\/li>\n<li><\/li>\n<\/ul>\n<\/li>\n<li style=\"text-align: justify\"><strong><span class=\"Apple-style-span\"><span class=\"Apple-style-span\" style=\"font-family: Verdana,Arial,Helvetica,sans-serif;font-size: 12px;text-align: left\">Patologia dos animais dom\u00e9sticos e silvestres<\/span><\/span><\/strong>\n<ul style=\"margin: 0px;padding: 0px\">\n<li><span class=\"Apple-style-span\"><span class=\"Apple-style-span\" style=\"font-family: Verdana,Arial,Helvetica,sans-serif;font-size: 12px;text-align: left\">Prof\u00aa. Marilene de Farias Brito Queiroz<\/span><\/span><\/li>\n<li><span class=\"Apple-style-span\"><span class=\"Apple-style-span\" style=\"font-family: Verdana,Arial,Helvetica,sans-serif;font-size: 12px;text-align: left\">Realiza\u00e7\u00e3o de necropsias e estudo histopatol\u00f3gico de animais dom\u00e9sticos<\/span><\/span><\/li>\n<li><\/li>\n<\/ul>\n<\/li>\n<li style=\"text-align: justify\"><strong><span class=\"Apple-style-span\"><span class=\"Apple-style-span\" style=\"font-family: Verdana,Arial,Helvetica,sans-serif;font-size: 12px;text-align: left\">Patologias de animais de produ\u00e7\u00e3o<\/span><\/span><\/strong>\n<ul style=\"margin: 0px;padding: 0px\">\n<li><span class=\"Apple-style-span\"><span class=\"Apple-style-span\" style=\"font-family: Verdana,Arial,Helvetica,sans-serif;font-size: 12px;text-align: left\">Diagn\u00f3sticos macrosc\u00f3picos e microsc\u00f3picos de enfermidades de animais de produ\u00e7\u00e3o visando profilaxia e tratamento. <\/span><\/span><\/li>\n<li>Grande \u00c1rea: Ci\u00eancias Agr\u00e1rias \/ \u00c1rea: Medicina Veterin\u00e1ria \/ Sub\u00e1rea: Patologia Animal.<\/li>\n<li>Setores de Atividade: Agricultura, Pecu\u00e1ria, Silvicultura e Explora\u00e7\u00e3o Florestal.<\/li>\n<li>Prof\u00aa. Ticiana do Nascimento Fran\u00e7a<\/li>\n<li><\/li>\n<\/ul>\n<\/li>\n<li style=\"text-align: justify\"><strong><span class=\"Apple-style-span\"><span class=\"Apple-style-span\" style=\"font-family: Verdana,Arial,Helvetica,sans-serif;font-size: 12px;text-align: left\">Produ\u00e7\u00e3o Animal Alternativa<\/span><\/span><\/strong>\n<ul style=\"margin: 0px;padding: 0px\">\n<li><span class=\"Apple-style-span\"><span class=\"Apple-style-span\" style=\"font-family: Verdana,Arial,Helvetica,sans-serif;font-size: 12px;text-align: left\">Prof\u00ba. Edson Jesus de Souza.<\/span><\/span><\/li>\n<li><\/li>\n<\/ul>\n<\/li>\n<li style=\"text-align: justify\"><strong><span class=\"Apple-style-span\"><span class=\"Apple-style-span\" style=\"font-family: Verdana,Arial,Helvetica,sans-serif;font-size: 12px;text-align: left\">Regenera\u00e7\u00e3o tecidual e c\u00e9lulas tronco em pesquisa experimental<\/span><\/span><\/strong>\n<ul style=\"margin: 0px;padding: 0px\">\n<li><span class=\"Apple-style-span\"><span class=\"Apple-style-span\" style=\"font-family: Verdana,Arial,Helvetica,sans-serif;font-size: 12px;text-align: left\">Avaliar a perspectiva terap\u00eautica com o uso de c\u00e9lulas tronco, com \u00eanfase \u00e0 fisiopatologia da regenera\u00e7\u00e3o tecidual ap\u00f3s ressec\u00e7\u00f5es viscerais. Formar recursos humanos qualificados para o desenvolvimento de rotinas no uso de c\u00e9lulas tronco. Aprimorar t\u00e9cnicas cir\u00fargicas e desenvolver habilidades microcir\u00fargicas em modelos experimentais em animais de pequeno porte. Contribuir para o desenvolvimento do conhecimento de impacto no \u00e2mbito cir\u00fargico neste campo do saber. <\/span><\/span><\/li>\n<li>Grande \u00c1rea: Ci\u00eancias da Sa\u00fade \/ \u00c1rea: Medicina \/ Sub\u00e1rea: Cirurgia \/ Especialidade: Cirurgia Experimental.<\/li>\n<li>Setores de Atividade: Sa\u00fade Humana<\/li>\n<li>Prof\u00aa. Ticiana do Nascimento Fran\u00e7a<\/li>\n<li><\/li>\n<\/ul>\n<\/li>\n<li style=\"text-align: justify\"><strong><span class=\"Apple-style-span\"><span class=\"Apple-style-span\" style=\"font-family: Verdana,Arial,Helvetica,sans-serif;font-size: 12px;text-align: left\">Sa\u00fade P\u00fablica e Educa\u00e7\u00e3o Sanit\u00e1ria<\/span><\/span><\/strong><\/li>\n<li style=\"text-align: justify\"><strong><span class=\"Apple-style-span\"><span class=\"Apple-style-span\" style=\"font-family: Verdana,Arial,Helvetica,sans-serif;font-size: 12px;text-align: left\">Controle higi\u00eanico sanit\u00e1rio e <\/span><\/span><\/strong><strong><span class=\"Apple-style-span\"><span class=\"Apple-style-span\" style=\"font-family: Verdana,Arial,Helvetica,sans-serif;font-size: 12px;text-align: left\">tecnol\u00f3gico de produtos de origem animal<\/span><\/span><\/strong><\/li>\n<\/ol>\n<ul style=\"text-align: justify\">\n<li><span class=\"Apple-style-span\"><span class=\"Apple-style-span\" style=\"font-family: Verdana,Arial,Helvetica,sans-serif;font-size: 12px;text-align: left\">Prof\u00ba. M\u00e1rcio Reis Pereira de Sousa<\/span><\/span><\/li>\n<\/ul>\n<p>&nbsp;<\/p>\n","protected":false},"excerpt":{"rendered":"<p>Nosso Departamento tem seus estudos e pesquisas voltados para as seguintes linhas: Alimenta\u00e7\u00e3o artificial e mecanismos de transmiss\u00e3o bioagentes por <a class=\"read-more\" href=\"https:\/\/institutos.ufrrj.br\/iv\/departamentos\/desp\/linhas-de-pesquisa\/ \" >&#8230; <span class=\"font-italic\">leia mais <i class=\"fas fa-angle-right\"><\/i><\/span><\/a><\/p>\n","protected":false},"author":20,"featured_media":0,"parent":11,"menu_order":3,"comment_status":"closed","ping_status":"closed","template":"","meta":{"_themeisle_gutenberg_block_has_review":false,"footnotes":""},"class_list":["post-379","page","type-page","status-publish","hentry"],"_links":{"self":[{"href":"https:\/\/institutos.ufrrj.br\/iv\/wp-json\/wp\/v2\/pages\/379","targetHints":{"allow":["GET"]}}],"collection":[{"href":"https:\/\/institutos.ufrrj.br\/iv\/wp-json\/wp\/v2\/pages"}],"about":[{"href":"https:\/\/institutos.ufrrj.br\/iv\/wp-json\/wp\/v2\/types\/page"}],"author":[{"embeddable":true,"href":"https:\/\/institutos.ufrrj.br\/iv\/wp-json\/wp\/v2\/users\/20"}],"replies":[{"embeddable":true,"href":"https:\/\/institutos.ufrrj.br\/iv\/wp-json\/wp\/v2\/comments?post=379"}],"version-history":[{"count":6,"href":"https:\/\/institutos.ufrrj.br\/iv\/wp-json\/wp\/v2\/pages\/379\/revisions"}],"predecessor-version":[{"id":2733,"href":"https:\/\/institutos.ufrrj.br\/iv\/wp-json\/wp\/v2\/pages\/379\/revisions\/2733"}],"up":[{"embeddable":true,"href":"https:\/\/institutos.ufrrj.br\/iv\/wp-json\/wp\/v2\/pages\/11"}],"wp:attachment":[{"href":"https:\/\/institutos.ufrrj.br\/iv\/wp-json\/wp\/v2\/media?parent=379"}],"curies":[{"name":"wp","href":"https:\/\/api.w.org\/{rel}","templated":true}]}}