{"id":382,"date":"2010-10-18T12:32:40","date_gmt":"2010-10-18T15:32:40","guid":{"rendered":"http:\/\/r1.ufrrj.br\/wp\/iv\/"},"modified":"2022-09-23T15:09:53","modified_gmt":"2022-09-23T18:09:53","slug":"laboratorios","status":"publish","type":"page","link":"https:\/\/institutos.ufrrj.br\/iv\/departamentos\/desp\/laboratorios\/","title":{"rendered":"Laborat\u00f3rios"},"content":{"rendered":"<h1 style=\"text-align: center\"><\/h1>\n<p style=\"text-align: justify\">Conhe\u00e7a os laborat\u00f3rios do Departamento de Epidemiologia e Sa\u00fade P\u00fablica.<\/p>\n<hr \/>\n<p style=\"text-align: justify\"><strong>Laborat\u00f3rio de Doen\u00e7as Infecciosas<\/strong><\/p>\n<p style=\"text-align: justify\">Detec\u00e7\u00e3o laboratorial de agentes infecciosos patog\u00eanicos de animais de produ\u00e7\u00e3o:<\/p>\n<dl>\n<dd>\n<ul>\n<li>Diagn\u00f3stico sorol\u00f3gico da Brucelose (AAT e Ring TEST)<\/li>\n<li>Diagn\u00f3stico da Tuberculose (Tuberculiniza\u00e7\u00e3o)<\/li>\n<li>Diagn\u00f3stico das Mastites (Contagem de C\u00e9lulas Som\u00e1ticas)<\/li>\n<li>Diagn\u00f3stico sorol\u00f3gico de Artrite Encefalite Caprina e Leucose Enzo\u00f3tica Bovina<\/li>\n<li>Controle de morcegos hemat\u00f3fagos<\/li>\n<\/ul>\n<\/dd>\n<dt><\/dt>\n<dt><\/dt>\n<dt><strong>Local:<\/strong> <span class=\"fontstyle0\">Bloco do Hospital Veterin\u00e1rio de Grandes Animais &#8211; <\/span>Instituto de Veterin\u00e1ria<\/dt>\n<\/dl>\n<p style=\"text-align: justify\"><span class=\"fontstyle2\">Coordena\u00e7\u00e3o do Prof.<\/span>. Clayton B. Gitti (cbgitti@ufrrj.br)<\/p>\n<p style=\"text-align: justify\">\u00a0 \u00a0 \u00a0 \u00a0 \u00a0 \u00a0 \u00a0 \u00a0 \u00a0 \u00a0 \u00a0 \u00a0 \u00a0 \u00a0 \u00a0 Prof. Edson J. Souza (ed07souza@yahoo.com.br).<\/p>\n<dl>\n<dt><strong>Contato:<\/strong> cbgitti@ufrrj.br<\/dt>\n<\/dl>\n<p style=\"text-align: justify\"><strong>M\u00eddias Sociais:\u00a0<\/strong><\/p>\n<p style=\"text-align: justify\">Instagram &#8211; <a href=\"https:\/\/www.instagram.com\/infecciosasrural\/\">@infecciosasrural<\/a><\/p>\n<p style=\"text-align: justify\">Facebook: <a href=\"https:\/\/www.facebook.com\/SanidadeAnimal\">https:\/\/www.facebook.com\/SanidadeAnimal<\/a><\/p>\n<hr \/>\n<dl><\/dl>\n<p><strong>Laborat\u00f3rio de Doen\u00e7as Parasit\u00e1rias<\/strong><\/p>\n<p>Detec\u00e7\u00e3o laboratorial de agentes Parasit\u00e1rios:<\/p>\n<dl>\n<dd>\n<ul>\n<li>Pesquisa de hemoparasitos em esfrega\u00e7os sangu\u00edneos<\/li>\n<li>Pesquisa de formas evolutivas de hemoparasitos em vetores<\/li>\n<li>Testes moleculares de diagn\u00f3stico em amostras de sangue, tecidos e vetores<\/li>\n<li>Testes sorol\u00f3gicos de diagn\u00f3stico para hemoparasitos.<\/li>\n<\/ul>\n<\/dd>\n<dt><\/dt>\n<dt><\/dt>\n<dt><span class=\"fontstyle2\"><strong>Local: <\/strong>sala 37 do Instituto de Veterin\u00e1ria<\/span><\/dt>\n<dt><\/dt>\n<dt><span class=\"fontstyle2\">Coordena\u00e7\u00e3o do Prof. ARGEMIRO SANAVRIA\u00a0<\/span><\/dt>\n<dt><\/dt>\n<dt><\/dt>\n<dt><\/dt>\n<dt><span class=\"fontstyle2\">Vice-Coordena\u00e7\u00e3o do Prof. TIAGO MARQUES DOS SANTOS<\/span><\/dt>\n<dt><\/dt>\n<dt><strong>Contatos:\u00a0<\/strong>21-2682-1711 &#8211; ramal 213<\/dt>\n<dd>\u00a0 \u00a0 \u00a0 \u00a0 \u00a0 \u00a0sanavria@ufrrj.br<\/dd>\n<\/dl>\n<hr \/>\n<p><strong><img loading=\"lazy\" decoding=\"async\" class=\"wp-image-2726 alignleft\" src=\"https:\/\/institutos.ufrrj.br\/iv\/wp-content\/uploads\/sites\/107\/2022\/09\/logolasave-300x300.jpeg\" alt=\"\" width=\"119\" height=\"119\" srcset=\"https:\/\/institutos.ufrrj.br\/iv\/wp-content\/uploads\/sites\/107\/2022\/09\/logolasave-300x300.jpeg 300w, https:\/\/institutos.ufrrj.br\/iv\/wp-content\/uploads\/sites\/107\/2022\/09\/logolasave-150x150.jpeg 150w, https:\/\/institutos.ufrrj.br\/iv\/wp-content\/uploads\/sites\/107\/2022\/09\/logolasave-75x75.jpeg 75w, https:\/\/institutos.ufrrj.br\/iv\/wp-content\/uploads\/sites\/107\/2022\/09\/logolasave-100x100.jpeg 100w, https:\/\/institutos.ufrrj.br\/iv\/wp-content\/uploads\/sites\/107\/2022\/09\/logolasave.jpeg 434w\" sizes=\"auto, (max-width: 119px) 100vw, 119px\" \/><span class=\"fontstyle0\">Laborat\u00f3rio de Sanidade Av\u00edcola (LASAVE)<\/span>\u00a0<\/strong><\/p>\n<p>Detec\u00e7\u00e3o laboratorial de agentes patog\u00eanicos de animais por t\u00e9cnicas de biologia molecular<\/p>\n<ul>\n<li>Testes moleculares de diagn\u00f3stico em amostras de sangue, tecidos e vetores<\/li>\n<li>Testes sorol\u00f3gicos de diagn\u00f3stico para hemoparasitos.<\/li>\n<\/ul>\n<p>&nbsp;<\/p>\n<p><strong><span class=\"fontstyle0\">Local:<\/span><\/strong><span class=\"fontstyle2\"> sala 29 do Instituto de Veterin\u00e1ria<\/span><\/p>\n<p><span class=\"fontstyle2\">Coordena\u00e7\u00e3o do Prof. HUARRISSON AZEVEDO SANTOS\u00a0<\/span><\/p>\n<p><span class=\"fontstyle2\"> Vice-Coordena\u00e7\u00e3o da Prof.\u00aa ISABELE DA COSTA ANGELO<\/span><\/p>\n<p><strong>Contato:\u00a0<\/strong>lasavediagnosticomolecular@gmail.com<\/p>\n<p>&nbsp;<\/p>\n<hr \/>\n<p><strong><span class=\"fontstyle0\">Laborat\u00f3rio de Diagn\u00f3stico Necrosc\u00f3pico em Patologia de Aves<\/span><\/strong><\/p>\n<p>Diagn\u00f3stico necrosc\u00f3pico de patologias av\u00edcolas<\/p>\n<p>Colheita de material para an\u00e1lises<\/p>\n<p><span class=\"fontstyle2\"><strong>Local: <\/strong>sala 33 do Instituto de Veterin\u00e1ria<\/span><\/p>\n<p><span class=\"fontstyle2\">Coordena\u00e7\u00e3o do Prof. HUARRISSON AZEVEDO SANTOS<\/span><\/p>\n<p><span class=\"fontstyle2\">Vice-Coordena\u00e7\u00e3o do T\u00e9cnico Administrativo JOSEMAR CESAR GON\u00c7ALVES<\/span><\/p>\n<p>&nbsp;<\/p>\n<hr \/>\n<p><strong><span class=\"fontstyle0\">Laborat\u00f3rio de Histopatologia<\/span><\/strong><\/p>\n<p><strong>Local:<\/strong> <span class=\"fontstyle2\">\u00a0salas 34 e 35 do Anexo 1 do <\/span>Instituto de Veterin\u00e1ria<\/p>\n<p>Coordena\u00e7\u00e3o da Prof.\u00aa. VIVIAN DE ASSUN\u00c7\u00c3O NOGUEIRA CARVALHO<\/p>\n<dl>\n<dt><span class=\"fontstyle0\">Vice-Coordena\u00e7\u00e3o da Prof.\u00aa TICIANA DO NASCIMENTO FRAN\u00c7A<\/span><\/dt>\n<\/dl>\n<dl><\/dl>\n<hr \/>\n<p><strong><span class=\"fontstyle0\">Laborat\u00f3rio de Imunohistoqu\u00edmica<\/span><\/strong><\/p>\n<p><strong>Local:<\/strong> <span class=\"fontstyle2\">salas 34 e 35 do Anexo 1 do <\/span>Instituto de Veterin\u00e1ria<\/p>\n<p>Coordena\u00e7\u00e3o da Prof.\u00aa. VIVIAN DE ASSUN\u00c7\u00c3O NOGUEIRA CARVALHO<\/p>\n<dl>\n<dt><span class=\"fontstyle0\">Vice-Coordena\u00e7\u00e3o da Prof.\u00aa TICIANA DO NASCIMENTO FRAN\u00c7A<\/span><\/dt>\n<\/dl>\n<dl><\/dl>\n<hr \/>\n<p><strong><span class=\"fontstyle0\">Laborat\u00f3rio de Diagn\u00f3stico Necrosc\u00f3pico<\/span><\/strong><span class=\"fontstyle2\">, <\/span><\/p>\n<p><strong>Local:<\/strong> <span class=\"fontstyle2\">sala de necropsia no Anexo 1 do <\/span>Instituto de Veterin\u00e1ria<\/p>\n<p><span class=\"fontstyle2\">Coordena\u00e7\u00e3o do Prof. DANIEL GUIMAR\u00c3ES UBIALI <\/span><\/p>\n<p><span class=\"fontstyle2\">Vice-Coordena\u00e7\u00e3o do T\u00e9cnico Administrativo JOS\u00c9 MIGUEL FARIAS HERNANDEZ<\/span><\/p>\n<hr \/>\n<p><strong> <span class=\"fontstyle0\">Laborat\u00f3rio de Epidemiologia Anal\u00edtica e Bioinform\u00e1tica <\/span><\/strong><\/p>\n<p><strong><span class=\"fontstyle0\">Local:<\/span><\/strong><span class=\"fontstyle2\"> sala 67 do Instituto de Veterin\u00e1ria<\/span><\/p>\n<p><span class=\"fontstyle2\">Coordena\u00e7\u00e3o da Prof.\u00aa. ISABELE DA COSTA ANGELO<\/span><\/p>\n<p><span class=\"fontstyle2\">Vice-Coordena\u00e7\u00e3o do Prof. HUARRISSON AZEVEDO SANTOS<\/span><\/p>\n<hr \/>\n<p><strong> <span class=\"fontstyle0\">Laborat\u00f3rio de Controle de Artr\u00f3podes de Import\u00e2ncia em Sa\u00fade P\u00fablica <\/span><\/strong><\/p>\n<p><strong><span class=\"fontstyle0\">Local:<\/span><\/strong><span class=\"fontstyle2\"> sala 47 do Instituto de Veterin\u00e1ria<\/span><\/p>\n<p><span class=\"fontstyle2\">Coordena\u00e7\u00e3o da Prof.\u00aa. ISABELE DA COSTA ANGELO\u00a0<\/span><\/p>\n<p><span class=\"fontstyle2\"> Vice-Coordena\u00e7\u00e3o da Prof.\u00aa. PATR\u00cdCIA SILVA GOLO; <\/span><\/p>\n<dl><\/dl>\n<hr \/>\n<p><strong> <span class=\"fontstyle0\">Laborat\u00f3rio de Doen\u00e7as Parasit\u00e1rias &#8220;Cultivo de c\u00e9lulas&#8221;<\/span><\/strong><\/p>\n<p><span class=\"fontstyle2\"><strong><span class=\"fontstyle0\">Local:<\/span><\/strong> salas 31, 32, 33 e 46 do Anexo 1 do Instituto de Veterin\u00e1ria<\/span><\/p>\n<p><span class=\"fontstyle2\">Coordena\u00e7\u00e3o do Prof. TIAGO MARQUES DOS SANTOS\u00a0<\/span><\/p>\n<p><span class=\"fontstyle2\">Vice-Coordena\u00e7\u00e3o do T\u00e9cnico Administrativo MATHEUS DIAS CORDEIRO<\/span><\/p>\n<hr \/>\n<h1 style=\"text-align: center\"><img loading=\"lazy\" decoding=\"async\" class=\" wp-image-2729 alignleft\" src=\"https:\/\/institutos.ufrrj.br\/iv\/wp-content\/uploads\/sites\/107\/2022\/09\/lipoa_2-21-300x228.jpg\" alt=\"\" width=\"167\" height=\"127\" srcset=\"https:\/\/institutos.ufrrj.br\/iv\/wp-content\/uploads\/sites\/107\/2022\/09\/lipoa_2-21-300x228.jpg 300w, https:\/\/institutos.ufrrj.br\/iv\/wp-content\/uploads\/sites\/107\/2022\/09\/lipoa_2-21-1024x779.jpg 1024w, https:\/\/institutos.ufrrj.br\/iv\/wp-content\/uploads\/sites\/107\/2022\/09\/lipoa_2-21-768x584.jpg 768w, https:\/\/institutos.ufrrj.br\/iv\/wp-content\/uploads\/sites\/107\/2022\/09\/lipoa_2-21.jpg 1233w\" sizes=\"auto, (max-width: 167px) 100vw, 167px\" \/><\/h1>\n<p><strong><span class=\"fontstyle0\">Laborat\u00f3rio de Inspe\u00e7\u00e3o Higi\u00eanico Sanit\u00e1ria e Tecnol\u00f3gica de Produtos de Origem Animal (LIPOA-UFRRJ)<\/span><\/strong><\/p>\n<p>Desenvolvimento de atividades de ensino, pesquisa e extens\u00e3o no que tange a obten\u00e7\u00e3o, processamento, comercializa\u00e7\u00e3o de produtos de origem animal<\/p>\n<p>An\u00e1lises laboratoriais de produtos e alimentos de origem animal, sob o ponto de vista higi\u00eanico sanit\u00e1rio e tecnol\u00f3gico<\/p>\n<dl><\/dl>\n<dl><\/dl>\n<p><span class=\"fontstyle0\"><span class=\"fontstyle2\"><strong>Local:<\/strong><\/span> Bloco do Hospital Veterin\u00e1rio de Grandes Animais<\/span><\/p>\n<p><span class=\"fontstyle0\">Coordena\u00e7\u00e3o do Prof. M\u00c1RCIO REIS PEREIRA DE SOUSA<\/span><\/p>\n<p><span class=\"fontstyle0\">Vice-Coordena\u00e7\u00e3o do Prof. HUARRISSON AZEVEDO SANTOS<\/span><\/p>\n<hr \/>\n<p><strong><span class=\"fontstyle0\">Laborat\u00f3rio de Medicina Veterin\u00e1ria Forense<\/span><\/strong><\/p>\n<p><span class=\"fontstyle2\"><span class=\"fontstyle0\"><strong>Local: <\/strong>Departamento de Epidemiologia e Sa\u00fade P\u00fablica &#8211; Instituto de Veterin\u00e1ria<\/span><\/span><\/p>\n<p><span class=\"fontstyle2\">Coordena\u00e7\u00e3o do Prof. CARLOS ALEXANDRE REY MATIAS<\/span><\/p>\n","protected":false},"excerpt":{"rendered":"<p>Conhe\u00e7a os laborat\u00f3rios do Departamento de Epidemiologia e Sa\u00fade P\u00fablica. Laborat\u00f3rio de Doen\u00e7as Infecciosas Detec\u00e7\u00e3o laboratorial de agentes infecciosos patog\u00eanicos <a class=\"read-more\" href=\"https:\/\/institutos.ufrrj.br\/iv\/departamentos\/desp\/laboratorios\/ \" >&#8230; <span class=\"font-italic\">leia mais <i class=\"fas fa-angle-right\"><\/i><\/span><\/a><\/p>\n","protected":false},"author":20,"featured_media":0,"parent":11,"menu_order":4,"comment_status":"closed","ping_status":"closed","template":"","meta":{"_themeisle_gutenberg_block_has_review":false,"footnotes":""},"class_list":["post-382","page","type-page","status-publish","hentry"],"_links":{"self":[{"href":"https:\/\/institutos.ufrrj.br\/iv\/wp-json\/wp\/v2\/pages\/382","targetHints":{"allow":["GET"]}}],"collection":[{"href":"https:\/\/institutos.ufrrj.br\/iv\/wp-json\/wp\/v2\/pages"}],"about":[{"href":"https:\/\/institutos.ufrrj.br\/iv\/wp-json\/wp\/v2\/types\/page"}],"author":[{"embeddable":true,"href":"https:\/\/institutos.ufrrj.br\/iv\/wp-json\/wp\/v2\/users\/20"}],"replies":[{"embeddable":true,"href":"https:\/\/institutos.ufrrj.br\/iv\/wp-json\/wp\/v2\/comments?post=382"}],"version-history":[{"count":16,"href":"https:\/\/institutos.ufrrj.br\/iv\/wp-json\/wp\/v2\/pages\/382\/revisions"}],"predecessor-version":[{"id":2731,"href":"https:\/\/institutos.ufrrj.br\/iv\/wp-json\/wp\/v2\/pages\/382\/revisions\/2731"}],"up":[{"embeddable":true,"href":"https:\/\/institutos.ufrrj.br\/iv\/wp-json\/wp\/v2\/pages\/11"}],"wp:attachment":[{"href":"https:\/\/institutos.ufrrj.br\/iv\/wp-json\/wp\/v2\/media?parent=382"}],"curies":[{"name":"wp","href":"https:\/\/api.w.org\/{rel}","templated":true}]}}