{"id":6,"date":"2020-04-20T19:00:37","date_gmt":"2020-04-20T22:00:37","guid":{"rendered":"http:\/\/r1.ufrrj.br\/wp\/iv\/"},"modified":"2025-09-29T10:09:23","modified_gmt":"2025-09-29T13:09:23","slug":"apresentacao","status":"publish","type":"page","link":"https:\/\/institutos.ufrrj.br\/iv\/apresentacao\/","title":{"rendered":"Apresenta\u00e7\u00e3o"},"content":{"rendered":"<div>\u00a0 \u00a0 \u00a0 \u00a0 \u00a0 O ensino de Medicina Veterin\u00e1ria no Brasil teve como escola pioneira o atual Curso de Gradua\u00e7\u00e3o do Instituto de Veterin\u00e1ria da UFRRJ. O marco inicial foi a cria\u00e7\u00e3o da Escola Superior de Agricultura e Medicina Veterin\u00e1ria \u2013 ESAMV, atrav\u00e9s do Decreto 8.319 de 20\/10\/1910.<br \/>\nInicialmente, subordinada ao Minist\u00e9rio da Agricultura, a ESAMV teve como primeira sede o pal\u00e1cio Duque de Saxe \u00e0 rua General Canabarro e sua \u00e1rea de pr\u00e1ticas em Deodoro, atual Rio de Janeiro, RJ. Em 1914 foi transferida para Pinheiral, no Estado do Rio de Janeiro, onde diplomou sua primeira turma em 1917. Mudou-se para Niter\u00f3i, RJ em 1918 e retornou \u00e0 ent\u00e3o capital Rio de Janeiro em 1927, no bairro da Praia Vermelha.<br \/>\nPosteriormente em 1934, os cursos da ESAMV foram individualizados em Escola Nacional de Agronomia \u2013 ENA e Escola Nacional de Veterin\u00e1ria \u2013 ENV. Mais tarde em 1948, a ENV foi transferida para junto do Centro Nacional de Pesquisa Agropecu\u00e1ria \u2013 CNEPA, no ent\u00e3o Munic\u00edpio de Itagua\u00ed, RJ.<br \/>\nCom a reestrutura\u00e7\u00e3o do CNEPA em 1965, foi criada a Universidade Rural (UR) incorporando a ENA e ENV.<br \/>\nA Escola Nacional de Veterin\u00e1ria foi denominada e integrada sucessivamente a Universidade Rural \u2013 UR, Universidade Rural do Rio de Janeiro \u2013 URRJ, Universidade Rural do Brasil \u2013 URB, at\u00e9 chegar a se transformar, em 1965, em UFRRJ, subordinando-se ao MEC.<br \/>\nA UFRRJ, a partir de 1968, teve sua estrutura reformulada, dando-lhe caracter\u00edsticas de autarquia de regime especial, com autonomia did\u00e1tica e cient\u00edfica, administrativa e disciplinar. Do estatuto constam as unidades acad\u00eamicas de ensino, pesquisa e extens\u00e3o, entre as quais o Instituto de Veterin\u00e1ria.<br \/>\nAtualmente, o <strong>Instituto de Veterin\u00e1ria<\/strong> est\u00e1 estruturado em 04 Departamentos: <strong>Medicina e Cirurgia Veterin\u00e1ria \u2013 DMCV, Epidemiologia e Sa\u00fade P\u00fablica \u2013 DESP, Microbiologia e Imunologia Veterin\u00e1ria \u2013 DMIV e Parasitologia Animal \u2013 DPA.<\/strong>\u00a0Al\u00e9m disso, conta com o <strong>Hospital Veterin\u00e1rio<\/strong> (Pequenos e Grande Animais), <strong>Diretoria<\/strong> e <strong>Secretaria Administrativa<\/strong>.<br \/>\nO Instituto oferece o curso de ensino de gradua\u00e7\u00e3o em <strong>Medicina Veterin\u00e1ria<\/strong>, os <strong>Programas de P\u00f3s-Gradua\u00e7\u00e3o em Medicina Veterin\u00e1ria<\/strong> (PGMV &#8211; mestrado e doutorado) e <strong>Ci\u00eancias Veterin\u00e1rias<\/strong> (PPGCV &#8211; mestrado e doutorado).<\/div>\n<div><\/div>\n<div><\/div>\n<div><\/div>\n<div>\n<div><strong>Diretor:<\/strong> Edson Jesus de Souza<\/div>\n<div><strong>Vice-Diretora:<\/strong> Isabele da Costa Angelo<\/div>\n<div><strong>Sala:<\/strong> 79 do 2\u00ba andar do Pr\u00e9dio Principal do IV<\/div>\n<div><strong>Telefone:<\/strong> (21) 2682-1308<\/div>\n<div>\n<p><strong>E-mail:<\/strong> iveterinaria@ufrrj.br<\/p>\n<p><strong>Agenda P\u00fablica da Diretora do IV:<\/strong><\/p>\n<p><a href=\"https:\/\/calendar.google.com\/calendar\/u\/0\/embed?src=marquesapl@ufrrj.br&amp;ctz=America\/Sao_Paulo\">https:\/\/calendar.google.com\/calendar\/u\/0\/embed?src=marquesapl@ufrrj.br&amp;ctz=America\/Sao_Paulo<\/a><\/p>\n<\/div>\n<\/div>\n<p><strong>Agenda P\u00fablica do Vice-Diretor do IV:<\/strong><\/p>\n<p><a href=\"https:\/\/calendar.google.com\/calendar\/u\/0\/embed?height=600&amp;wkst=1&amp;bgcolor=%23ffffff&amp;ctz=America\/Sao_Paulo&amp;src=Y2FtYXRpYXNAdWZycmouYnI&amp;color=%23039BE5\">https:\/\/calendar.google.com\/calendar\/u\/0\/embed?height=600&amp;wkst=1&amp;bgcolor=%23ffffff&amp;ctz=America\/Sao_Paulo&amp;src=Y2FtYXRpYXNAdWZycmouYnI&amp;color=%23039BE5<\/a><\/p>\n<div><\/div>\n","protected":false},"excerpt":{"rendered":"<p>\u00a0 \u00a0 \u00a0 \u00a0 \u00a0 O ensino de Medicina Veterin\u00e1ria no Brasil teve como escola pioneira o atual Curso de <a class=\"read-more\" href=\"https:\/\/institutos.ufrrj.br\/iv\/apresentacao\/ \" >&#8230; <span class=\"font-italic\">leia mais <i class=\"fas fa-angle-right\"><\/i><\/span><\/a><\/p>\n","protected":false},"author":20,"featured_media":0,"parent":0,"menu_order":0,"comment_status":"closed","ping_status":"closed","template":"","meta":{"_themeisle_gutenberg_block_has_review":false,"footnotes":""},"class_list":["post-6","page","type-page","status-publish","hentry"],"_links":{"self":[{"href":"https:\/\/institutos.ufrrj.br\/iv\/wp-json\/wp\/v2\/pages\/6","targetHints":{"allow":["GET"]}}],"collection":[{"href":"https:\/\/institutos.ufrrj.br\/iv\/wp-json\/wp\/v2\/pages"}],"about":[{"href":"https:\/\/institutos.ufrrj.br\/iv\/wp-json\/wp\/v2\/types\/page"}],"author":[{"embeddable":true,"href":"https:\/\/institutos.ufrrj.br\/iv\/wp-json\/wp\/v2\/users\/20"}],"replies":[{"embeddable":true,"href":"https:\/\/institutos.ufrrj.br\/iv\/wp-json\/wp\/v2\/comments?post=6"}],"version-history":[{"count":10,"href":"https:\/\/institutos.ufrrj.br\/iv\/wp-json\/wp\/v2\/pages\/6\/revisions"}],"predecessor-version":[{"id":2938,"href":"https:\/\/institutos.ufrrj.br\/iv\/wp-json\/wp\/v2\/pages\/6\/revisions\/2938"}],"wp:attachment":[{"href":"https:\/\/institutos.ufrrj.br\/iv\/wp-json\/wp\/v2\/media?parent=6"}],"curies":[{"name":"wp","href":"https:\/\/api.w.org\/{rel}","templated":true}]}}