{"id":68,"date":"2010-06-23T14:31:42","date_gmt":"2010-06-23T17:31:42","guid":{"rendered":"http:\/\/r1.ufrrj.br\/wp\/iv\/"},"modified":"2023-03-17T15:40:34","modified_gmt":"2023-03-17T18:40:34","slug":"disciplinas","status":"publish","type":"page","link":"https:\/\/institutos.ufrrj.br\/iv\/departamentos\/desp\/disciplinas\/","title":{"rendered":"Disciplinas"},"content":{"rendered":"<p>Anatomia Patol\u00f3gica -(IV 125)<\/p>\n<p>Anatomia Patol\u00f3gica Especial &#8211; (IV 126)<\/p>\n<p>Assist\u00eancia e Assessoria -(IV 102)<\/p>\n<p>Defesa Sanit\u00e1ria Animal -(IV 138)<\/p>\n<p>Deontologia e Legisla\u00e7\u00e3o M\u00e9dica Veterin\u00e1ria -(IV 101)<\/p>\n<p>Doen\u00e7as Infecciosas -(IV 104)<\/p>\n<p>Doen\u00e7as Parasit\u00e1rias -(IV 105)<\/p>\n<p>Epidemiologia Anal\u00edtica -(IV 152)<\/p>\n<p>Epidemiologia Geral -(IV 144)<\/p>\n<p>Higiene Rural -(IV 106)<\/p>\n<p>Histopatologia Especial &#8211; (IV 109)<\/p>\n<p>Histopatologia I &#8211; (IV 108)<\/p>\n<p>Inspe\u00e7\u00e3o Higi\u00eanica, Sanit\u00e1ria e Tecnol\u00f3gica de Produtos C\u00e1rneos &#8211; (IV 142)<\/p>\n<p>Inspe\u00e7\u00e3o Higi\u00eanica, Sanit\u00e1ria e Tecnol\u00f3gica de Pescado, Leite e Mel &#8211; (IV 143)<\/p>\n<p>Medicina Veterin\u00e1ria Legal e Per\u00edcia M\u00e9dica Veterin\u00e1ria &#8211; (IV 139)<\/p>\n<p>Patologia Geral &#8211; (IV 148)<\/p>\n<p>Sanidade Av\u00edcola &#8211; (IV 141)<\/p>\n<p>Sa\u00fade P\u00fablica &#8211; (IV 147)<\/p>\n<p>Vigil\u00e2ncia Ambiental &#8211; (IV 146)<\/p>\n<p>Vigil\u00e2ncia Sanit\u00e1ria I &#8211; (IV 149)<\/p>\n<p>Zoonoses &#8211; (IV 150)<\/p>\n","protected":false},"excerpt":{"rendered":"<p>Anatomia Patol\u00f3gica -(IV 125) Anatomia Patol\u00f3gica Especial &#8211; (IV 126) Assist\u00eancia e Assessoria -(IV 102) Defesa Sanit\u00e1ria Animal -(IV 138) <a class=\"read-more\" href=\"https:\/\/institutos.ufrrj.br\/iv\/departamentos\/desp\/disciplinas\/ \" >&#8230; <span class=\"font-italic\">leia mais <i class=\"fas fa-angle-right\"><\/i><\/span><\/a><\/p>\n","protected":false},"author":20,"featured_media":0,"parent":11,"menu_order":2,"comment_status":"closed","ping_status":"closed","template":"","meta":{"_themeisle_gutenberg_block_has_review":false,"footnotes":""},"class_list":["post-68","page","type-page","status-publish","hentry"],"_links":{"self":[{"href":"https:\/\/institutos.ufrrj.br\/iv\/wp-json\/wp\/v2\/pages\/68","targetHints":{"allow":["GET"]}}],"collection":[{"href":"https:\/\/institutos.ufrrj.br\/iv\/wp-json\/wp\/v2\/pages"}],"about":[{"href":"https:\/\/institutos.ufrrj.br\/iv\/wp-json\/wp\/v2\/types\/page"}],"author":[{"embeddable":true,"href":"https:\/\/institutos.ufrrj.br\/iv\/wp-json\/wp\/v2\/users\/20"}],"replies":[{"embeddable":true,"href":"https:\/\/institutos.ufrrj.br\/iv\/wp-json\/wp\/v2\/comments?post=68"}],"version-history":[{"count":7,"href":"https:\/\/institutos.ufrrj.br\/iv\/wp-json\/wp\/v2\/pages\/68\/revisions"}],"predecessor-version":[{"id":2756,"href":"https:\/\/institutos.ufrrj.br\/iv\/wp-json\/wp\/v2\/pages\/68\/revisions\/2756"}],"up":[{"embeddable":true,"href":"https:\/\/institutos.ufrrj.br\/iv\/wp-json\/wp\/v2\/pages\/11"}],"wp:attachment":[{"href":"https:\/\/institutos.ufrrj.br\/iv\/wp-json\/wp\/v2\/media?parent=68"}],"curies":[{"name":"wp","href":"https:\/\/api.w.org\/{rel}","templated":true}]}}