{"id":9,"date":"2020-04-20T20:00:56","date_gmt":"2020-04-20T23:00:56","guid":{"rendered":"http:\/\/r1.ufrrj.br\/wp\/iv\/"},"modified":"2020-04-20T20:15:53","modified_gmt":"2020-04-20T23:15:53","slug":"departamentos","status":"publish","type":"page","link":"https:\/\/institutos.ufrrj.br\/iv\/departamentos\/","title":{"rendered":"Departamentos"},"content":{"rendered":"<p>O <strong>Instituto de Veterin\u00e1ria<\/strong> possui os seguintes departamentos de ensino:<\/p>\n<ul>\n<li><a href=\"http:\/\/r1.ufrrj.br\/wp\/iv\/departamentos\/desp\/\">Departamento de Epidemiologia e Sa\u00fade P\u00fablica (DESP)<\/a><\/li>\n<li><a href=\"http:\/\/r1.ufrrj.br\/wp\/iv\/departamentos\/dmiv\/\"> Departamento de Microbiologia e Imunologia Veterin\u00e1ria (DMIV)<\/a><\/li>\n<li><a href=\"http:\/\/r1.ufrrj.br\/wp\/iv\/departamentos\/dmcv\/\"> Departamento de Medicina e Cirurgia Veterin\u00e1ria (DMCV)<\/a><\/li>\n<li><a href=\"http:\/\/r1.ufrrj.br\/wp\/iv\/departamentos\/dpa\/\"> Departamento de Parasitologia Animal (DPA)<\/a><\/li>\n<\/ul>\n","protected":false},"excerpt":{"rendered":"<p>O Instituto de Veterin\u00e1ria possui os seguintes departamentos de ensino: Departamento de Epidemiologia e Sa\u00fade P\u00fablica (DESP) Departamento de Microbiologia <a class=\"read-more\" href=\"https:\/\/institutos.ufrrj.br\/iv\/departamentos\/ \" >&#8230; <span class=\"font-italic\">leia mais <i class=\"fas fa-angle-right\"><\/i><\/span><\/a><\/p>\n","protected":false},"author":20,"featured_media":0,"parent":0,"menu_order":3,"comment_status":"closed","ping_status":"closed","template":"","meta":{"_themeisle_gutenberg_block_has_review":false,"footnotes":""},"class_list":["post-9","page","type-page","status-publish","hentry"],"_links":{"self":[{"href":"https:\/\/institutos.ufrrj.br\/iv\/wp-json\/wp\/v2\/pages\/9","targetHints":{"allow":["GET"]}}],"collection":[{"href":"https:\/\/institutos.ufrrj.br\/iv\/wp-json\/wp\/v2\/pages"}],"about":[{"href":"https:\/\/institutos.ufrrj.br\/iv\/wp-json\/wp\/v2\/types\/page"}],"author":[{"embeddable":true,"href":"https:\/\/institutos.ufrrj.br\/iv\/wp-json\/wp\/v2\/users\/20"}],"replies":[{"embeddable":true,"href":"https:\/\/institutos.ufrrj.br\/iv\/wp-json\/wp\/v2\/comments?post=9"}],"version-history":[{"count":2,"href":"https:\/\/institutos.ufrrj.br\/iv\/wp-json\/wp\/v2\/pages\/9\/revisions"}],"predecessor-version":[{"id":1929,"href":"https:\/\/institutos.ufrrj.br\/iv\/wp-json\/wp\/v2\/pages\/9\/revisions\/1929"}],"wp:attachment":[{"href":"https:\/\/institutos.ufrrj.br\/iv\/wp-json\/wp\/v2\/media?parent=9"}],"curies":[{"name":"wp","href":"https:\/\/api.w.org\/{rel}","templated":true}]}}