{"id":12,"date":"2014-10-23T17:17:10","date_gmt":"2014-10-23T17:17:10","guid":{"rendered":"http:\/\/institutos.ufrrj.br\/iz\/?page_id=12"},"modified":"2017-05-25T15:27:34","modified_gmt":"2017-05-25T18:27:34","slug":"historia","status":"publish","type":"page","link":"https:\/\/institutos.ufrrj.br\/iz\/historia\/","title":{"rendered":"Hist\u00f3ria"},"content":{"rendered":"<p>A cria\u00e7\u00e3o do Instituto de Zootecnia (IZ) e demais institutos desta universidade, no in\u00edcio da d\u00e9cada de 1970, teve por objetivo maior, facilitar, pela concentra\u00e7\u00e3o tem\u00e1tica, o desenvolvimento das atividades de ensino, pesquisa e extens\u00e3o relacionados com a zootecnia (<em>ver Box<\/em>), em \u00e9poca em que se descortinava a necessidade de maior especializa\u00e7\u00e3o na \u00e1rea do conhecimento que, at\u00e9 ent\u00e3o, era fragmentada nos curr\u00edculos dos cursos de agronomia e medicina veterin\u00e1ria. A\u00a0sua cria\u00e7\u00e3o contribuiu para\u00a0a instala\u00e7\u00e3o do Curso de Gradua\u00e7\u00e3o em Zootecnia em nossa universidade, o segundo do pa\u00eds, cujo primeiro exame vestibular ocorreu no in\u00edcio de 1970. O IZ \u00e9, portanto,\u00a0 um desdobramento do antigo Departamento de Zootecnia.<\/p>\n<p>Uma curiosidade marca a atual localiza\u00e7\u00e3o de sua sede administrativa: funciona no mesmo edif\u00edcio-sede do antigo Instituto de Zootecnia, vinculado ao\u00a0Minist\u00e9rio da Agricultura\u00a0(IZ-MA),\u00a0\u00a0aqui localizado antes mesmo\u00a0da inaugura\u00e7\u00e3o do campus Serop\u00e9dica da nossa universidade\u00a0a qual, juntamente com o IZ-MA, fazia parte da estrutura\u00a0do Centro Nacional de Ensino e Pesquisa Agron\u00f4mica\u00a0 (CNEPA), tamb\u00e9m \u00f3rg\u00e3o do Minist\u00e9rio da Agricultura. Tal fato leva algumas pessoas a indagarem, por exemplo, o porqu\u00ea da\u00a0refer\u00eancia como\u00a0\u201cEscolinha do IZ\u201d \u00e0\u00a0uma escola de ensino m\u00e9dio ainda\u00a0existente neste munic\u00edpio. Naquela \u00e9poca, dadas as dificuldades de ensino e transporte para os filhos de servidores j\u00e1 residentes na \u00e1rea,\u00a0foi criada\u00a0uma escola de ensino fundamental num pr\u00e9dio anexo ao IZ-MA, onde funcionou por mais de trinta anos, at\u00e9 sua transfer\u00eancia para o local atual de sua sede.<\/p>\n<p>Registra-se, em favor da hist\u00f3ria do atual\u00a0IZ, o nome do Professor Oct\u00e1vio Domingues, engenheiro-agr\u00f4nomo, que incans\u00e1vel, e idealisticamente, batalhou pela constitui\u00e7\u00e3o do curso superior de zootecnia, da nossa e de outras universidades. O primeiro diretor do IZ, na configura\u00e7\u00e3o atual, foi o Professor Eurico Cort\u00eaz, referenciado pela comunidade universit\u00e1ria como \u201cgeneral\u201d, por conta de sua origem do ex\u00e9rcito brasileiro onde foi general m\u00e9dico-veterin\u00e1rio. Era, simultaneamente, professor do Instituto de Veterin\u00e1ria. Foi sucedido pelo Professor Vicente de Paulo Gra\u00e7a, tamb\u00e9m m\u00e9dico veterin\u00e1rio e que j\u00e1 havia ocupado o cargo de diretor do antigo IZ-MA. Professor Vicente Gra\u00e7a trouxe, com sua experi\u00eancia, uma nova din\u00e2mica ao ensino, principalmente com a infra-estrutura f\u00edsica representada pela consolida\u00e7\u00e3o dos setores de produ\u00e7\u00e3o animal. Na seq\u00fc\u00eancia ocuparam o cargo os professores Nei Queiroz Silva, Jorge Carlos Dias de Sousa, Jos\u00e9 Paulo de Oliveira, Nelson Jorge Moraes Matos, Luis C\u00e9sar Cris\u00f3stomo e, atualmente, Fernando Augusto Curvello, egressos, com a exce\u00e7\u00e3o do pen\u00faltimo, de cursos de gradua\u00e7\u00e3o da pr\u00f3pria universidade.<\/p>\n<p>Em 1996 um marco importante, foi a aprova\u00e7\u00e3o, pelas inst\u00e2ncias e \u00f3rg\u00e3os competentes, da cria\u00e7\u00e3o do Programa de P\u00f3s-Gradua\u00e7\u00e3o em Zootecnia, atendendo a uma aspira\u00e7\u00e3o antiga do corpo docente, preocupado com as transforma\u00e7\u00f5es que vinham sendo observadas no ensino universit\u00e1rio do pa\u00eds, principalmente na natureza e volume das\u00a0 pesquisas.\u00a0Atualmente no IZ, \u00e9 patente a preocupa\u00e7\u00e3o com a garantia da manuten\u00e7\u00e3o e mesmo a evolu\u00e7\u00e3o da qualidade, com a infra-estrutura e pessoal dispon\u00edveis, bem como uma maior integra\u00e7\u00e3o da gradua\u00e7\u00e3o com a p\u00f3s-gradua\u00e7\u00e3o.<\/p>\n","protected":false},"excerpt":{"rendered":"<p>A cria\u00e7\u00e3o do Instituto de Zootecnia (IZ) e demais institutos desta universidade, no in\u00edcio da d\u00e9cada de 1970, teve por objetivo maior, [&hellip;]<\/p>\n","protected":false},"author":20,"featured_media":0,"parent":0,"menu_order":0,"comment_status":"open","ping_status":"open","template":"","meta":{"_acf_changed":false,"_themeisle_gutenberg_block_has_review":false,"footnotes":"","_links_to":"","_links_to_target":""},"class_list":["post-12","page","type-page","status-publish","hentry"],"acf":[],"yoast_head":"<!-- This site is optimized with the Yoast SEO plugin v26.8 - https:\/\/yoast.com\/product\/yoast-seo-wordpress\/ -->\n<title>Hist\u00f3ria - Instituto de Zootecnia<\/title>\n<meta name=\"robots\" content=\"index, follow, max-snippet:-1, max-image-preview:large, max-video-preview:-1\" \/>\n<link rel=\"canonical\" href=\"https:\/\/institutos.ufrrj.br\/iz\/historia\/\" \/>\n<meta property=\"og:locale\" content=\"pt_BR\" \/>\n<meta property=\"og:type\" content=\"article\" \/>\n<meta property=\"og:title\" content=\"Hist\u00f3ria - Instituto de Zootecnia\" \/>\n<meta property=\"og:description\" content=\"A cria\u00e7\u00e3o do Instituto de Zootecnia (IZ) e demais institutos desta universidade, no in\u00edcio da d\u00e9cada de 1970, teve por objetivo maior, [&hellip;]\" \/>\n<meta property=\"og:url\" content=\"https:\/\/institutos.ufrrj.br\/iz\/historia\/\" \/>\n<meta property=\"og:site_name\" content=\"Instituto de Zootecnia\" \/>\n<meta property=\"article:modified_time\" content=\"2017-05-25T18:27:34+00:00\" \/>\n<meta name=\"twitter:card\" content=\"summary_large_image\" \/>\n<meta name=\"twitter:label1\" content=\"Est. tempo de leitura\" \/>\n\t<meta name=\"twitter:data1\" content=\"3 minutos\" \/>\n<script type=\"application\/ld+json\" class=\"yoast-schema-graph\">{\"@context\":\"https:\/\/schema.org\",\"@graph\":[{\"@type\":\"WebPage\",\"@id\":\"https:\/\/institutos.ufrrj.br\/iz\/historia\/\",\"url\":\"https:\/\/institutos.ufrrj.br\/iz\/historia\/\",\"name\":\"Hist\u00f3ria - Instituto de Zootecnia\",\"isPartOf\":{\"@id\":\"https:\/\/institutos.ufrrj.br\/iz\/#website\"},\"datePublished\":\"2014-10-23T17:17:10+00:00\",\"dateModified\":\"2017-05-25T18:27:34+00:00\",\"breadcrumb\":{\"@id\":\"https:\/\/institutos.ufrrj.br\/iz\/historia\/#breadcrumb\"},\"inLanguage\":\"pt-BR\",\"potentialAction\":[{\"@type\":\"ReadAction\",\"target\":[\"https:\/\/institutos.ufrrj.br\/iz\/historia\/\"]}]},{\"@type\":\"BreadcrumbList\",\"@id\":\"https:\/\/institutos.ufrrj.br\/iz\/historia\/#breadcrumb\",\"itemListElement\":[{\"@type\":\"ListItem\",\"position\":1,\"name\":\"In\u00edcio\",\"item\":\"https:\/\/institutos.ufrrj.br\/iz\/\"},{\"@type\":\"ListItem\",\"position\":2,\"name\":\"Hist\u00f3ria\"}]},{\"@type\":\"WebSite\",\"@id\":\"https:\/\/institutos.ufrrj.br\/iz\/#website\",\"url\":\"https:\/\/institutos.ufrrj.br\/iz\/\",\"name\":\"Instituto de Zootecnia\",\"description\":\"IZ\",\"publisher\":{\"@id\":\"https:\/\/institutos.ufrrj.br\/iz\/#organization\"},\"potentialAction\":[{\"@type\":\"SearchAction\",\"target\":{\"@type\":\"EntryPoint\",\"urlTemplate\":\"https:\/\/institutos.ufrrj.br\/iz\/?s={search_term_string}\"},\"query-input\":{\"@type\":\"PropertyValueSpecification\",\"valueRequired\":true,\"valueName\":\"search_term_string\"}}],\"inLanguage\":\"pt-BR\"},{\"@type\":\"Organization\",\"@id\":\"https:\/\/institutos.ufrrj.br\/iz\/#organization\",\"name\":\"Instituto de Zootecnia\",\"url\":\"https:\/\/institutos.ufrrj.br\/iz\/\",\"logo\":{\"@type\":\"ImageObject\",\"inLanguage\":\"pt-BR\",\"@id\":\"https:\/\/institutos.ufrrj.br\/iz\/#\/schema\/logo\/image\/\",\"url\":\"https:\/\/institutos.ufrrj.br\/iz\/wp-content\/uploads\/sites\/3\/2023\/01\/logo-iz2.jpg\",\"contentUrl\":\"https:\/\/institutos.ufrrj.br\/iz\/wp-content\/uploads\/sites\/3\/2023\/01\/logo-iz2.jpg\",\"width\":867,\"height\":900,\"caption\":\"Instituto de Zootecnia\"},\"image\":{\"@id\":\"https:\/\/institutos.ufrrj.br\/iz\/#\/schema\/logo\/image\/\"}}]}<\/script>\n<!-- \/ Yoast SEO plugin. -->","yoast_head_json":{"title":"Hist\u00f3ria - Instituto de Zootecnia","robots":{"index":"index","follow":"follow","max-snippet":"max-snippet:-1","max-image-preview":"max-image-preview:large","max-video-preview":"max-video-preview:-1"},"canonical":"https:\/\/institutos.ufrrj.br\/iz\/historia\/","og_locale":"pt_BR","og_type":"article","og_title":"Hist\u00f3ria - Instituto de Zootecnia","og_description":"A cria\u00e7\u00e3o do Instituto de Zootecnia (IZ) e demais institutos desta universidade, no in\u00edcio da d\u00e9cada de 1970, teve por objetivo maior, [&hellip;]","og_url":"https:\/\/institutos.ufrrj.br\/iz\/historia\/","og_site_name":"Instituto de Zootecnia","article_modified_time":"2017-05-25T18:27:34+00:00","twitter_card":"summary_large_image","twitter_misc":{"Est. tempo de leitura":"3 minutos"},"schema":{"@context":"https:\/\/schema.org","@graph":[{"@type":"WebPage","@id":"https:\/\/institutos.ufrrj.br\/iz\/historia\/","url":"https:\/\/institutos.ufrrj.br\/iz\/historia\/","name":"Hist\u00f3ria - Instituto de Zootecnia","isPartOf":{"@id":"https:\/\/institutos.ufrrj.br\/iz\/#website"},"datePublished":"2014-10-23T17:17:10+00:00","dateModified":"2017-05-25T18:27:34+00:00","breadcrumb":{"@id":"https:\/\/institutos.ufrrj.br\/iz\/historia\/#breadcrumb"},"inLanguage":"pt-BR","potentialAction":[{"@type":"ReadAction","target":["https:\/\/institutos.ufrrj.br\/iz\/historia\/"]}]},{"@type":"BreadcrumbList","@id":"https:\/\/institutos.ufrrj.br\/iz\/historia\/#breadcrumb","itemListElement":[{"@type":"ListItem","position":1,"name":"In\u00edcio","item":"https:\/\/institutos.ufrrj.br\/iz\/"},{"@type":"ListItem","position":2,"name":"Hist\u00f3ria"}]},{"@type":"WebSite","@id":"https:\/\/institutos.ufrrj.br\/iz\/#website","url":"https:\/\/institutos.ufrrj.br\/iz\/","name":"Instituto de Zootecnia","description":"IZ","publisher":{"@id":"https:\/\/institutos.ufrrj.br\/iz\/#organization"},"potentialAction":[{"@type":"SearchAction","target":{"@type":"EntryPoint","urlTemplate":"https:\/\/institutos.ufrrj.br\/iz\/?s={search_term_string}"},"query-input":{"@type":"PropertyValueSpecification","valueRequired":true,"valueName":"search_term_string"}}],"inLanguage":"pt-BR"},{"@type":"Organization","@id":"https:\/\/institutos.ufrrj.br\/iz\/#organization","name":"Instituto de Zootecnia","url":"https:\/\/institutos.ufrrj.br\/iz\/","logo":{"@type":"ImageObject","inLanguage":"pt-BR","@id":"https:\/\/institutos.ufrrj.br\/iz\/#\/schema\/logo\/image\/","url":"https:\/\/institutos.ufrrj.br\/iz\/wp-content\/uploads\/sites\/3\/2023\/01\/logo-iz2.jpg","contentUrl":"https:\/\/institutos.ufrrj.br\/iz\/wp-content\/uploads\/sites\/3\/2023\/01\/logo-iz2.jpg","width":867,"height":900,"caption":"Instituto de Zootecnia"},"image":{"@id":"https:\/\/institutos.ufrrj.br\/iz\/#\/schema\/logo\/image\/"}}]}},"_links":{"self":[{"href":"https:\/\/institutos.ufrrj.br\/iz\/wp-json\/wp\/v2\/pages\/12","targetHints":{"allow":["GET"]}}],"collection":[{"href":"https:\/\/institutos.ufrrj.br\/iz\/wp-json\/wp\/v2\/pages"}],"about":[{"href":"https:\/\/institutos.ufrrj.br\/iz\/wp-json\/wp\/v2\/types\/page"}],"author":[{"embeddable":true,"href":"https:\/\/institutos.ufrrj.br\/iz\/wp-json\/wp\/v2\/users\/20"}],"replies":[{"embeddable":true,"href":"https:\/\/institutos.ufrrj.br\/iz\/wp-json\/wp\/v2\/comments?post=12"}],"version-history":[{"count":3,"href":"https:\/\/institutos.ufrrj.br\/iz\/wp-json\/wp\/v2\/pages\/12\/revisions"}],"predecessor-version":[{"id":165,"href":"https:\/\/institutos.ufrrj.br\/iz\/wp-json\/wp\/v2\/pages\/12\/revisions\/165"}],"wp:attachment":[{"href":"https:\/\/institutos.ufrrj.br\/iz\/wp-json\/wp\/v2\/media?parent=12"}],"curies":[{"name":"wp","href":"https:\/\/api.w.org\/{rel}","templated":true}]}}