{"id":124,"date":"2017-05-25T14:10:35","date_gmt":"2017-05-25T17:10:35","guid":{"rendered":"http:\/\/institutos.ufrrj.br\/iz\/?page_id=124"},"modified":"2025-03-16T19:04:21","modified_gmt":"2025-03-16T22:04:21","slug":"graduacao","status":"publish","type":"page","link":"https:\/\/institutos.ufrrj.br\/iz\/graduacao\/","title":{"rendered":"Zootecnia"},"content":{"rendered":"<p>Zootecnia \u00e9 a ci\u00eancia aplicada que estuda e aperfei\u00e7oa os meios de promover a adapta\u00e7\u00e3o econ\u00f4mica do animal ao ambiente criat\u00f3rio e deste aos animais com fins econ\u00f4micos. Ultimamente tem-se enfatizado a necessidade de se aliar t\u00e9cnicas de produ\u00e7\u00e3o com o bem-estar animal, assegurando ao consumidor alimento de qualidade produzido dentro dos princ\u00edpios da \u00e9tica.<\/p>\n<p><strong>Modalidade:<\/strong> Bacharelado<br \/>\n<strong>Dura\u00e7\u00e3o do curso:<\/strong> 10 semestres<br \/>\n<strong>Per\u00edodo:<\/strong> Integral<br \/>\n<strong>Grade curricular:\u00a0<\/strong><a href=\"http:\/\/goo.gl\/BeyZYq\">goo.gl\/BeyZYq<\/a><\/p>\n","protected":false},"excerpt":{"rendered":"<p>Zootecnia \u00e9 a ci\u00eancia aplicada que estuda e aperfei\u00e7oa os meios de promover a adapta\u00e7\u00e3o econ\u00f4mica do animal ao ambiente criat\u00f3rio e [&hellip;]<\/p>\n","protected":false},"author":24,"featured_media":0,"parent":0,"menu_order":0,"comment_status":"closed","ping_status":"closed","template":"","meta":{"_acf_changed":false,"_themeisle_gutenberg_block_has_review":false,"footnotes":"","_links_to":"","_links_to_target":""},"class_list":["post-124","page","type-page","status-publish","hentry"],"acf":[],"yoast_head":"<!-- This site is optimized with the Yoast SEO plugin v26.8 - https:\/\/yoast.com\/product\/yoast-seo-wordpress\/ -->\n<title>Zootecnia - Instituto de Zootecnia<\/title>\n<meta name=\"description\" content=\"Zootecnia \u00e9 a ci\u00eancia aplicada que estuda e aperfei\u00e7oa os meios de promover a adapta\u00e7\u00e3o econ\u00f4mica do animal ao ambiente criat\u00f3rio e deste aos animais com fins econ\u00f4micos. Ultimamente tem-se enfatizado a necessidade de se aliar t\u00e9cnicas de produ\u00e7\u00e3o com o bem-estar animal, assegurando ao consumidor alimento de qualidade produzido dentro dos princ\u00edpios da \u00e9tica.\" \/>\n<meta name=\"robots\" content=\"index, follow, max-snippet:-1, max-image-preview:large, max-video-preview:-1\" \/>\n<link rel=\"canonical\" href=\"https:\/\/institutos.ufrrj.br\/iz\/graduacao\/\" \/>\n<meta property=\"og:locale\" content=\"pt_BR\" \/>\n<meta property=\"og:type\" content=\"article\" \/>\n<meta property=\"og:title\" content=\"Zootecnia - Instituto de Zootecnia\" \/>\n<meta property=\"og:description\" content=\"Zootecnia \u00e9 a ci\u00eancia aplicada que estuda e aperfei\u00e7oa os meios de promover a adapta\u00e7\u00e3o econ\u00f4mica do animal ao ambiente criat\u00f3rio e deste aos animais com fins econ\u00f4micos. Ultimamente tem-se enfatizado a necessidade de se aliar t\u00e9cnicas de produ\u00e7\u00e3o com o bem-estar animal, assegurando ao consumidor alimento de qualidade produzido dentro dos princ\u00edpios da \u00e9tica.\" \/>\n<meta property=\"og:url\" content=\"https:\/\/institutos.ufrrj.br\/iz\/graduacao\/\" \/>\n<meta property=\"og:site_name\" content=\"Instituto de Zootecnia\" \/>\n<meta property=\"article:modified_time\" content=\"2025-03-16T22:04:21+00:00\" \/>\n<meta name=\"twitter:card\" content=\"summary_large_image\" \/>\n<meta name=\"twitter:label1\" content=\"Est. tempo de leitura\" \/>\n\t<meta name=\"twitter:data1\" content=\"1 minuto\" \/>\n<script type=\"application\/ld+json\" class=\"yoast-schema-graph\">{\"@context\":\"https:\/\/schema.org\",\"@graph\":[{\"@type\":\"WebPage\",\"@id\":\"https:\/\/institutos.ufrrj.br\/iz\/graduacao\/\",\"url\":\"https:\/\/institutos.ufrrj.br\/iz\/graduacao\/\",\"name\":\"Zootecnia - Instituto de Zootecnia\",\"isPartOf\":{\"@id\":\"https:\/\/institutos.ufrrj.br\/iz\/#website\"},\"datePublished\":\"2017-05-25T17:10:35+00:00\",\"dateModified\":\"2025-03-16T22:04:21+00:00\",\"description\":\"Zootecnia \u00e9 a ci\u00eancia aplicada que estuda e aperfei\u00e7oa os meios de promover a adapta\u00e7\u00e3o econ\u00f4mica do animal ao ambiente criat\u00f3rio e deste aos animais com fins econ\u00f4micos. Ultimamente tem-se enfatizado a necessidade de se aliar t\u00e9cnicas de produ\u00e7\u00e3o com o bem-estar animal, assegurando ao consumidor alimento de qualidade produzido dentro dos princ\u00edpios da \u00e9tica.\",\"breadcrumb\":{\"@id\":\"https:\/\/institutos.ufrrj.br\/iz\/graduacao\/#breadcrumb\"},\"inLanguage\":\"pt-BR\",\"potentialAction\":[{\"@type\":\"ReadAction\",\"target\":[\"https:\/\/institutos.ufrrj.br\/iz\/graduacao\/\"]}]},{\"@type\":\"BreadcrumbList\",\"@id\":\"https:\/\/institutos.ufrrj.br\/iz\/graduacao\/#breadcrumb\",\"itemListElement\":[{\"@type\":\"ListItem\",\"position\":1,\"name\":\"In\u00edcio\",\"item\":\"https:\/\/institutos.ufrrj.br\/iz\/\"},{\"@type\":\"ListItem\",\"position\":2,\"name\":\"Zootecnia\"}]},{\"@type\":\"WebSite\",\"@id\":\"https:\/\/institutos.ufrrj.br\/iz\/#website\",\"url\":\"https:\/\/institutos.ufrrj.br\/iz\/\",\"name\":\"Instituto de Zootecnia\",\"description\":\"IZ\",\"publisher\":{\"@id\":\"https:\/\/institutos.ufrrj.br\/iz\/#organization\"},\"potentialAction\":[{\"@type\":\"SearchAction\",\"target\":{\"@type\":\"EntryPoint\",\"urlTemplate\":\"https:\/\/institutos.ufrrj.br\/iz\/?s={search_term_string}\"},\"query-input\":{\"@type\":\"PropertyValueSpecification\",\"valueRequired\":true,\"valueName\":\"search_term_string\"}}],\"inLanguage\":\"pt-BR\"},{\"@type\":\"Organization\",\"@id\":\"https:\/\/institutos.ufrrj.br\/iz\/#organization\",\"name\":\"Instituto de Zootecnia\",\"url\":\"https:\/\/institutos.ufrrj.br\/iz\/\",\"logo\":{\"@type\":\"ImageObject\",\"inLanguage\":\"pt-BR\",\"@id\":\"https:\/\/institutos.ufrrj.br\/iz\/#\/schema\/logo\/image\/\",\"url\":\"https:\/\/institutos.ufrrj.br\/iz\/wp-content\/uploads\/sites\/3\/2023\/01\/logo-iz2.jpg\",\"contentUrl\":\"https:\/\/institutos.ufrrj.br\/iz\/wp-content\/uploads\/sites\/3\/2023\/01\/logo-iz2.jpg\",\"width\":867,\"height\":900,\"caption\":\"Instituto de Zootecnia\"},\"image\":{\"@id\":\"https:\/\/institutos.ufrrj.br\/iz\/#\/schema\/logo\/image\/\"}}]}<\/script>\n<!-- \/ Yoast SEO plugin. -->","yoast_head_json":{"title":"Zootecnia - Instituto de Zootecnia","description":"Zootecnia \u00e9 a ci\u00eancia aplicada que estuda e aperfei\u00e7oa os meios de promover a adapta\u00e7\u00e3o econ\u00f4mica do animal ao ambiente criat\u00f3rio e deste aos animais com fins econ\u00f4micos. Ultimamente tem-se enfatizado a necessidade de se aliar t\u00e9cnicas de produ\u00e7\u00e3o com o bem-estar animal, assegurando ao consumidor alimento de qualidade produzido dentro dos princ\u00edpios da \u00e9tica.","robots":{"index":"index","follow":"follow","max-snippet":"max-snippet:-1","max-image-preview":"max-image-preview:large","max-video-preview":"max-video-preview:-1"},"canonical":"https:\/\/institutos.ufrrj.br\/iz\/graduacao\/","og_locale":"pt_BR","og_type":"article","og_title":"Zootecnia - Instituto de Zootecnia","og_description":"Zootecnia \u00e9 a ci\u00eancia aplicada que estuda e aperfei\u00e7oa os meios de promover a adapta\u00e7\u00e3o econ\u00f4mica do animal ao ambiente criat\u00f3rio e deste aos animais com fins econ\u00f4micos. Ultimamente tem-se enfatizado a necessidade de se aliar t\u00e9cnicas de produ\u00e7\u00e3o com o bem-estar animal, assegurando ao consumidor alimento de qualidade produzido dentro dos princ\u00edpios da \u00e9tica.","og_url":"https:\/\/institutos.ufrrj.br\/iz\/graduacao\/","og_site_name":"Instituto de Zootecnia","article_modified_time":"2025-03-16T22:04:21+00:00","twitter_card":"summary_large_image","twitter_misc":{"Est. tempo de leitura":"1 minuto"},"schema":{"@context":"https:\/\/schema.org","@graph":[{"@type":"WebPage","@id":"https:\/\/institutos.ufrrj.br\/iz\/graduacao\/","url":"https:\/\/institutos.ufrrj.br\/iz\/graduacao\/","name":"Zootecnia - Instituto de Zootecnia","isPartOf":{"@id":"https:\/\/institutos.ufrrj.br\/iz\/#website"},"datePublished":"2017-05-25T17:10:35+00:00","dateModified":"2025-03-16T22:04:21+00:00","description":"Zootecnia \u00e9 a ci\u00eancia aplicada que estuda e aperfei\u00e7oa os meios de promover a adapta\u00e7\u00e3o econ\u00f4mica do animal ao ambiente criat\u00f3rio e deste aos animais com fins econ\u00f4micos. Ultimamente tem-se enfatizado a necessidade de se aliar t\u00e9cnicas de produ\u00e7\u00e3o com o bem-estar animal, assegurando ao consumidor alimento de qualidade produzido dentro dos princ\u00edpios da \u00e9tica.","breadcrumb":{"@id":"https:\/\/institutos.ufrrj.br\/iz\/graduacao\/#breadcrumb"},"inLanguage":"pt-BR","potentialAction":[{"@type":"ReadAction","target":["https:\/\/institutos.ufrrj.br\/iz\/graduacao\/"]}]},{"@type":"BreadcrumbList","@id":"https:\/\/institutos.ufrrj.br\/iz\/graduacao\/#breadcrumb","itemListElement":[{"@type":"ListItem","position":1,"name":"In\u00edcio","item":"https:\/\/institutos.ufrrj.br\/iz\/"},{"@type":"ListItem","position":2,"name":"Zootecnia"}]},{"@type":"WebSite","@id":"https:\/\/institutos.ufrrj.br\/iz\/#website","url":"https:\/\/institutos.ufrrj.br\/iz\/","name":"Instituto de Zootecnia","description":"IZ","publisher":{"@id":"https:\/\/institutos.ufrrj.br\/iz\/#organization"},"potentialAction":[{"@type":"SearchAction","target":{"@type":"EntryPoint","urlTemplate":"https:\/\/institutos.ufrrj.br\/iz\/?s={search_term_string}"},"query-input":{"@type":"PropertyValueSpecification","valueRequired":true,"valueName":"search_term_string"}}],"inLanguage":"pt-BR"},{"@type":"Organization","@id":"https:\/\/institutos.ufrrj.br\/iz\/#organization","name":"Instituto de Zootecnia","url":"https:\/\/institutos.ufrrj.br\/iz\/","logo":{"@type":"ImageObject","inLanguage":"pt-BR","@id":"https:\/\/institutos.ufrrj.br\/iz\/#\/schema\/logo\/image\/","url":"https:\/\/institutos.ufrrj.br\/iz\/wp-content\/uploads\/sites\/3\/2023\/01\/logo-iz2.jpg","contentUrl":"https:\/\/institutos.ufrrj.br\/iz\/wp-content\/uploads\/sites\/3\/2023\/01\/logo-iz2.jpg","width":867,"height":900,"caption":"Instituto de Zootecnia"},"image":{"@id":"https:\/\/institutos.ufrrj.br\/iz\/#\/schema\/logo\/image\/"}}]}},"_links":{"self":[{"href":"https:\/\/institutos.ufrrj.br\/iz\/wp-json\/wp\/v2\/pages\/124","targetHints":{"allow":["GET"]}}],"collection":[{"href":"https:\/\/institutos.ufrrj.br\/iz\/wp-json\/wp\/v2\/pages"}],"about":[{"href":"https:\/\/institutos.ufrrj.br\/iz\/wp-json\/wp\/v2\/types\/page"}],"author":[{"embeddable":true,"href":"https:\/\/institutos.ufrrj.br\/iz\/wp-json\/wp\/v2\/users\/24"}],"replies":[{"embeddable":true,"href":"https:\/\/institutos.ufrrj.br\/iz\/wp-json\/wp\/v2\/comments?post=124"}],"version-history":[{"count":6,"href":"https:\/\/institutos.ufrrj.br\/iz\/wp-json\/wp\/v2\/pages\/124\/revisions"}],"predecessor-version":[{"id":140,"href":"https:\/\/institutos.ufrrj.br\/iz\/wp-json\/wp\/v2\/pages\/124\/revisions\/140"}],"wp:attachment":[{"href":"https:\/\/institutos.ufrrj.br\/iz\/wp-json\/wp\/v2\/media?parent=124"}],"curies":[{"name":"wp","href":"https:\/\/api.w.org\/{rel}","templated":true}]}}