{"id":130,"date":"2017-05-25T14:13:37","date_gmt":"2017-05-25T17:13:37","guid":{"rendered":"http:\/\/institutos.ufrrj.br\/iz\/?page_id=130"},"modified":"2017-06-03T19:13:04","modified_gmt":"2017-06-03T22:13:04","slug":"p-p-g-z","status":"publish","type":"page","link":"https:\/\/institutos.ufrrj.br\/iz\/p-p-g-z\/","title":{"rendered":"P.P.G.Z"},"content":{"rendered":"<p>Programa de P\u00f3s Gradua\u00e7\u00e3o em Zootecnia do Instituto de Zootecnia da UFRRJ.<\/p>\n<p>O Programa de P\u00f3s-Gradua\u00e7\u00e3o em Zootecnia (PPGZ) da Universidade Federal Rural do Rio de Janeiro (UFRRJ) tem por objetivo a forma\u00e7\u00e3o e a capacita\u00e7\u00e3o de profissionais para o exerc\u00edcio de atividades do magist\u00e9rio superior e para a pesquisa e desenvolvimento tecnol\u00f3gico na \u00e1rea de produ\u00e7\u00e3o animal, bem como em \u00e1reas correlacionadas.<\/p>\n<p><strong>Coordenador:\u00a0<\/strong><a href=\"http:\/\/lattes.cnpq.br\/1899895022524077\">Prof. Dr. Vinicius Pimentel Silva<\/a><\/p>\n<p><strong>E-mail:<\/strong> pimentelzootec@gmail.com<\/p>\n<p><strong>Vice Coordenador:\u00a0<\/strong><a href=\"http:\/\/lattes.cnpq.br\/7709759528786196\">Prof. Dr. Rondineli Pavezzi Barbero<\/a><\/p>\n<p><strong>E-mail: <\/strong>rondinelibarbero@zootecnista.com.br<\/p>\n<hr \/>\n<p>Mais informa\u00e7\u00f5es em:\u00a0<a href=\"https:\/\/goo.gl\/LwkpDL\">https:\/\/goo.gl\/LwkpDL<\/a><\/p>\n","protected":false},"excerpt":{"rendered":"<p>Programa de P\u00f3s Gradua\u00e7\u00e3o em Zootecnia do Instituto de Zootecnia da UFRRJ. O Programa de P\u00f3s-Gradua\u00e7\u00e3o em Zootecnia (PPGZ) da Universidade Federal [&hellip;]<\/p>\n","protected":false},"author":24,"featured_media":0,"parent":0,"menu_order":0,"comment_status":"closed","ping_status":"closed","template":"","meta":{"_acf_changed":false,"_themeisle_gutenberg_block_has_review":false,"footnotes":"","_links_to":"","_links_to_target":""},"class_list":["post-130","page","type-page","status-publish","hentry"],"acf":[],"yoast_head":"<!-- This site is optimized with the Yoast SEO plugin v26.8 - https:\/\/yoast.com\/product\/yoast-seo-wordpress\/ -->\n<title>P.P.G.Z - Instituto de Zootecnia<\/title>\n<meta name=\"robots\" content=\"index, follow, max-snippet:-1, max-image-preview:large, max-video-preview:-1\" \/>\n<link rel=\"canonical\" href=\"https:\/\/institutos.ufrrj.br\/iz\/p-p-g-z\/\" \/>\n<meta property=\"og:locale\" content=\"pt_BR\" \/>\n<meta property=\"og:type\" content=\"article\" \/>\n<meta property=\"og:title\" content=\"P.P.G.Z - Instituto de Zootecnia\" \/>\n<meta property=\"og:description\" content=\"Programa de P\u00f3s Gradua\u00e7\u00e3o em Zootecnia do Instituto de Zootecnia da UFRRJ. O Programa de P\u00f3s-Gradua\u00e7\u00e3o em Zootecnia (PPGZ) da Universidade Federal [&hellip;]\" \/>\n<meta property=\"og:url\" content=\"https:\/\/institutos.ufrrj.br\/iz\/p-p-g-z\/\" \/>\n<meta property=\"og:site_name\" content=\"Instituto de Zootecnia\" \/>\n<meta property=\"article:modified_time\" content=\"2017-06-03T22:13:04+00:00\" \/>\n<meta name=\"twitter:card\" content=\"summary_large_image\" \/>\n<meta name=\"twitter:label1\" content=\"Est. tempo de leitura\" \/>\n\t<meta name=\"twitter:data1\" content=\"1 minuto\" \/>\n<script type=\"application\/ld+json\" class=\"yoast-schema-graph\">{\"@context\":\"https:\/\/schema.org\",\"@graph\":[{\"@type\":\"WebPage\",\"@id\":\"https:\/\/institutos.ufrrj.br\/iz\/p-p-g-z\/\",\"url\":\"https:\/\/institutos.ufrrj.br\/iz\/p-p-g-z\/\",\"name\":\"P.P.G.Z - Instituto de Zootecnia\",\"isPartOf\":{\"@id\":\"https:\/\/institutos.ufrrj.br\/iz\/#website\"},\"datePublished\":\"2017-05-25T17:13:37+00:00\",\"dateModified\":\"2017-06-03T22:13:04+00:00\",\"breadcrumb\":{\"@id\":\"https:\/\/institutos.ufrrj.br\/iz\/p-p-g-z\/#breadcrumb\"},\"inLanguage\":\"pt-BR\",\"potentialAction\":[{\"@type\":\"ReadAction\",\"target\":[\"https:\/\/institutos.ufrrj.br\/iz\/p-p-g-z\/\"]}]},{\"@type\":\"BreadcrumbList\",\"@id\":\"https:\/\/institutos.ufrrj.br\/iz\/p-p-g-z\/#breadcrumb\",\"itemListElement\":[{\"@type\":\"ListItem\",\"position\":1,\"name\":\"In\u00edcio\",\"item\":\"https:\/\/institutos.ufrrj.br\/iz\/\"},{\"@type\":\"ListItem\",\"position\":2,\"name\":\"P.P.G.Z\"}]},{\"@type\":\"WebSite\",\"@id\":\"https:\/\/institutos.ufrrj.br\/iz\/#website\",\"url\":\"https:\/\/institutos.ufrrj.br\/iz\/\",\"name\":\"Instituto de Zootecnia\",\"description\":\"IZ\",\"publisher\":{\"@id\":\"https:\/\/institutos.ufrrj.br\/iz\/#organization\"},\"potentialAction\":[{\"@type\":\"SearchAction\",\"target\":{\"@type\":\"EntryPoint\",\"urlTemplate\":\"https:\/\/institutos.ufrrj.br\/iz\/?s={search_term_string}\"},\"query-input\":{\"@type\":\"PropertyValueSpecification\",\"valueRequired\":true,\"valueName\":\"search_term_string\"}}],\"inLanguage\":\"pt-BR\"},{\"@type\":\"Organization\",\"@id\":\"https:\/\/institutos.ufrrj.br\/iz\/#organization\",\"name\":\"Instituto de Zootecnia\",\"url\":\"https:\/\/institutos.ufrrj.br\/iz\/\",\"logo\":{\"@type\":\"ImageObject\",\"inLanguage\":\"pt-BR\",\"@id\":\"https:\/\/institutos.ufrrj.br\/iz\/#\/schema\/logo\/image\/\",\"url\":\"https:\/\/institutos.ufrrj.br\/iz\/wp-content\/uploads\/sites\/3\/2023\/01\/logo-iz2.jpg\",\"contentUrl\":\"https:\/\/institutos.ufrrj.br\/iz\/wp-content\/uploads\/sites\/3\/2023\/01\/logo-iz2.jpg\",\"width\":867,\"height\":900,\"caption\":\"Instituto de Zootecnia\"},\"image\":{\"@id\":\"https:\/\/institutos.ufrrj.br\/iz\/#\/schema\/logo\/image\/\"}}]}<\/script>\n<!-- \/ Yoast SEO plugin. -->","yoast_head_json":{"title":"P.P.G.Z - Instituto de Zootecnia","robots":{"index":"index","follow":"follow","max-snippet":"max-snippet:-1","max-image-preview":"max-image-preview:large","max-video-preview":"max-video-preview:-1"},"canonical":"https:\/\/institutos.ufrrj.br\/iz\/p-p-g-z\/","og_locale":"pt_BR","og_type":"article","og_title":"P.P.G.Z - Instituto de Zootecnia","og_description":"Programa de P\u00f3s Gradua\u00e7\u00e3o em Zootecnia do Instituto de Zootecnia da UFRRJ. O Programa de P\u00f3s-Gradua\u00e7\u00e3o em Zootecnia (PPGZ) da Universidade Federal [&hellip;]","og_url":"https:\/\/institutos.ufrrj.br\/iz\/p-p-g-z\/","og_site_name":"Instituto de Zootecnia","article_modified_time":"2017-06-03T22:13:04+00:00","twitter_card":"summary_large_image","twitter_misc":{"Est. tempo de leitura":"1 minuto"},"schema":{"@context":"https:\/\/schema.org","@graph":[{"@type":"WebPage","@id":"https:\/\/institutos.ufrrj.br\/iz\/p-p-g-z\/","url":"https:\/\/institutos.ufrrj.br\/iz\/p-p-g-z\/","name":"P.P.G.Z - Instituto de Zootecnia","isPartOf":{"@id":"https:\/\/institutos.ufrrj.br\/iz\/#website"},"datePublished":"2017-05-25T17:13:37+00:00","dateModified":"2017-06-03T22:13:04+00:00","breadcrumb":{"@id":"https:\/\/institutos.ufrrj.br\/iz\/p-p-g-z\/#breadcrumb"},"inLanguage":"pt-BR","potentialAction":[{"@type":"ReadAction","target":["https:\/\/institutos.ufrrj.br\/iz\/p-p-g-z\/"]}]},{"@type":"BreadcrumbList","@id":"https:\/\/institutos.ufrrj.br\/iz\/p-p-g-z\/#breadcrumb","itemListElement":[{"@type":"ListItem","position":1,"name":"In\u00edcio","item":"https:\/\/institutos.ufrrj.br\/iz\/"},{"@type":"ListItem","position":2,"name":"P.P.G.Z"}]},{"@type":"WebSite","@id":"https:\/\/institutos.ufrrj.br\/iz\/#website","url":"https:\/\/institutos.ufrrj.br\/iz\/","name":"Instituto de Zootecnia","description":"IZ","publisher":{"@id":"https:\/\/institutos.ufrrj.br\/iz\/#organization"},"potentialAction":[{"@type":"SearchAction","target":{"@type":"EntryPoint","urlTemplate":"https:\/\/institutos.ufrrj.br\/iz\/?s={search_term_string}"},"query-input":{"@type":"PropertyValueSpecification","valueRequired":true,"valueName":"search_term_string"}}],"inLanguage":"pt-BR"},{"@type":"Organization","@id":"https:\/\/institutos.ufrrj.br\/iz\/#organization","name":"Instituto de Zootecnia","url":"https:\/\/institutos.ufrrj.br\/iz\/","logo":{"@type":"ImageObject","inLanguage":"pt-BR","@id":"https:\/\/institutos.ufrrj.br\/iz\/#\/schema\/logo\/image\/","url":"https:\/\/institutos.ufrrj.br\/iz\/wp-content\/uploads\/sites\/3\/2023\/01\/logo-iz2.jpg","contentUrl":"https:\/\/institutos.ufrrj.br\/iz\/wp-content\/uploads\/sites\/3\/2023\/01\/logo-iz2.jpg","width":867,"height":900,"caption":"Instituto de Zootecnia"},"image":{"@id":"https:\/\/institutos.ufrrj.br\/iz\/#\/schema\/logo\/image\/"}}]}},"_links":{"self":[{"href":"https:\/\/institutos.ufrrj.br\/iz\/wp-json\/wp\/v2\/pages\/130","targetHints":{"allow":["GET"]}}],"collection":[{"href":"https:\/\/institutos.ufrrj.br\/iz\/wp-json\/wp\/v2\/pages"}],"about":[{"href":"https:\/\/institutos.ufrrj.br\/iz\/wp-json\/wp\/v2\/types\/page"}],"author":[{"embeddable":true,"href":"https:\/\/institutos.ufrrj.br\/iz\/wp-json\/wp\/v2\/users\/24"}],"replies":[{"embeddable":true,"href":"https:\/\/institutos.ufrrj.br\/iz\/wp-json\/wp\/v2\/comments?post=130"}],"version-history":[{"count":7,"href":"https:\/\/institutos.ufrrj.br\/iz\/wp-json\/wp\/v2\/pages\/130\/revisions"}],"predecessor-version":[{"id":236,"href":"https:\/\/institutos.ufrrj.br\/iz\/wp-json\/wp\/v2\/pages\/130\/revisions\/236"}],"wp:attachment":[{"href":"https:\/\/institutos.ufrrj.br\/iz\/wp-json\/wp\/v2\/media?parent=130"}],"curies":[{"name":"wp","href":"https:\/\/api.w.org\/{rel}","templated":true}]}}