{"id":2503,"date":"2022-07-01T14:11:38","date_gmt":"2022-07-01T17:11:38","guid":{"rendered":"https:\/\/institutos.ufrrj.br\/iz\/?page_id=2503"},"modified":"2022-07-01T14:34:32","modified_gmt":"2022-07-01T17:34:32","slug":"poda-de-arvores-e-corte-de-grama","status":"publish","type":"page","link":"https:\/\/institutos.ufrrj.br\/iz\/poda-de-arvores-e-corte-de-grama\/","title":{"rendered":"Poda de \u00c1rvores e Manuten\u00e7\u00e3o do Gramado"},"content":{"rendered":"\n<p>Solicita\u00e7\u00f5es de poda ou corte de \u00e1rvores devem ser enviadas diretamente por e-mail (scpj-pu@ufrrj.br) ao Setor de Conserva\u00e7\u00e3o de Parques e Jardins da UFRRJ, com c\u00f3pia para Diretoria do IZ (izrural@ufrrj.br). A poda ou corte de \u00e1rvores deve ser autorizada pela Secretaria de Meio Ambiente de Serop\u00e9dica, por interm\u00e9dio do Setor de Conserva\u00e7\u00e3o de Parques e Jardins. O corte de grama n\u00e3o necessita de solicita\u00e7\u00e3o, pois \u00e9 realizado de acordo com um calend\u00e1rio preestabelecido.<\/p>\n\n\n\n<div class=\"wp-block-buttons is-layout-flex wp-block-buttons-is-layout-flex\"><\/div>\n\n\n\n<div class=\"wp-block-buttons is-layout-flex wp-block-buttons-is-layout-flex\"><\/div>\n\n\n\n<p><\/p>\n","protected":false},"excerpt":{"rendered":"<p>Solicita\u00e7\u00f5es de poda ou corte de \u00e1rvores devem ser enviadas diretamente por e-mail (scpj-pu@ufrrj.br) ao Setor de Conserva\u00e7\u00e3o de Parques e Jardins [&hellip;]<\/p>\n","protected":false},"author":23,"featured_media":0,"parent":0,"menu_order":0,"comment_status":"closed","ping_status":"closed","template":"","meta":{"_acf_changed":false,"_themeisle_gutenberg_block_has_review":false,"footnotes":"","_links_to":"","_links_to_target":""},"class_list":["post-2503","page","type-page","status-publish","hentry"],"acf":[],"yoast_head":"<!-- This site is optimized with the Yoast SEO plugin v26.8 - https:\/\/yoast.com\/product\/yoast-seo-wordpress\/ -->\n<title>Poda de \u00c1rvores e Manuten\u00e7\u00e3o do Gramado - Instituto de Zootecnia<\/title>\n<meta name=\"robots\" content=\"index, follow, max-snippet:-1, max-image-preview:large, max-video-preview:-1\" \/>\n<link rel=\"canonical\" href=\"https:\/\/institutos.ufrrj.br\/iz\/poda-de-arvores-e-corte-de-grama\/\" \/>\n<meta property=\"og:locale\" content=\"pt_BR\" \/>\n<meta property=\"og:type\" content=\"article\" \/>\n<meta property=\"og:title\" content=\"Poda de \u00c1rvores e Manuten\u00e7\u00e3o do Gramado - Instituto de Zootecnia\" \/>\n<meta property=\"og:description\" content=\"Solicita\u00e7\u00f5es de poda ou corte de \u00e1rvores devem ser enviadas diretamente por e-mail (scpj-pu@ufrrj.br) ao Setor de Conserva\u00e7\u00e3o de Parques e Jardins [&hellip;]\" \/>\n<meta property=\"og:url\" content=\"https:\/\/institutos.ufrrj.br\/iz\/poda-de-arvores-e-corte-de-grama\/\" \/>\n<meta property=\"og:site_name\" content=\"Instituto de Zootecnia\" \/>\n<meta property=\"article:modified_time\" content=\"2022-07-01T17:34:32+00:00\" \/>\n<meta name=\"twitter:card\" content=\"summary_large_image\" \/>\n<script type=\"application\/ld+json\" class=\"yoast-schema-graph\">{\"@context\":\"https:\/\/schema.org\",\"@graph\":[{\"@type\":\"WebPage\",\"@id\":\"https:\/\/institutos.ufrrj.br\/iz\/poda-de-arvores-e-corte-de-grama\/\",\"url\":\"https:\/\/institutos.ufrrj.br\/iz\/poda-de-arvores-e-corte-de-grama\/\",\"name\":\"Poda de \u00c1rvores e Manuten\u00e7\u00e3o do Gramado - Instituto de Zootecnia\",\"isPartOf\":{\"@id\":\"https:\/\/institutos.ufrrj.br\/iz\/#website\"},\"datePublished\":\"2022-07-01T17:11:38+00:00\",\"dateModified\":\"2022-07-01T17:34:32+00:00\",\"breadcrumb\":{\"@id\":\"https:\/\/institutos.ufrrj.br\/iz\/poda-de-arvores-e-corte-de-grama\/#breadcrumb\"},\"inLanguage\":\"pt-BR\",\"potentialAction\":[{\"@type\":\"ReadAction\",\"target\":[\"https:\/\/institutos.ufrrj.br\/iz\/poda-de-arvores-e-corte-de-grama\/\"]}]},{\"@type\":\"BreadcrumbList\",\"@id\":\"https:\/\/institutos.ufrrj.br\/iz\/poda-de-arvores-e-corte-de-grama\/#breadcrumb\",\"itemListElement\":[{\"@type\":\"ListItem\",\"position\":1,\"name\":\"In\u00edcio\",\"item\":\"https:\/\/institutos.ufrrj.br\/iz\/\"},{\"@type\":\"ListItem\",\"position\":2,\"name\":\"Poda de \u00c1rvores e Manuten\u00e7\u00e3o do Gramado\"}]},{\"@type\":\"WebSite\",\"@id\":\"https:\/\/institutos.ufrrj.br\/iz\/#website\",\"url\":\"https:\/\/institutos.ufrrj.br\/iz\/\",\"name\":\"Instituto de Zootecnia\",\"description\":\"IZ\",\"publisher\":{\"@id\":\"https:\/\/institutos.ufrrj.br\/iz\/#organization\"},\"potentialAction\":[{\"@type\":\"SearchAction\",\"target\":{\"@type\":\"EntryPoint\",\"urlTemplate\":\"https:\/\/institutos.ufrrj.br\/iz\/?s={search_term_string}\"},\"query-input\":{\"@type\":\"PropertyValueSpecification\",\"valueRequired\":true,\"valueName\":\"search_term_string\"}}],\"inLanguage\":\"pt-BR\"},{\"@type\":\"Organization\",\"@id\":\"https:\/\/institutos.ufrrj.br\/iz\/#organization\",\"name\":\"Instituto de Zootecnia\",\"url\":\"https:\/\/institutos.ufrrj.br\/iz\/\",\"logo\":{\"@type\":\"ImageObject\",\"inLanguage\":\"pt-BR\",\"@id\":\"https:\/\/institutos.ufrrj.br\/iz\/#\/schema\/logo\/image\/\",\"url\":\"https:\/\/institutos.ufrrj.br\/iz\/wp-content\/uploads\/sites\/3\/2023\/01\/logo-iz2.jpg\",\"contentUrl\":\"https:\/\/institutos.ufrrj.br\/iz\/wp-content\/uploads\/sites\/3\/2023\/01\/logo-iz2.jpg\",\"width\":867,\"height\":900,\"caption\":\"Instituto de Zootecnia\"},\"image\":{\"@id\":\"https:\/\/institutos.ufrrj.br\/iz\/#\/schema\/logo\/image\/\"}}]}<\/script>\n<!-- \/ Yoast SEO plugin. -->","yoast_head_json":{"title":"Poda de \u00c1rvores e Manuten\u00e7\u00e3o do Gramado - Instituto de Zootecnia","robots":{"index":"index","follow":"follow","max-snippet":"max-snippet:-1","max-image-preview":"max-image-preview:large","max-video-preview":"max-video-preview:-1"},"canonical":"https:\/\/institutos.ufrrj.br\/iz\/poda-de-arvores-e-corte-de-grama\/","og_locale":"pt_BR","og_type":"article","og_title":"Poda de \u00c1rvores e Manuten\u00e7\u00e3o do Gramado - Instituto de Zootecnia","og_description":"Solicita\u00e7\u00f5es de poda ou corte de \u00e1rvores devem ser enviadas diretamente por e-mail (scpj-pu@ufrrj.br) ao Setor de Conserva\u00e7\u00e3o de Parques e Jardins [&hellip;]","og_url":"https:\/\/institutos.ufrrj.br\/iz\/poda-de-arvores-e-corte-de-grama\/","og_site_name":"Instituto de Zootecnia","article_modified_time":"2022-07-01T17:34:32+00:00","twitter_card":"summary_large_image","schema":{"@context":"https:\/\/schema.org","@graph":[{"@type":"WebPage","@id":"https:\/\/institutos.ufrrj.br\/iz\/poda-de-arvores-e-corte-de-grama\/","url":"https:\/\/institutos.ufrrj.br\/iz\/poda-de-arvores-e-corte-de-grama\/","name":"Poda de \u00c1rvores e Manuten\u00e7\u00e3o do Gramado - Instituto de Zootecnia","isPartOf":{"@id":"https:\/\/institutos.ufrrj.br\/iz\/#website"},"datePublished":"2022-07-01T17:11:38+00:00","dateModified":"2022-07-01T17:34:32+00:00","breadcrumb":{"@id":"https:\/\/institutos.ufrrj.br\/iz\/poda-de-arvores-e-corte-de-grama\/#breadcrumb"},"inLanguage":"pt-BR","potentialAction":[{"@type":"ReadAction","target":["https:\/\/institutos.ufrrj.br\/iz\/poda-de-arvores-e-corte-de-grama\/"]}]},{"@type":"BreadcrumbList","@id":"https:\/\/institutos.ufrrj.br\/iz\/poda-de-arvores-e-corte-de-grama\/#breadcrumb","itemListElement":[{"@type":"ListItem","position":1,"name":"In\u00edcio","item":"https:\/\/institutos.ufrrj.br\/iz\/"},{"@type":"ListItem","position":2,"name":"Poda de \u00c1rvores e Manuten\u00e7\u00e3o do Gramado"}]},{"@type":"WebSite","@id":"https:\/\/institutos.ufrrj.br\/iz\/#website","url":"https:\/\/institutos.ufrrj.br\/iz\/","name":"Instituto de Zootecnia","description":"IZ","publisher":{"@id":"https:\/\/institutos.ufrrj.br\/iz\/#organization"},"potentialAction":[{"@type":"SearchAction","target":{"@type":"EntryPoint","urlTemplate":"https:\/\/institutos.ufrrj.br\/iz\/?s={search_term_string}"},"query-input":{"@type":"PropertyValueSpecification","valueRequired":true,"valueName":"search_term_string"}}],"inLanguage":"pt-BR"},{"@type":"Organization","@id":"https:\/\/institutos.ufrrj.br\/iz\/#organization","name":"Instituto de Zootecnia","url":"https:\/\/institutos.ufrrj.br\/iz\/","logo":{"@type":"ImageObject","inLanguage":"pt-BR","@id":"https:\/\/institutos.ufrrj.br\/iz\/#\/schema\/logo\/image\/","url":"https:\/\/institutos.ufrrj.br\/iz\/wp-content\/uploads\/sites\/3\/2023\/01\/logo-iz2.jpg","contentUrl":"https:\/\/institutos.ufrrj.br\/iz\/wp-content\/uploads\/sites\/3\/2023\/01\/logo-iz2.jpg","width":867,"height":900,"caption":"Instituto de Zootecnia"},"image":{"@id":"https:\/\/institutos.ufrrj.br\/iz\/#\/schema\/logo\/image\/"}}]}},"_links":{"self":[{"href":"https:\/\/institutos.ufrrj.br\/iz\/wp-json\/wp\/v2\/pages\/2503","targetHints":{"allow":["GET"]}}],"collection":[{"href":"https:\/\/institutos.ufrrj.br\/iz\/wp-json\/wp\/v2\/pages"}],"about":[{"href":"https:\/\/institutos.ufrrj.br\/iz\/wp-json\/wp\/v2\/types\/page"}],"author":[{"embeddable":true,"href":"https:\/\/institutos.ufrrj.br\/iz\/wp-json\/wp\/v2\/users\/23"}],"replies":[{"embeddable":true,"href":"https:\/\/institutos.ufrrj.br\/iz\/wp-json\/wp\/v2\/comments?post=2503"}],"version-history":[{"count":9,"href":"https:\/\/institutos.ufrrj.br\/iz\/wp-json\/wp\/v2\/pages\/2503\/revisions"}],"predecessor-version":[{"id":2521,"href":"https:\/\/institutos.ufrrj.br\/iz\/wp-json\/wp\/v2\/pages\/2503\/revisions\/2521"}],"wp:attachment":[{"href":"https:\/\/institutos.ufrrj.br\/iz\/wp-json\/wp\/v2\/media?parent=2503"}],"curies":[{"name":"wp","href":"https:\/\/api.w.org\/{rel}","templated":true}]}}