{"id":2817,"date":"2023-01-05T16:24:58","date_gmt":"2023-01-05T19:24:58","guid":{"rendered":"https:\/\/institutos.ufrrj.br\/iz\/?page_id=2817"},"modified":"2023-01-05T16:24:59","modified_gmt":"2023-01-05T19:24:59","slug":"programa-de-residencia-em-iniciacao-profissional-em-zootecnia-prorez","status":"publish","type":"page","link":"https:\/\/institutos.ufrrj.br\/iz\/programa-de-residencia-em-iniciacao-profissional-em-zootecnia-prorez\/","title":{"rendered":"Programa de Resid\u00eancia em Inicia\u00e7\u00e3o Profissional em Zootecnia (PROREZ)"},"content":{"rendered":"\n<p><strong>Introdu\u00e7\u00e3o<\/strong><\/p>\n\n\n\n<p class=\"has-text-align-left\">O PROREZ \u00e9 um treinamento profissional na \u00e1rea de produ\u00e7\u00e3o animal, destinado a rec\u00e9m-graduados em zootecnia, desenvolvido pelo Instituto de Zootecnia (IZ) e supervisionado pela Pr\u00f3-reitoria de Extens\u00e3o (PROEXT). O objetivo do PROREZ \u00e9 promover o aprimoramento de conhecimentos, habilidades e atitudes indispens\u00e1veis ao exerc\u00edcio da profiss\u00e3o de zootecnista, por meio de treinamento profissional em servi\u00e7o sob supervis\u00e3o qualificada. O PROREZ \u00e9 realizado por meio dos departamentos de produ\u00e7\u00e3o animal (DPA\/IZ), nutri\u00e7\u00e3o animal e pastagens (DNAP\/IZ), reprodu\u00e7\u00e3o e avalia\u00e7\u00e3o animal (DRAA\/IZ) e pela Coordenadoria de Produ\u00e7\u00e3o Integrada ao Ensino, Pesquisa e Extens\u00e3o (CPIEPE\/UFRRJ).<\/p>\n\n\n\n<p><\/p>\n\n\n\n<p><strong>Sub\u00e1reas de Atua\u00e7\u00e3o<\/strong><\/p>\n\n\n\n<p>As sub\u00e1reas em que se desenvolve o PROREZ s\u00e3o definidas com base nas compet\u00eancias e habilidades profissionais descritas nas Diretrizes Curriculares Nacionais do curso de gradua\u00e7\u00e3o em Zootecnia (Resolu\u00e7\u00e3o CNE 04\/2016), a saber: Administra\u00e7\u00e3o de Agroind\u00fastrias; Administra\u00e7\u00e3o de Propriedades Rurais; Alimenta\u00e7\u00e3o e Nutri\u00e7\u00e3o Animal; Assist\u00eancia T\u00e9cnica; An\u00e1lise Econ\u00f4mica do Agroneg\u00f3cio; Avalia\u00e7\u00e3o e Desenvolvimento de Produtos de Origem Animal; Avalia\u00e7\u00e3o de Carne e Carca\u00e7a; Bromatologia Zoot\u00e9cnica; Bem-Estar Animal; Extens\u00e3o Rural; Forragicultura e Pastagens; Gest\u00e3o Ambiental na Pecu\u00e1ria; Gest\u00e3o de Eventos Agropecu\u00e1rios; Gest\u00e3o e Planejamento Pecu\u00e1rio; Julgamento Animal; Melhoramento Gen\u00e9tico Animal; Pecu\u00e1ria Org\u00e2nica; Per\u00edcia Zoot\u00e9cnica; Nutri\u00e7\u00e3o e Produ\u00e7\u00e3o de Ruminantes; Nutri\u00e7\u00e3o e Produ\u00e7\u00e3o de N\u00e3o Ruminantes; Nutri\u00e7\u00e3o e Produ\u00e7\u00e3o de Organismos Aqu\u00e1ticos; Nutri\u00e7\u00e3o e Produ\u00e7\u00e3o de C\u00e3es e Gatos; Nutri\u00e7\u00e3o e Produ\u00e7\u00e3o de Animais Silvestres e Ex\u00f3ticos; Nutri\u00e7\u00e3o e Produ\u00e7\u00e3o de Animais de Biot\u00e9rio; Nutri\u00e7\u00e3o e Produ\u00e7\u00e3o de Insetos; Sistemas de Produ\u00e7\u00e3o Agrossilvipastoril; Tecnologia do Abate; Tecnologia de Produ\u00e7\u00e3o de Ra\u00e7\u00f5es; e Zootecnia de Precis\u00e3o.<\/p>\n\n\n\n<p><\/p>\n\n\n\n<p><strong>Modalidades<\/strong><\/p>\n\n\n\n<p>O PROREZ \u00e9 ofertado em duas modalidades: Resid\u00eancia em Inicia\u00e7\u00e3o Profissional Interna e Resid\u00eancia em Inicia\u00e7\u00e3o Profissional Externa. A Resid\u00eancia em Inicia\u00e7\u00e3o Profissional Interna \u00e9 ofertada nos Campi da UFRRJ, sendo condicionada \u00e0 obten\u00e7\u00e3o de financiamento p\u00fablico ou privado para pagamento de bolsa ao residente. A Resid\u00eancia em Inicia\u00e7\u00e3o Profissional Externa \u00e9 ofertada em empresas e \u00f3rg\u00e3os p\u00fablicos e privados, legalmente constitu\u00eddos, com ou sem fins lucrativos, que devem ser os respons\u00e1veis pelo pagamento de bolsa ao residente.<\/p>\n\n\n\n<p><\/p>\n\n\n\n<p><strong>Inscri\u00e7\u00e3o no Programa<\/strong><\/p>\n\n\n\n<p>O ingresso de graduados no PROREZ ocorre por meio de edital p\u00fablico espec\u00edfico, cujo lan\u00e7amento \u00e9 condicionado a exist\u00eancia pr\u00e9via de recursos financeiros para o pagamento das bolsas.<\/p>\n\n\n\n<p><\/p>\n\n\n\n<p><\/p>\n","protected":false},"excerpt":{"rendered":"<p>Introdu\u00e7\u00e3o O PROREZ \u00e9 um treinamento profissional na \u00e1rea de produ\u00e7\u00e3o animal, destinado a rec\u00e9m-graduados em zootecnia, desenvolvido pelo Instituto de Zootecnia [&hellip;]<\/p>\n","protected":false},"author":23,"featured_media":0,"parent":0,"menu_order":0,"comment_status":"closed","ping_status":"closed","template":"","meta":{"_acf_changed":false,"_themeisle_gutenberg_block_has_review":false,"footnotes":"","_links_to":"","_links_to_target":""},"class_list":["post-2817","page","type-page","status-publish","hentry"],"acf":[],"yoast_head":"<!-- This site is optimized with the Yoast SEO plugin v26.8 - https:\/\/yoast.com\/product\/yoast-seo-wordpress\/ -->\n<title>Programa de Resid\u00eancia em Inicia\u00e7\u00e3o Profissional em Zootecnia (PROREZ) - Instituto de Zootecnia<\/title>\n<meta name=\"robots\" content=\"index, follow, max-snippet:-1, max-image-preview:large, max-video-preview:-1\" \/>\n<link rel=\"canonical\" href=\"https:\/\/institutos.ufrrj.br\/iz\/programa-de-residencia-em-iniciacao-profissional-em-zootecnia-prorez\/\" \/>\n<meta property=\"og:locale\" content=\"pt_BR\" \/>\n<meta property=\"og:type\" content=\"article\" \/>\n<meta property=\"og:title\" content=\"Programa de Resid\u00eancia em Inicia\u00e7\u00e3o Profissional em Zootecnia (PROREZ) - Instituto de Zootecnia\" \/>\n<meta property=\"og:description\" content=\"Introdu\u00e7\u00e3o O PROREZ \u00e9 um treinamento profissional na \u00e1rea de produ\u00e7\u00e3o animal, destinado a rec\u00e9m-graduados em zootecnia, desenvolvido pelo Instituto de Zootecnia [&hellip;]\" \/>\n<meta property=\"og:url\" content=\"https:\/\/institutos.ufrrj.br\/iz\/programa-de-residencia-em-iniciacao-profissional-em-zootecnia-prorez\/\" \/>\n<meta property=\"og:site_name\" content=\"Instituto de Zootecnia\" \/>\n<meta property=\"article:modified_time\" content=\"2023-01-05T19:24:59+00:00\" \/>\n<meta name=\"twitter:card\" content=\"summary_large_image\" \/>\n<meta name=\"twitter:label1\" content=\"Est. tempo de leitura\" \/>\n\t<meta name=\"twitter:data1\" content=\"2 minutos\" \/>\n<script type=\"application\/ld+json\" class=\"yoast-schema-graph\">{\"@context\":\"https:\/\/schema.org\",\"@graph\":[{\"@type\":\"WebPage\",\"@id\":\"https:\/\/institutos.ufrrj.br\/iz\/programa-de-residencia-em-iniciacao-profissional-em-zootecnia-prorez\/\",\"url\":\"https:\/\/institutos.ufrrj.br\/iz\/programa-de-residencia-em-iniciacao-profissional-em-zootecnia-prorez\/\",\"name\":\"Programa de Resid\u00eancia em Inicia\u00e7\u00e3o Profissional em Zootecnia (PROREZ) - Instituto de Zootecnia\",\"isPartOf\":{\"@id\":\"https:\/\/institutos.ufrrj.br\/iz\/#website\"},\"datePublished\":\"2023-01-05T19:24:58+00:00\",\"dateModified\":\"2023-01-05T19:24:59+00:00\",\"breadcrumb\":{\"@id\":\"https:\/\/institutos.ufrrj.br\/iz\/programa-de-residencia-em-iniciacao-profissional-em-zootecnia-prorez\/#breadcrumb\"},\"inLanguage\":\"pt-BR\",\"potentialAction\":[{\"@type\":\"ReadAction\",\"target\":[\"https:\/\/institutos.ufrrj.br\/iz\/programa-de-residencia-em-iniciacao-profissional-em-zootecnia-prorez\/\"]}]},{\"@type\":\"BreadcrumbList\",\"@id\":\"https:\/\/institutos.ufrrj.br\/iz\/programa-de-residencia-em-iniciacao-profissional-em-zootecnia-prorez\/#breadcrumb\",\"itemListElement\":[{\"@type\":\"ListItem\",\"position\":1,\"name\":\"In\u00edcio\",\"item\":\"https:\/\/institutos.ufrrj.br\/iz\/\"},{\"@type\":\"ListItem\",\"position\":2,\"name\":\"Programa de Resid\u00eancia em Inicia\u00e7\u00e3o Profissional em Zootecnia (PROREZ)\"}]},{\"@type\":\"WebSite\",\"@id\":\"https:\/\/institutos.ufrrj.br\/iz\/#website\",\"url\":\"https:\/\/institutos.ufrrj.br\/iz\/\",\"name\":\"Instituto de Zootecnia\",\"description\":\"IZ\",\"publisher\":{\"@id\":\"https:\/\/institutos.ufrrj.br\/iz\/#organization\"},\"potentialAction\":[{\"@type\":\"SearchAction\",\"target\":{\"@type\":\"EntryPoint\",\"urlTemplate\":\"https:\/\/institutos.ufrrj.br\/iz\/?s={search_term_string}\"},\"query-input\":{\"@type\":\"PropertyValueSpecification\",\"valueRequired\":true,\"valueName\":\"search_term_string\"}}],\"inLanguage\":\"pt-BR\"},{\"@type\":\"Organization\",\"@id\":\"https:\/\/institutos.ufrrj.br\/iz\/#organization\",\"name\":\"Instituto de Zootecnia\",\"url\":\"https:\/\/institutos.ufrrj.br\/iz\/\",\"logo\":{\"@type\":\"ImageObject\",\"inLanguage\":\"pt-BR\",\"@id\":\"https:\/\/institutos.ufrrj.br\/iz\/#\/schema\/logo\/image\/\",\"url\":\"https:\/\/institutos.ufrrj.br\/iz\/wp-content\/uploads\/sites\/3\/2023\/01\/logo-iz2.jpg\",\"contentUrl\":\"https:\/\/institutos.ufrrj.br\/iz\/wp-content\/uploads\/sites\/3\/2023\/01\/logo-iz2.jpg\",\"width\":867,\"height\":900,\"caption\":\"Instituto de Zootecnia\"},\"image\":{\"@id\":\"https:\/\/institutos.ufrrj.br\/iz\/#\/schema\/logo\/image\/\"}}]}<\/script>\n<!-- \/ Yoast SEO plugin. -->","yoast_head_json":{"title":"Programa de Resid\u00eancia em Inicia\u00e7\u00e3o Profissional em Zootecnia (PROREZ) - Instituto de Zootecnia","robots":{"index":"index","follow":"follow","max-snippet":"max-snippet:-1","max-image-preview":"max-image-preview:large","max-video-preview":"max-video-preview:-1"},"canonical":"https:\/\/institutos.ufrrj.br\/iz\/programa-de-residencia-em-iniciacao-profissional-em-zootecnia-prorez\/","og_locale":"pt_BR","og_type":"article","og_title":"Programa de Resid\u00eancia em Inicia\u00e7\u00e3o Profissional em Zootecnia (PROREZ) - Instituto de Zootecnia","og_description":"Introdu\u00e7\u00e3o O PROREZ \u00e9 um treinamento profissional na \u00e1rea de produ\u00e7\u00e3o animal, destinado a rec\u00e9m-graduados em zootecnia, desenvolvido pelo Instituto de Zootecnia [&hellip;]","og_url":"https:\/\/institutos.ufrrj.br\/iz\/programa-de-residencia-em-iniciacao-profissional-em-zootecnia-prorez\/","og_site_name":"Instituto de Zootecnia","article_modified_time":"2023-01-05T19:24:59+00:00","twitter_card":"summary_large_image","twitter_misc":{"Est. tempo de leitura":"2 minutos"},"schema":{"@context":"https:\/\/schema.org","@graph":[{"@type":"WebPage","@id":"https:\/\/institutos.ufrrj.br\/iz\/programa-de-residencia-em-iniciacao-profissional-em-zootecnia-prorez\/","url":"https:\/\/institutos.ufrrj.br\/iz\/programa-de-residencia-em-iniciacao-profissional-em-zootecnia-prorez\/","name":"Programa de Resid\u00eancia em Inicia\u00e7\u00e3o Profissional em Zootecnia (PROREZ) - Instituto de Zootecnia","isPartOf":{"@id":"https:\/\/institutos.ufrrj.br\/iz\/#website"},"datePublished":"2023-01-05T19:24:58+00:00","dateModified":"2023-01-05T19:24:59+00:00","breadcrumb":{"@id":"https:\/\/institutos.ufrrj.br\/iz\/programa-de-residencia-em-iniciacao-profissional-em-zootecnia-prorez\/#breadcrumb"},"inLanguage":"pt-BR","potentialAction":[{"@type":"ReadAction","target":["https:\/\/institutos.ufrrj.br\/iz\/programa-de-residencia-em-iniciacao-profissional-em-zootecnia-prorez\/"]}]},{"@type":"BreadcrumbList","@id":"https:\/\/institutos.ufrrj.br\/iz\/programa-de-residencia-em-iniciacao-profissional-em-zootecnia-prorez\/#breadcrumb","itemListElement":[{"@type":"ListItem","position":1,"name":"In\u00edcio","item":"https:\/\/institutos.ufrrj.br\/iz\/"},{"@type":"ListItem","position":2,"name":"Programa de Resid\u00eancia em Inicia\u00e7\u00e3o Profissional em Zootecnia (PROREZ)"}]},{"@type":"WebSite","@id":"https:\/\/institutos.ufrrj.br\/iz\/#website","url":"https:\/\/institutos.ufrrj.br\/iz\/","name":"Instituto de Zootecnia","description":"IZ","publisher":{"@id":"https:\/\/institutos.ufrrj.br\/iz\/#organization"},"potentialAction":[{"@type":"SearchAction","target":{"@type":"EntryPoint","urlTemplate":"https:\/\/institutos.ufrrj.br\/iz\/?s={search_term_string}"},"query-input":{"@type":"PropertyValueSpecification","valueRequired":true,"valueName":"search_term_string"}}],"inLanguage":"pt-BR"},{"@type":"Organization","@id":"https:\/\/institutos.ufrrj.br\/iz\/#organization","name":"Instituto de Zootecnia","url":"https:\/\/institutos.ufrrj.br\/iz\/","logo":{"@type":"ImageObject","inLanguage":"pt-BR","@id":"https:\/\/institutos.ufrrj.br\/iz\/#\/schema\/logo\/image\/","url":"https:\/\/institutos.ufrrj.br\/iz\/wp-content\/uploads\/sites\/3\/2023\/01\/logo-iz2.jpg","contentUrl":"https:\/\/institutos.ufrrj.br\/iz\/wp-content\/uploads\/sites\/3\/2023\/01\/logo-iz2.jpg","width":867,"height":900,"caption":"Instituto de Zootecnia"},"image":{"@id":"https:\/\/institutos.ufrrj.br\/iz\/#\/schema\/logo\/image\/"}}]}},"_links":{"self":[{"href":"https:\/\/institutos.ufrrj.br\/iz\/wp-json\/wp\/v2\/pages\/2817","targetHints":{"allow":["GET"]}}],"collection":[{"href":"https:\/\/institutos.ufrrj.br\/iz\/wp-json\/wp\/v2\/pages"}],"about":[{"href":"https:\/\/institutos.ufrrj.br\/iz\/wp-json\/wp\/v2\/types\/page"}],"author":[{"embeddable":true,"href":"https:\/\/institutos.ufrrj.br\/iz\/wp-json\/wp\/v2\/users\/23"}],"replies":[{"embeddable":true,"href":"https:\/\/institutos.ufrrj.br\/iz\/wp-json\/wp\/v2\/comments?post=2817"}],"version-history":[{"count":2,"href":"https:\/\/institutos.ufrrj.br\/iz\/wp-json\/wp\/v2\/pages\/2817\/revisions"}],"predecessor-version":[{"id":2819,"href":"https:\/\/institutos.ufrrj.br\/iz\/wp-json\/wp\/v2\/pages\/2817\/revisions\/2819"}],"wp:attachment":[{"href":"https:\/\/institutos.ufrrj.br\/iz\/wp-json\/wp\/v2\/media?parent=2817"}],"curies":[{"name":"wp","href":"https:\/\/api.w.org\/{rel}","templated":true}]}}