{"id":2820,"date":"2023-01-05T16:31:40","date_gmt":"2023-01-05T19:31:40","guid":{"rendered":"https:\/\/institutos.ufrrj.br\/iz\/?page_id=2820"},"modified":"2023-01-12T21:22:25","modified_gmt":"2023-01-13T00:22:25","slug":"regimento-do-programa-de-residencia-em-iniciacao-profissional-em-zootecnia-prorez","status":"publish","type":"page","link":"https:\/\/institutos.ufrrj.br\/iz\/regimento-do-programa-de-residencia-em-iniciacao-profissional-em-zootecnia-prorez\/","title":{"rendered":"Regimento do Programa de Resid\u00eancia em Inicia\u00e7\u00e3o Profissional em Zootecnia (PROREZ)"},"content":{"rendered":"\n<p>Aprovado pelo CEPE-UFRRJ (Delibera\u00e7\u00e3o 655\/2022).<\/p>\n\n\n\n<div data-wp-interactive=\"core\/file\" class=\"wp-block-file\"><object data-wp-bind--hidden=\"!state.hasPdfPreview\" hidden class=\"wp-block-file__embed\" data=\"https:\/\/institutos.ufrrj.br\/iz\/wp-content\/uploads\/sites\/3\/2023\/01\/Regimento-Residencia-Versao-Aprovada-CEPE.pdf\" type=\"application\/pdf\" style=\"width:100%;height:600px\" aria-label=\"Incorporado de Incorporado de Regimento-Residencia-Versao-Aprovada-CEPE..\"><\/object><a id=\"wp-block-file--media-653e8503-1b1b-4164-a187-a739399e9219\" href=\"https:\/\/institutos.ufrrj.br\/iz\/wp-content\/uploads\/sites\/3\/2023\/01\/Regimento-Residencia-Versao-Aprovada-CEPE.pdf\">Regimento-Residencia-Versao-Aprovada-CEPE<\/a><a href=\"https:\/\/institutos.ufrrj.br\/iz\/wp-content\/uploads\/sites\/3\/2023\/01\/Regimento-Residencia-Versao-Aprovada-CEPE.pdf\" class=\"wp-block-file__button\" download aria-describedby=\"wp-block-file--media-653e8503-1b1b-4164-a187-a739399e9219\">Baixar<\/a><\/div>\n","protected":false},"excerpt":{"rendered":"<p>Aprovado pelo CEPE-UFRRJ (Delibera\u00e7\u00e3o 655\/2022).<\/p>\n","protected":false},"author":23,"featured_media":0,"parent":0,"menu_order":0,"comment_status":"closed","ping_status":"closed","template":"","meta":{"_acf_changed":false,"_themeisle_gutenberg_block_has_review":false,"footnotes":"","_links_to":"","_links_to_target":""},"class_list":["post-2820","page","type-page","status-publish","hentry"],"acf":[],"yoast_head":"<!-- This site is optimized with the Yoast SEO plugin v26.8 - https:\/\/yoast.com\/product\/yoast-seo-wordpress\/ -->\n<title>Regimento do Programa de Resid\u00eancia em Inicia\u00e7\u00e3o Profissional em Zootecnia (PROREZ) - Instituto de Zootecnia<\/title>\n<meta name=\"robots\" content=\"index, follow, max-snippet:-1, max-image-preview:large, max-video-preview:-1\" \/>\n<link rel=\"canonical\" href=\"https:\/\/institutos.ufrrj.br\/iz\/regimento-do-programa-de-residencia-em-iniciacao-profissional-em-zootecnia-prorez\/\" \/>\n<meta property=\"og:locale\" content=\"pt_BR\" \/>\n<meta property=\"og:type\" content=\"article\" \/>\n<meta property=\"og:title\" content=\"Regimento do Programa de Resid\u00eancia em Inicia\u00e7\u00e3o Profissional em Zootecnia (PROREZ) - Instituto de Zootecnia\" \/>\n<meta property=\"og:description\" content=\"Aprovado pelo CEPE-UFRRJ (Delibera\u00e7\u00e3o 655\/2022).\" \/>\n<meta property=\"og:url\" content=\"https:\/\/institutos.ufrrj.br\/iz\/regimento-do-programa-de-residencia-em-iniciacao-profissional-em-zootecnia-prorez\/\" \/>\n<meta property=\"og:site_name\" content=\"Instituto de Zootecnia\" \/>\n<meta property=\"article:modified_time\" content=\"2023-01-13T00:22:25+00:00\" \/>\n<meta name=\"twitter:card\" content=\"summary_large_image\" \/>\n<script type=\"application\/ld+json\" class=\"yoast-schema-graph\">{\"@context\":\"https:\/\/schema.org\",\"@graph\":[{\"@type\":\"WebPage\",\"@id\":\"https:\/\/institutos.ufrrj.br\/iz\/regimento-do-programa-de-residencia-em-iniciacao-profissional-em-zootecnia-prorez\/\",\"url\":\"https:\/\/institutos.ufrrj.br\/iz\/regimento-do-programa-de-residencia-em-iniciacao-profissional-em-zootecnia-prorez\/\",\"name\":\"Regimento do Programa de Resid\u00eancia em Inicia\u00e7\u00e3o Profissional em Zootecnia (PROREZ) - Instituto de Zootecnia\",\"isPartOf\":{\"@id\":\"https:\/\/institutos.ufrrj.br\/iz\/#website\"},\"datePublished\":\"2023-01-05T19:31:40+00:00\",\"dateModified\":\"2023-01-13T00:22:25+00:00\",\"breadcrumb\":{\"@id\":\"https:\/\/institutos.ufrrj.br\/iz\/regimento-do-programa-de-residencia-em-iniciacao-profissional-em-zootecnia-prorez\/#breadcrumb\"},\"inLanguage\":\"pt-BR\",\"potentialAction\":[{\"@type\":\"ReadAction\",\"target\":[\"https:\/\/institutos.ufrrj.br\/iz\/regimento-do-programa-de-residencia-em-iniciacao-profissional-em-zootecnia-prorez\/\"]}]},{\"@type\":\"BreadcrumbList\",\"@id\":\"https:\/\/institutos.ufrrj.br\/iz\/regimento-do-programa-de-residencia-em-iniciacao-profissional-em-zootecnia-prorez\/#breadcrumb\",\"itemListElement\":[{\"@type\":\"ListItem\",\"position\":1,\"name\":\"In\u00edcio\",\"item\":\"https:\/\/institutos.ufrrj.br\/iz\/\"},{\"@type\":\"ListItem\",\"position\":2,\"name\":\"Regimento do Programa de Resid\u00eancia em Inicia\u00e7\u00e3o Profissional em Zootecnia (PROREZ)\"}]},{\"@type\":\"WebSite\",\"@id\":\"https:\/\/institutos.ufrrj.br\/iz\/#website\",\"url\":\"https:\/\/institutos.ufrrj.br\/iz\/\",\"name\":\"Instituto de Zootecnia\",\"description\":\"IZ\",\"publisher\":{\"@id\":\"https:\/\/institutos.ufrrj.br\/iz\/#organization\"},\"potentialAction\":[{\"@type\":\"SearchAction\",\"target\":{\"@type\":\"EntryPoint\",\"urlTemplate\":\"https:\/\/institutos.ufrrj.br\/iz\/?s={search_term_string}\"},\"query-input\":{\"@type\":\"PropertyValueSpecification\",\"valueRequired\":true,\"valueName\":\"search_term_string\"}}],\"inLanguage\":\"pt-BR\"},{\"@type\":\"Organization\",\"@id\":\"https:\/\/institutos.ufrrj.br\/iz\/#organization\",\"name\":\"Instituto de Zootecnia\",\"url\":\"https:\/\/institutos.ufrrj.br\/iz\/\",\"logo\":{\"@type\":\"ImageObject\",\"inLanguage\":\"pt-BR\",\"@id\":\"https:\/\/institutos.ufrrj.br\/iz\/#\/schema\/logo\/image\/\",\"url\":\"https:\/\/institutos.ufrrj.br\/iz\/wp-content\/uploads\/sites\/3\/2023\/01\/logo-iz2.jpg\",\"contentUrl\":\"https:\/\/institutos.ufrrj.br\/iz\/wp-content\/uploads\/sites\/3\/2023\/01\/logo-iz2.jpg\",\"width\":867,\"height\":900,\"caption\":\"Instituto de Zootecnia\"},\"image\":{\"@id\":\"https:\/\/institutos.ufrrj.br\/iz\/#\/schema\/logo\/image\/\"}}]}<\/script>\n<!-- \/ Yoast SEO plugin. -->","yoast_head_json":{"title":"Regimento do Programa de Resid\u00eancia em Inicia\u00e7\u00e3o Profissional em Zootecnia (PROREZ) - Instituto de Zootecnia","robots":{"index":"index","follow":"follow","max-snippet":"max-snippet:-1","max-image-preview":"max-image-preview:large","max-video-preview":"max-video-preview:-1"},"canonical":"https:\/\/institutos.ufrrj.br\/iz\/regimento-do-programa-de-residencia-em-iniciacao-profissional-em-zootecnia-prorez\/","og_locale":"pt_BR","og_type":"article","og_title":"Regimento do Programa de Resid\u00eancia em Inicia\u00e7\u00e3o Profissional em Zootecnia (PROREZ) - Instituto de Zootecnia","og_description":"Aprovado pelo CEPE-UFRRJ (Delibera\u00e7\u00e3o 655\/2022).","og_url":"https:\/\/institutos.ufrrj.br\/iz\/regimento-do-programa-de-residencia-em-iniciacao-profissional-em-zootecnia-prorez\/","og_site_name":"Instituto de Zootecnia","article_modified_time":"2023-01-13T00:22:25+00:00","twitter_card":"summary_large_image","schema":{"@context":"https:\/\/schema.org","@graph":[{"@type":"WebPage","@id":"https:\/\/institutos.ufrrj.br\/iz\/regimento-do-programa-de-residencia-em-iniciacao-profissional-em-zootecnia-prorez\/","url":"https:\/\/institutos.ufrrj.br\/iz\/regimento-do-programa-de-residencia-em-iniciacao-profissional-em-zootecnia-prorez\/","name":"Regimento do Programa de Resid\u00eancia em Inicia\u00e7\u00e3o Profissional em Zootecnia (PROREZ) - Instituto de Zootecnia","isPartOf":{"@id":"https:\/\/institutos.ufrrj.br\/iz\/#website"},"datePublished":"2023-01-05T19:31:40+00:00","dateModified":"2023-01-13T00:22:25+00:00","breadcrumb":{"@id":"https:\/\/institutos.ufrrj.br\/iz\/regimento-do-programa-de-residencia-em-iniciacao-profissional-em-zootecnia-prorez\/#breadcrumb"},"inLanguage":"pt-BR","potentialAction":[{"@type":"ReadAction","target":["https:\/\/institutos.ufrrj.br\/iz\/regimento-do-programa-de-residencia-em-iniciacao-profissional-em-zootecnia-prorez\/"]}]},{"@type":"BreadcrumbList","@id":"https:\/\/institutos.ufrrj.br\/iz\/regimento-do-programa-de-residencia-em-iniciacao-profissional-em-zootecnia-prorez\/#breadcrumb","itemListElement":[{"@type":"ListItem","position":1,"name":"In\u00edcio","item":"https:\/\/institutos.ufrrj.br\/iz\/"},{"@type":"ListItem","position":2,"name":"Regimento do Programa de Resid\u00eancia em Inicia\u00e7\u00e3o Profissional em Zootecnia (PROREZ)"}]},{"@type":"WebSite","@id":"https:\/\/institutos.ufrrj.br\/iz\/#website","url":"https:\/\/institutos.ufrrj.br\/iz\/","name":"Instituto de Zootecnia","description":"IZ","publisher":{"@id":"https:\/\/institutos.ufrrj.br\/iz\/#organization"},"potentialAction":[{"@type":"SearchAction","target":{"@type":"EntryPoint","urlTemplate":"https:\/\/institutos.ufrrj.br\/iz\/?s={search_term_string}"},"query-input":{"@type":"PropertyValueSpecification","valueRequired":true,"valueName":"search_term_string"}}],"inLanguage":"pt-BR"},{"@type":"Organization","@id":"https:\/\/institutos.ufrrj.br\/iz\/#organization","name":"Instituto de Zootecnia","url":"https:\/\/institutos.ufrrj.br\/iz\/","logo":{"@type":"ImageObject","inLanguage":"pt-BR","@id":"https:\/\/institutos.ufrrj.br\/iz\/#\/schema\/logo\/image\/","url":"https:\/\/institutos.ufrrj.br\/iz\/wp-content\/uploads\/sites\/3\/2023\/01\/logo-iz2.jpg","contentUrl":"https:\/\/institutos.ufrrj.br\/iz\/wp-content\/uploads\/sites\/3\/2023\/01\/logo-iz2.jpg","width":867,"height":900,"caption":"Instituto de Zootecnia"},"image":{"@id":"https:\/\/institutos.ufrrj.br\/iz\/#\/schema\/logo\/image\/"}}]}},"_links":{"self":[{"href":"https:\/\/institutos.ufrrj.br\/iz\/wp-json\/wp\/v2\/pages\/2820","targetHints":{"allow":["GET"]}}],"collection":[{"href":"https:\/\/institutos.ufrrj.br\/iz\/wp-json\/wp\/v2\/pages"}],"about":[{"href":"https:\/\/institutos.ufrrj.br\/iz\/wp-json\/wp\/v2\/types\/page"}],"author":[{"embeddable":true,"href":"https:\/\/institutos.ufrrj.br\/iz\/wp-json\/wp\/v2\/users\/23"}],"replies":[{"embeddable":true,"href":"https:\/\/institutos.ufrrj.br\/iz\/wp-json\/wp\/v2\/comments?post=2820"}],"version-history":[{"count":4,"href":"https:\/\/institutos.ufrrj.br\/iz\/wp-json\/wp\/v2\/pages\/2820\/revisions"}],"predecessor-version":[{"id":2834,"href":"https:\/\/institutos.ufrrj.br\/iz\/wp-json\/wp\/v2\/pages\/2820\/revisions\/2834"}],"wp:attachment":[{"href":"https:\/\/institutos.ufrrj.br\/iz\/wp-json\/wp\/v2\/media?parent=2820"}],"curies":[{"name":"wp","href":"https:\/\/api.w.org\/{rel}","templated":true}]}}