{"id":93,"date":"2017-05-17T10:48:02","date_gmt":"2017-05-17T13:48:02","guid":{"rendered":"http:\/\/institutos.ufrrj.br\/iz\/?page_id=93"},"modified":"2022-07-09T05:03:58","modified_gmt":"2022-07-09T08:03:58","slug":"menunovo","status":"publish","type":"page","link":"https:\/\/institutos.ufrrj.br\/iz\/menunovo\/","title":{"rendered":"Dire\u00e7\u00e3o do Instituto"},"content":{"rendered":"<p><\/p>\n<p><a href=\"https:\/\/institutos.ufrrj.br\/iz\/wp-content\/uploads\/sites\/3\/2022\/07\/Foto-Nivaldo.jpeg\"><img loading=\"lazy\" decoding=\"async\" class=\"alignnone size-medium wp-image-2560\" src=\"https:\/\/institutos.ufrrj.br\/iz\/wp-content\/uploads\/sites\/3\/2022\/07\/Foto-Nivaldo-196x300.jpeg\" alt=\"\" width=\"196\" height=\"300\" srcset=\"https:\/\/institutos.ufrrj.br\/iz\/wp-content\/uploads\/sites\/3\/2022\/07\/Foto-Nivaldo-196x300.jpeg 196w, https:\/\/institutos.ufrrj.br\/iz\/wp-content\/uploads\/sites\/3\/2022\/07\/Foto-Nivaldo.jpeg 588w\" sizes=\"auto, (max-width: 196px) 100vw, 196px\" \/><\/a><\/p>\n<p style=\"text-align: left\"><strong>Diretor &#8211; Nivaldo de Faria Sant&#8217; Ana<\/strong><\/p>\n<p style=\"text-align: left\">Zootecnista e Mestre em Zootecnia pela Universidade Federal Rural do Rio de Janeiro (UFRRJ), com Doutorado em Ci\u00eancia Animal pela Universidade Estadual do Norte Fluminense (UENF) e P\u00f3s-Doutorado em Ci\u00eancia da Carne pela Colorado State University (CSU). \u00c9 Professor do Departamento de Reprodu\u00e7\u00e3o e Avalia\u00e7\u00e3o Animal da UFRRJ desde 2009, ministrando disciplinas de gradua\u00e7\u00e3o e p\u00f3s-gradua\u00e7\u00e3o na \u00e1rea de qualidade de carne e carca\u00e7a. Foi Coordenador do Programa de P\u00f3s-Gradua\u00e7\u00e3o em Zootecnia da UFRRJ no bi\u00eanio 2012-2014 e Vice-diretor do Instituto de Zootecnia da UFRRJ entre 2014 e 2022. Atualmente \u00e9 o Diretor do Instituto de Zootecnia no quadri\u00eanio 2022-2026.<\/p>\n<p style=\"text-align: left\">Plataforma lattes: <a href=\"http:\/\/lattes.cnpq.br\/2245980565870872\">http:\/\/lattes.cnpq.br\/2245980565870872<\/a><\/p>\n<p><\/p>\n\n\n<figure class=\"wp-block-image size-full\"><a href=\"https:\/\/institutos.ufrrj.br\/iz\/wp-content\/uploads\/sites\/3\/2022\/07\/Sabrina.png\"><img loading=\"lazy\" decoding=\"async\" width=\"190\" height=\"260\" src=\"https:\/\/institutos.ufrrj.br\/iz\/wp-content\/uploads\/sites\/3\/2022\/07\/Sabrina.png\" alt=\"\" class=\"wp-image-2561\" \/><\/a><\/figure>\n\n\n\n<p><\/p>\n\n\n\n<p><strong>Vice-Diretora &#8211; Sabrina Luzia Gr\u00e9gio de Sousa<\/strong><\/p>\n\n\n\n<p>Zootecnista pela Universidade Federal Rural do Rio de Janeiro (UFRRJ), Mestre e Doutora em Ci\u00eancia Animal pela Universidade Estadual do Norte Fluminense (UENF). \u00c9 Professora do Departamento de Produ\u00e7\u00e3o Animal da UFRRJ desde 2014, ministrando disciplinas de gradua\u00e7\u00e3o e p\u00f3s-gradua\u00e7\u00e3o na \u00e1rea de bovinocultura de corte. Foi chefe do Departamento de Produ\u00e7\u00e3o Animal do IZ entre 2016-2022. Atualmente \u00e9 Vice-Diretora do Instituto de Zootecnia no quadri\u00eanio 2022-2026.<\/p>\n\n\n\n<p>Plataforma lattes: <a href=\"http:\/\/lattes.cnpq.br\/7924094518534133\">http:\/\/lattes.cnpq.br\/7924094518534133<\/a><\/p>\n","protected":false},"excerpt":{"rendered":"<p>Diretor &#8211; Nivaldo de Faria Sant&#8217; Ana Zootecnista e Mestre em Zootecnia pela Universidade Federal Rural do Rio de Janeiro (UFRRJ), com [&hellip;]<\/p>\n","protected":false},"author":20,"featured_media":0,"parent":0,"menu_order":0,"comment_status":"closed","ping_status":"closed","template":"","meta":{"_acf_changed":false,"_themeisle_gutenberg_block_has_review":false,"footnotes":"","_links_to":"","_links_to_target":""},"class_list":["post-93","page","type-page","status-publish","hentry"],"acf":[],"yoast_head":"<!-- This site is optimized with the Yoast SEO plugin v26.8 - https:\/\/yoast.com\/product\/yoast-seo-wordpress\/ -->\n<title>Dire\u00e7\u00e3o do Instituto - Instituto de Zootecnia<\/title>\n<meta name=\"robots\" content=\"index, follow, max-snippet:-1, max-image-preview:large, max-video-preview:-1\" \/>\n<link rel=\"canonical\" href=\"https:\/\/institutos.ufrrj.br\/iz\/menunovo\/\" \/>\n<meta property=\"og:locale\" content=\"pt_BR\" \/>\n<meta property=\"og:type\" content=\"article\" \/>\n<meta property=\"og:title\" content=\"Dire\u00e7\u00e3o do Instituto - Instituto de Zootecnia\" \/>\n<meta property=\"og:description\" content=\"Diretor &#8211; Nivaldo de Faria Sant&#8217; Ana Zootecnista e Mestre em Zootecnia pela Universidade Federal Rural do Rio de Janeiro (UFRRJ), com [&hellip;]\" \/>\n<meta property=\"og:url\" content=\"https:\/\/institutos.ufrrj.br\/iz\/menunovo\/\" \/>\n<meta property=\"og:site_name\" content=\"Instituto de Zootecnia\" \/>\n<meta property=\"article:modified_time\" content=\"2022-07-09T08:03:58+00:00\" \/>\n<meta property=\"og:image\" content=\"https:\/\/institutos.ufrrj.br\/iz\/wp-content\/uploads\/sites\/3\/2022\/07\/Foto-Nivaldo-196x300.jpeg\" \/>\n<meta name=\"twitter:card\" content=\"summary_large_image\" \/>\n<meta name=\"twitter:label1\" content=\"Est. tempo de leitura\" \/>\n\t<meta name=\"twitter:data1\" content=\"1 minuto\" \/>\n<script type=\"application\/ld+json\" class=\"yoast-schema-graph\">{\"@context\":\"https:\/\/schema.org\",\"@graph\":[{\"@type\":\"WebPage\",\"@id\":\"https:\/\/institutos.ufrrj.br\/iz\/menunovo\/\",\"url\":\"https:\/\/institutos.ufrrj.br\/iz\/menunovo\/\",\"name\":\"Dire\u00e7\u00e3o do Instituto - Instituto de Zootecnia\",\"isPartOf\":{\"@id\":\"https:\/\/institutos.ufrrj.br\/iz\/#website\"},\"primaryImageOfPage\":{\"@id\":\"https:\/\/institutos.ufrrj.br\/iz\/menunovo\/#primaryimage\"},\"image\":{\"@id\":\"https:\/\/institutos.ufrrj.br\/iz\/menunovo\/#primaryimage\"},\"thumbnailUrl\":\"https:\/\/institutos.ufrrj.br\/iz\/wp-content\/uploads\/sites\/3\/2022\/07\/Foto-Nivaldo-196x300.jpeg\",\"datePublished\":\"2017-05-17T13:48:02+00:00\",\"dateModified\":\"2022-07-09T08:03:58+00:00\",\"breadcrumb\":{\"@id\":\"https:\/\/institutos.ufrrj.br\/iz\/menunovo\/#breadcrumb\"},\"inLanguage\":\"pt-BR\",\"potentialAction\":[{\"@type\":\"ReadAction\",\"target\":[\"https:\/\/institutos.ufrrj.br\/iz\/menunovo\/\"]}]},{\"@type\":\"ImageObject\",\"inLanguage\":\"pt-BR\",\"@id\":\"https:\/\/institutos.ufrrj.br\/iz\/menunovo\/#primaryimage\",\"url\":\"https:\/\/institutos.ufrrj.br\/iz\/wp-content\/uploads\/sites\/3\/2022\/07\/Foto-Nivaldo.jpeg\",\"contentUrl\":\"https:\/\/institutos.ufrrj.br\/iz\/wp-content\/uploads\/sites\/3\/2022\/07\/Foto-Nivaldo.jpeg\",\"width\":588,\"height\":900},{\"@type\":\"BreadcrumbList\",\"@id\":\"https:\/\/institutos.ufrrj.br\/iz\/menunovo\/#breadcrumb\",\"itemListElement\":[{\"@type\":\"ListItem\",\"position\":1,\"name\":\"In\u00edcio\",\"item\":\"https:\/\/institutos.ufrrj.br\/iz\/\"},{\"@type\":\"ListItem\",\"position\":2,\"name\":\"Dire\u00e7\u00e3o do Instituto\"}]},{\"@type\":\"WebSite\",\"@id\":\"https:\/\/institutos.ufrrj.br\/iz\/#website\",\"url\":\"https:\/\/institutos.ufrrj.br\/iz\/\",\"name\":\"Instituto de Zootecnia\",\"description\":\"IZ\",\"publisher\":{\"@id\":\"https:\/\/institutos.ufrrj.br\/iz\/#organization\"},\"potentialAction\":[{\"@type\":\"SearchAction\",\"target\":{\"@type\":\"EntryPoint\",\"urlTemplate\":\"https:\/\/institutos.ufrrj.br\/iz\/?s={search_term_string}\"},\"query-input\":{\"@type\":\"PropertyValueSpecification\",\"valueRequired\":true,\"valueName\":\"search_term_string\"}}],\"inLanguage\":\"pt-BR\"},{\"@type\":\"Organization\",\"@id\":\"https:\/\/institutos.ufrrj.br\/iz\/#organization\",\"name\":\"Instituto de Zootecnia\",\"url\":\"https:\/\/institutos.ufrrj.br\/iz\/\",\"logo\":{\"@type\":\"ImageObject\",\"inLanguage\":\"pt-BR\",\"@id\":\"https:\/\/institutos.ufrrj.br\/iz\/#\/schema\/logo\/image\/\",\"url\":\"https:\/\/institutos.ufrrj.br\/iz\/wp-content\/uploads\/sites\/3\/2023\/01\/logo-iz2.jpg\",\"contentUrl\":\"https:\/\/institutos.ufrrj.br\/iz\/wp-content\/uploads\/sites\/3\/2023\/01\/logo-iz2.jpg\",\"width\":867,\"height\":900,\"caption\":\"Instituto de Zootecnia\"},\"image\":{\"@id\":\"https:\/\/institutos.ufrrj.br\/iz\/#\/schema\/logo\/image\/\"}}]}<\/script>\n<!-- \/ Yoast SEO plugin. -->","yoast_head_json":{"title":"Dire\u00e7\u00e3o do Instituto - Instituto de Zootecnia","robots":{"index":"index","follow":"follow","max-snippet":"max-snippet:-1","max-image-preview":"max-image-preview:large","max-video-preview":"max-video-preview:-1"},"canonical":"https:\/\/institutos.ufrrj.br\/iz\/menunovo\/","og_locale":"pt_BR","og_type":"article","og_title":"Dire\u00e7\u00e3o do Instituto - Instituto de Zootecnia","og_description":"Diretor &#8211; Nivaldo de Faria Sant&#8217; Ana Zootecnista e Mestre em Zootecnia pela Universidade Federal Rural do Rio de Janeiro (UFRRJ), com [&hellip;]","og_url":"https:\/\/institutos.ufrrj.br\/iz\/menunovo\/","og_site_name":"Instituto de Zootecnia","article_modified_time":"2022-07-09T08:03:58+00:00","og_image":[{"url":"https:\/\/institutos.ufrrj.br\/iz\/wp-content\/uploads\/sites\/3\/2022\/07\/Foto-Nivaldo-196x300.jpeg","type":"","width":"","height":""}],"twitter_card":"summary_large_image","twitter_misc":{"Est. tempo de leitura":"1 minuto"},"schema":{"@context":"https:\/\/schema.org","@graph":[{"@type":"WebPage","@id":"https:\/\/institutos.ufrrj.br\/iz\/menunovo\/","url":"https:\/\/institutos.ufrrj.br\/iz\/menunovo\/","name":"Dire\u00e7\u00e3o do Instituto - Instituto de Zootecnia","isPartOf":{"@id":"https:\/\/institutos.ufrrj.br\/iz\/#website"},"primaryImageOfPage":{"@id":"https:\/\/institutos.ufrrj.br\/iz\/menunovo\/#primaryimage"},"image":{"@id":"https:\/\/institutos.ufrrj.br\/iz\/menunovo\/#primaryimage"},"thumbnailUrl":"https:\/\/institutos.ufrrj.br\/iz\/wp-content\/uploads\/sites\/3\/2022\/07\/Foto-Nivaldo-196x300.jpeg","datePublished":"2017-05-17T13:48:02+00:00","dateModified":"2022-07-09T08:03:58+00:00","breadcrumb":{"@id":"https:\/\/institutos.ufrrj.br\/iz\/menunovo\/#breadcrumb"},"inLanguage":"pt-BR","potentialAction":[{"@type":"ReadAction","target":["https:\/\/institutos.ufrrj.br\/iz\/menunovo\/"]}]},{"@type":"ImageObject","inLanguage":"pt-BR","@id":"https:\/\/institutos.ufrrj.br\/iz\/menunovo\/#primaryimage","url":"https:\/\/institutos.ufrrj.br\/iz\/wp-content\/uploads\/sites\/3\/2022\/07\/Foto-Nivaldo.jpeg","contentUrl":"https:\/\/institutos.ufrrj.br\/iz\/wp-content\/uploads\/sites\/3\/2022\/07\/Foto-Nivaldo.jpeg","width":588,"height":900},{"@type":"BreadcrumbList","@id":"https:\/\/institutos.ufrrj.br\/iz\/menunovo\/#breadcrumb","itemListElement":[{"@type":"ListItem","position":1,"name":"In\u00edcio","item":"https:\/\/institutos.ufrrj.br\/iz\/"},{"@type":"ListItem","position":2,"name":"Dire\u00e7\u00e3o do Instituto"}]},{"@type":"WebSite","@id":"https:\/\/institutos.ufrrj.br\/iz\/#website","url":"https:\/\/institutos.ufrrj.br\/iz\/","name":"Instituto de Zootecnia","description":"IZ","publisher":{"@id":"https:\/\/institutos.ufrrj.br\/iz\/#organization"},"potentialAction":[{"@type":"SearchAction","target":{"@type":"EntryPoint","urlTemplate":"https:\/\/institutos.ufrrj.br\/iz\/?s={search_term_string}"},"query-input":{"@type":"PropertyValueSpecification","valueRequired":true,"valueName":"search_term_string"}}],"inLanguage":"pt-BR"},{"@type":"Organization","@id":"https:\/\/institutos.ufrrj.br\/iz\/#organization","name":"Instituto de Zootecnia","url":"https:\/\/institutos.ufrrj.br\/iz\/","logo":{"@type":"ImageObject","inLanguage":"pt-BR","@id":"https:\/\/institutos.ufrrj.br\/iz\/#\/schema\/logo\/image\/","url":"https:\/\/institutos.ufrrj.br\/iz\/wp-content\/uploads\/sites\/3\/2023\/01\/logo-iz2.jpg","contentUrl":"https:\/\/institutos.ufrrj.br\/iz\/wp-content\/uploads\/sites\/3\/2023\/01\/logo-iz2.jpg","width":867,"height":900,"caption":"Instituto de Zootecnia"},"image":{"@id":"https:\/\/institutos.ufrrj.br\/iz\/#\/schema\/logo\/image\/"}}]}},"_links":{"self":[{"href":"https:\/\/institutos.ufrrj.br\/iz\/wp-json\/wp\/v2\/pages\/93","targetHints":{"allow":["GET"]}}],"collection":[{"href":"https:\/\/institutos.ufrrj.br\/iz\/wp-json\/wp\/v2\/pages"}],"about":[{"href":"https:\/\/institutos.ufrrj.br\/iz\/wp-json\/wp\/v2\/types\/page"}],"author":[{"embeddable":true,"href":"https:\/\/institutos.ufrrj.br\/iz\/wp-json\/wp\/v2\/users\/20"}],"replies":[{"embeddable":true,"href":"https:\/\/institutos.ufrrj.br\/iz\/wp-json\/wp\/v2\/comments?post=93"}],"version-history":[{"count":6,"href":"https:\/\/institutos.ufrrj.br\/iz\/wp-json\/wp\/v2\/pages\/93\/revisions"}],"predecessor-version":[{"id":2563,"href":"https:\/\/institutos.ufrrj.br\/iz\/wp-json\/wp\/v2\/pages\/93\/revisions\/2563"}],"wp:attachment":[{"href":"https:\/\/institutos.ufrrj.br\/iz\/wp-json\/wp\/v2\/media?parent=93"}],"curies":[{"name":"wp","href":"https:\/\/api.w.org\/{rel}","templated":true}]}}